{"id":1004049,"date":"2025-06-30T15:14:12","date_gmt":"2025-06-30T13:14:12","guid":{"rendered":"https:\/\/www.lichtenfels.at\/neu\/?page_id=1004049"},"modified":"2025-06-30T21:08:54","modified_gmt":"2025-06-30T19:08:54","slug":"sommerfest","status":"publish","type":"page","link":"https:\/\/www.lichtenfels.at\/neu\/sommerfest\/","title":{"rendered":"Sommerfest 2025"},"content":{"rendered":"\n<figure class=\"wp-block-image size-full is-resized\"><a href=\"https:\/\/www.lichtenfels.at\/wp-content\/uploads\/2025\/06\/Einladung-zum-Sommerfest-2025.pdf\" target=\"_blank\" rel=\"noreferrer noopener\"><img fetchpriority=\"high\" src=\"https:\/\/www.lichtenfels.at\/wp-content\/uploads\/2025\/06\/sommerfest-_banner.jpg\" alt=\"\" class=\"wp-image-1005167\" width=\"669\" height=\"169\" srcset=\"https:\/\/www.lichtenfels.at\/wp-content\/uploads\/2025\/06\/sommerfest-_banner.jpg 892w, https:\/\/www.lichtenfels.at\/wp-content\/uploads\/2025\/06\/sommerfest-_banner-300x76.jpg 300w, https:\/\/www.lichtenfels.at\/wp-content\/uploads\/2025\/06\/sommerfest-_banner-768x194.jpg 768w\" sizes=\"(max-width: 669px) 100vw, 669px\" \/><\/a><\/figure>\n\n\n\n<p class=\"has-text-align-center\"><a href=\"https:\/\/www.lichtenfels.at\/wp-content\/uploads\/2025\/06\/Einladung-zum-Sommerfest-2025.pdf\" target=\"_blank\" rel=\"noreferrer noopener\">&gt;&gt; Einladung herunterladen<\/a><\/p>\n\n\n\n<div class=\"wp-block-media-text alignwide is-stacked-on-mobile\"><figure class=\"wp-block-media-text__media\"><img width=\"711\" height=\"375\" src=\"https:\/\/www.lichtenfels.at\/wp-content\/uploads\/2025\/06\/wetterprognose.jpeg\" alt=\"\" class=\"wp-image-1004270 size-full\" srcset=\"https:\/\/www.lichtenfels.at\/wp-content\/uploads\/2025\/06\/wetterprognose.jpeg 711w, https:\/\/www.lichtenfels.at\/wp-content\/uploads\/2025\/06\/wetterprognose-300x158.jpeg 300w\" sizes=\"(max-width: 711px) 100vw, 711px\" \/><\/figure><div class=\"wp-block-media-text__content\">\n<p class=\"has-black-color has-text-color\">Die Wetterprognose f\u00fcr Mittwoch ist grandios! Wir freuen uns auf ein wunderbares Sommerfest mit unseren Sch\u00fcler:innen, Lehrer:innen, Eltern, Gro\u00dfeltern, &#8230;<\/p>\n\n\n\n<p class=\"has-vivid-red-color has-text-color\">am <strong>2. Juli 2025, 14.30 &#8211; 18.30 Uhr<\/strong><\/p>\n\n\n\n<p class=\"has-black-color has-text-color\"><\/p>\n<\/div><\/div>\n","protected":false},"excerpt":{"rendered":"<p>&gt;&gt; Einladung herunterladen Die Wetterprognose f\u00fcr Mittwoch ist grandios! Wir freuen uns auf ein wunderbares Sommerfest mit unseren Sch\u00fcler:innen, Lehrer:innen, Eltern, Gro\u00dfeltern, &#8230; am 2. Juli 2025, 14.30 &#8211; 18.30\u2026 <a href=\"https:\/\/www.lichtenfels.at\/neu\/sommerfest\/\" class=\"read-more-link\">weiterlesen &rarr;<\/a><\/p>\n","protected":false},"author":22,"featured_media":0,"parent":0,"menu_order":0,"comment_status":"closed","ping_status":"closed","template":"","meta":[],"_links":{"self":[{"href":"https:\/\/www.lichtenfels.at\/neu\/wp-json\/wp\/v2\/pages\/1004049"}],"collection":[{"href":"https:\/\/www.lichtenfels.at\/neu\/wp-json\/wp\/v2\/pages"}],"about":[{"href":"https:\/\/www.lichtenfels.at\/neu\/wp-json\/wp\/v2\/types\/page"}],"author":[{"embeddable":true,"href":"https:\/\/www.lichtenfels.at\/neu\/wp-json\/wp\/v2\/users\/22"}],"replies":[{"embeddable":true,"href":"https:\/\/www.lichtenfels.at\/neu\/wp-json\/wp\/v2\/comments?post=1004049"}],"version-history":[{"count":6,"href":"https:\/\/www.lichtenfels.at\/neu\/wp-json\/wp\/v2\/pages\/1004049\/revisions"}],"predecessor-version":[{"id":1005834,"href":"https:\/\/www.lichtenfels.at\/neu\/wp-json\/wp\/v2\/pages\/1004049\/revisions\/1005834"}],"wp:attachment":[{"href":"https:\/\/www.lichtenfels.at\/neu\/wp-json\/wp\/v2\/media?parent=1004049"}],"curies":[{"name":"wp","href":"https:\/\/api.w.org\/{rel}","templated":true}]}}