{"id":170297,"date":"2018-11-21T14:48:22","date_gmt":"2018-11-21T13:48:22","guid":{"rendered":"http:\/\/www.lichtenfels.at\/neu\/?page_id=170297"},"modified":"2025-10-15T13:18:58","modified_gmt":"2025-10-15T11:18:58","slug":"schulbuffet","status":"publish","type":"page","link":"https:\/\/www.lichtenfels.at\/neu\/angebot\/schulbuffet\/","title":{"rendered":"Gesundes Essen am Lichtenfels"},"content":{"rendered":"\r\n<div>\r\n<p><img fetchpriority=\"high\" class=\" wp-image-989502 alignleft\" src=\"https:\/\/www.lichtenfels.at\/wp-content\/uploads\/2025\/04\/essen.jpg\" alt=\"\" width=\"242\" height=\"451\" srcset=\"https:\/\/www.lichtenfels.at\/wp-content\/uploads\/2025\/04\/essen.jpg 250w, https:\/\/www.lichtenfels.at\/wp-content\/uploads\/2025\/04\/essen-161x300.jpg 161w\" sizes=\"(max-width: 242px) 100vw, 242px\" \/>Mit Beginn des Schuljahres 2023\/24 haben wir das Thema Essen am Lichtenfels auf neue Beine gestellt. <br \/>Wichtig waren uns und dem gesamten Team des SGA folgende Eckpunkte: gesundes Essen, g\u00fcnstige Tarife und transparente Abrechnung, Nutzung von Synergien sowie umfassende Wertsch\u00e4tzung gegen\u00fcber den im Bereich \u201eEssen\u201c besch\u00e4ftigten Mitarbeiter:innen.<\/p>\r\n<\/div>\r\n<div>\r\n<p>Unser Schulbuffet wird von der <strong>Fa. SASt (Soziale Arbeit Steiermark)<\/strong> gef\u00fchrt und hat an Schultagen von 07.30 \u2013 14.00 Uhr ge\u00f6ffnet. \u00dcber die Zielsetzungen und sozialen Projekte von SASt k\u00f6nnen sie sich <a href=\"http:\/\/www.sast.at\/projekte_ams.php\" target=\"_blank\" rel=\"noopener\"><strong>&gt;&gt; HIER<\/strong><\/a> einen umfassenden \u00dcberblick verschaffen.<\/p>\r\n<p>Das <strong>Mittagessen<\/strong> wird von uns gemeinsam mit der <a href=\"https:\/\/prandia.at\/ueber-prandia\" target=\"_blank\" rel=\"noopener\"><strong>Fa. PRANDIA<\/strong><\/a> (Augustinum Graz) bereitgestellt. Es gibt t\u00e4glich ein 3-g\u00e4ngiges Men\u00fc (Mischkost, vegetarische Kost, Di\u00e4tkost). <strong><a href=\"https:\/\/lichtenfels-my.sharepoint.com\/:f:\/g\/personal\/dion_lichtenfels_at\/ErHfoRTtZ95JiYHyvvsfFZEB_I1kF3Rd7gJ_2hzaSQpb7Q?e=rrVdLo\" target=\"_blank\" rel=\"noopener\">&gt;&gt; aktuelle Men\u00fcpl\u00e4ne<\/a><\/strong><br \/><strong>Essensbestellungen jederzeit online <a href=\"https:\/\/forms.office.com\/Pages\/ResponsePage.aspx?id=WzGVVWxLi0-7pzosaG5HCgvUEX7fkKNMg17V7PXEejBUQ1pVN1dQTVgyVU5MS1hYMDBGSUtRTVpaNSQlQCNjPTEu\" target=\"_blank\" rel=\"noopener\">&gt;&gt; HIER<\/a><br \/><\/strong>Bestell\u00e4nderungen m\u00fcssen immer bis Donnerstag 9.00 Uhr erfolgen, damit diese f\u00fcr die Folgewoche ber\u00fccksichtigt werden k\u00f6nnen.<\/p>\r\n<p>Mittlerweile hat sich mit allen Mitarbeiter:innen im Bereich \u201eGesundes Essen am Lichtenfels\u201c eine gro\u00dfartige Synergie entwickelt: man arbeitet gemeinsam dort, wo viele H\u00e4nde gebraucht werden: in den Pausen am Schulbuffet, damit m\u00f6glichst viele in kurzer Zeit bedient werden k\u00f6nnen, und bei der Essensausgabe in der Schulk\u00fcche zwischen 13.00 und 14.15 Uhr.<\/p>\r\n<\/div>\r\n<div class=\"wp-block-file\"><a href=\"https:\/\/www.lichtenfels.at\/wp-content\/uploads\/2025\/09\/GESUNDES-ESSEN-AM-LICHTENFELS-Elternbrief-25-26.pdf\" target=\"_blank\" rel=\"noopener\">GESUNDES ESSEN AM LICHTENFELS &#8211; Elternbrief 25-26<\/a><\/div>\r\n","protected":false},"excerpt":{"rendered":"","protected":false},"author":5,"featured_media":0,"parent":17615,"menu_order":3,"comment_status":"closed","ping_status":"closed","template":"page-fullwidth.php","meta":[],"_links":{"self":[{"href":"https:\/\/www.lichtenfels.at\/neu\/wp-json\/wp\/v2\/pages\/170297"}],"collection":[{"href":"https:\/\/www.lichtenfels.at\/neu\/wp-json\/wp\/v2\/pages"}],"about":[{"href":"https:\/\/www.lichtenfels.at\/neu\/wp-json\/wp\/v2\/types\/page"}],"author":[{"embeddable":true,"href":"https:\/\/www.lichtenfels.at\/neu\/wp-json\/wp\/v2\/users\/5"}],"replies":[{"embeddable":true,"href":"https:\/\/www.lichtenfels.at\/neu\/wp-json\/wp\/v2\/comments?post=170297"}],"version-history":[{"count":42,"href":"https:\/\/www.lichtenfels.at\/neu\/wp-json\/wp\/v2\/pages\/170297\/revisions"}],"predecessor-version":[{"id":1044748,"href":"https:\/\/www.lichtenfels.at\/neu\/wp-json\/wp\/v2\/pages\/170297\/revisions\/1044748"}],"up":[{"embeddable":true,"href":"https:\/\/www.lichtenfels.at\/neu\/wp-json\/wp\/v2\/pages\/17615"}],"wp:attachment":[{"href":"https:\/\/www.lichtenfels.at\/neu\/wp-json\/wp\/v2\/media?parent=170297"}],"curies":[{"name":"wp","href":"https:\/\/api.w.org\/{rel}","templated":true}]}}