{"id":173137,"date":"2018-11-21T15:10:59","date_gmt":"2018-11-21T14:10:59","guid":{"rendered":"http:\/\/www.lichtenfels.at\/neu\/?page_id=173137"},"modified":"2021-12-09T17:08:24","modified_gmt":"2021-12-09T16:08:24","slug":"menue-schulbuffet-seite","status":"publish","type":"page","link":"https:\/\/www.lichtenfels.at\/neu\/angebot\/schulbuffet\/menue-schulbuffet-seite\/","title":{"rendered":"Men\u00fc Schulbuffet Seite"},"content":{"rendered":"<p>Tagesteller vom 6.-10.12<\/p>\n<p>Montag :Frittatensuppe oder gemischter Salat (A L)<br \/>\nMen\u00fc 1 :Reisfleisch (Huhn )<br \/>\nMen\u00fc 2 : Pikant gef\u00fcllte Bl\u00e4tterteigtaschen( AC)<br \/>\nDessert:Obst<\/p>\n<p>Dienstag :Nudelsuppe (L A) oder Tomatensalat<br \/>\nMen\u00fc 1 :Fischfilet im Backteig (DA) mit Senfso\u00dfe und bunte Gem\u00fcse<br \/>\nMen\u00fc 2 :Gnocchi in Sahnesauce (AG)<br \/>\nDessert :Gugelhupf (AC)<\/p>\n<p>Mittwoch : Feiertag<\/p>\n<p>Donnerstag :Frittatensuppe (LA) oder Gr\u00fcnen Salat<br \/>\nMen\u00fc 1 :H\u00fchnerbrust Hawaii mit Kartoffelp\u00fcree (G)<br \/>\nMen\u00fc 2 : Mit Linsen gef\u00fcllte Paprika auf Kr\u00e4utersugo(L C)<br \/>\nDessert :Vanillepudding (G)<\/p>\n<p>Freitag : Grie\u00dfnockerlsuppe (LC G) oder Gemischter Salat<br \/>\nMen\u00fc 1:K\u00f6nigsberger Klopse mit Salzkartoffeln und Babykarotten(GL)<br \/>\nMen\u00fc 2 : Baked Feta Pasta (GAC)<br \/>\nDessert :Apfelstrudel mit Vanilleso\u00dfe (AGC)<\/p>\n<p>Tagesteller vom 22.11.-26.11.<\/p>\n<p>Montag :<br \/>\nFritattensuppe (ACL) oder gemischter Salat<\/p>\n<p>Menu 1:Gegrillte Seehecht mit Reis und Broccoli (L)<\/p>\n<p>Menu 2: Kartoffelgulasch(L) mit Geb\u00e4ck(A)<\/p>\n<p>Dessert:Frisches Obt<\/p>\n<p>Dienstag: Broccolcreme suppe(L G) oder gr\u00fcnen Salat<\/p>\n<p>Men\u00fc 1 :H\u00fchnerschnitzel gebacken und Lauwarmen Kartoffelsalat mit Jungzwiebeln<\/p>\n<p>Men\u00fc 2 :Vegetarische Reispfanne mit Feta (L, G)<\/p>\n<p>Dessert :Streuselkuchen mit Obst (AGC)<\/p>\n<p>Mitwoch :Fritattensuppe (AL) oder Gurkensalat<\/p>\n<p>Men\u00fc 1 : Putenfrankfurter mit Kartoffelspalten und selbstgemachte Tomatensalsa<\/p>\n<p>Men\u00fc 2:K\u00e4sesp\u00e4tzle(AGC)<\/p>\n<p>Dessert : Sacherschitte(ACG)<\/p>\n<p>Donnerstag:Nudelsuppe (L) oder Tomatensalat<\/p>\n<p>Men\u00fc 1 :Nudelauflauf mit Schinken (A GCL)<\/p>\n<p>Men\u00fc 2 :Gem\u00fcseauflauf (L)<\/p>\n<p>Dessert : Erdbeercreme (G)<\/p>\n<p>Freitag : Grie\u00dfnockerlsuppe (L) oder gemischter Salat<\/p>\n<p>Men\u00fc : Gef\u00fcllte H\u00fchnerkeulen mit Risibisi (AGL)<\/p>\n<p>Men\u00fc 2 : Gem\u00fcse Faschiertes mit Kartoffelp\u00fcree und gebratenen Zwiebeln (LAC)<\/p>\n<p>Dessert :Bisqutroulade mit Schokolade(ACG)<\/p>\n<p>Tagesteller vom 29.11.- 3.12.<\/p>\n<p>Montag :Frittatensuppe oder gemischter Salat (A L)<br \/>\nMen\u00fc 1 :Vollkornspaghetti mit Lauchrahmsauce und H\u00fchnerstreifen (A G L)<br \/>\nMen\u00fc 2 : Kartoffel-Spinat Gratin mit Joghurt Kr\u00e4uter dressing(G)<br \/>\nDessert:Grie\u00dfkoch ( G)<\/p>\n<p>Dienstag :Nudelsuppe (L A) oder Tomatensalat<br \/>\nMen\u00fc 1 :Schweinebraten mit Sauerkraut und Semmelkn\u00f6del (L A C G)<br \/>\nMen\u00fc 2 : Karfiol-K\u00e4se Laibchen mit Cremespinat (A CGL)<br \/>\nDessert :Schokopudding( G)<\/p>\n<p>Mittwoch :Karottencremesuppe (L G) oder Gurkensalat<br \/>\nMen\u00fc 1 :Rinder-Gem\u00fcse Geschnetzeltes mit Reis (L)<br \/>\nMen\u00fc 2:Kichererbsen Eintopf mit Couscous (L)<br \/>\nDessert : Karottenkuchen (A C )<\/p>\n<p>Donnerstag :Frittatensuppe (LA) oder Gr\u00fcnen Salat<br \/>\nMen\u00fc 1 :Gegrillte Putenbrust mit Kr\u00e4uterbutter Kartoffelspalten und Gem\u00fcse Allerlei (L G)<br \/>\nMen\u00fc 2 :K\u00fcrbisrisotto<br \/>\nDessert :Obstsalat<\/p>\n<p>Freitag : Grie\u00dfnockerlsuppe (LC G) oder Gemischter Salat<br \/>\nMen\u00fc 1:Chicken Wings mit Mais und Knoblauchbaguette (AL GC)<br \/>\nMen\u00fc 2 :Gebackene Gem\u00fcse mit Schnittlauch &#8211; Sauerrahm Sauce(ACG)<br \/>\nDessert :Kaiserschmarrn mit Selbstgemachtem Apfelkompott (AGC)<\/p>\n<p>Guten Appetit und eine sch\u00f6ne Woche!<\/p>\n<p>Ich bitte h\u00f6fflichst um Vorbestellung<br \/>\nWhatsapp oder SMS .Telnr:068110545400<\/p>\n<p>A la carte<br \/>\nSpeisenauswahl f\u00fcr das Mittagessen<br \/>\nMahlzeit Preis<br \/>\nM1 Tagesteller 1 \u20ac 5,30<br \/>\nM2 Tagesteller 2 \u20ac 5,00<\/p>\n<p>a Frittatensuppe &#8211; Suppe in Kombination mit dem TM \u20ac 0,70<br \/>\ne Men\u00fcsalat in Kombination mit dem TM \u20ac 0,70 \u20ac 2,50<\/p>\n<p>Frischer gemischter Salat:<br \/>\nf gr\u00fcn, mit Tomaten, Gurken, Paprika, Ei \u20ac 2,80<br \/>\ng mit Schinken\/K\u00e4sestreifen oder Thunfisch, Schafsk\u00e4se, Mozzarella \u20ac 3,80<br \/>\nh mit Tomaten und Mozzarella \u20ac 5,20<br \/>\ni mit panierten H\u00fchnerstreifen \u20ac 5,20<br \/>\nj extra Zutat \u20ac 1,00<br \/>\nk extra Ei \u20ac 0,40<br \/>\nl mit Joghurt- oder Essig\/Kern\u00f6ldressing \u20ac 0,60<br \/>\nm Extra-Dip<\/p>\n<p>n Fladenbrot gef\u00fcllt mit Tomaten, Gurken, Zwiebel, Schafsk\u00e4se, Basilikumpesto<br \/>\nund Knoblauchdip \u20ac 5,20<br \/>\no Seehechtfilet, natur im Dinkelmantel \u20ac 3,20<br \/>\np mit Gem\u00fcse und\/oder Kartoffelspalten \u20ac 5,20<br \/>\nt Palatschinke mit Suppe \u20ac 3,20<br \/>\nu Palatschinke mit kleinem Salat \u20ac 3,80<br \/>\nv Spaghetti Pomodoro \u20ac 4,80<br \/>\nw Spaghetti Bolognese \u20ac 5,00<\/p>\n","protected":false},"excerpt":{"rendered":"<p>Tagesteller vom 6.-10.12 Montag :Frittatensuppe oder gemischter Salat (A L) Men\u00fc 1 :Reisfleisch (Huhn ) Men\u00fc 2 : Pikant gef\u00fcllte Bl\u00e4tterteigtaschen( AC) Dessert:Obst Dienstag :Nudelsuppe (L A) oder Tomatensalat Men\u00fc\u2026 <a href=\"https:\/\/www.lichtenfels.at\/neu\/angebot\/schulbuffet\/menue-schulbuffet-seite\/\" class=\"read-more-link\">weiterlesen &rarr;<\/a><\/p>\n","protected":false},"author":15,"featured_media":0,"parent":170297,"menu_order":0,"comment_status":"closed","ping_status":"closed","template":"page-fullwidth.php","meta":[],"_links":{"self":[{"href":"https:\/\/www.lichtenfels.at\/neu\/wp-json\/wp\/v2\/pages\/173137"}],"collection":[{"href":"https:\/\/www.lichtenfels.at\/neu\/wp-json\/wp\/v2\/pages"}],"about":[{"href":"https:\/\/www.lichtenfels.at\/neu\/wp-json\/wp\/v2\/types\/page"}],"author":[{"embeddable":true,"href":"https:\/\/www.lichtenfels.at\/neu\/wp-json\/wp\/v2\/users\/15"}],"replies":[{"embeddable":true,"href":"https:\/\/www.lichtenfels.at\/neu\/wp-json\/wp\/v2\/comments?post=173137"}],"version-history":[{"count":112,"href":"https:\/\/www.lichtenfels.at\/neu\/wp-json\/wp\/v2\/pages\/173137\/revisions"}],"predecessor-version":[{"id":684341,"href":"https:\/\/www.lichtenfels.at\/neu\/wp-json\/wp\/v2\/pages\/173137\/revisions\/684341"}],"up":[{"embeddable":true,"href":"https:\/\/www.lichtenfels.at\/neu\/wp-json\/wp\/v2\/pages\/170297"}],"wp:attachment":[{"href":"https:\/\/www.lichtenfels.at\/neu\/wp-json\/wp\/v2\/media?parent=173137"}],"curies":[{"name":"wp","href":"https:\/\/api.w.org\/{rel}","templated":true}]}}