{"id":18022,"date":"2018-09-15T11:30:47","date_gmt":"2018-09-15T09:30:47","guid":{"rendered":"http:\/\/www.lichtenfels.at\/neu\/?page_id=18022"},"modified":"2020-12-15T22:52:42","modified_gmt":"2020-12-15T21:52:42","slug":"team","status":"publish","type":"page","link":"https:\/\/www.lichtenfels.at\/neu\/team\/","title":{"rendered":"Team"},"content":{"rendered":"<div class=\"one_fourth\"><\/div>\n<div class=\"one_fourth\">\n<table>\n<tbody>\n<tr>\n<td><a href=\"https:\/\/www.lichtenfels.at\/neu\/team\/schulleitung\/\"><img class=\"alignnone wp-image-73230\" src=\"http:\/\/www.lichtenfels.at\/neu\/wp-content\/uploads\/2018\/09\/direktorin2.png\" alt=\"\" width=\"60\" height=\"60\" srcset=\"https:\/\/www.lichtenfels.at\/wp-content\/uploads\/2018\/09\/direktorin2.png 248w, https:\/\/www.lichtenfels.at\/wp-content\/uploads\/2018\/09\/direktorin2-150x150.png 150w, https:\/\/www.lichtenfels.at\/wp-content\/uploads\/2018\/09\/direktorin2-60x60.png 60w\" sizes=\"(max-width: 60px) 100vw, 60px\" \/><\/a><\/td>\n<td width=\"15px\"><\/td>\n<td style=\"vertical-align: middle;\"><a href=\"https:\/\/www.lichtenfels.at\/neu\/team\/schulleitung\/\">Schulleitung<\/a><\/td>\n<\/tr>\n<tr>\n<td><a href=\"https:\/\/www.lichtenfels.at\/neu\/team\/verwaltung\/\"><img class=\"alignnone wp-image-73517\" src=\"http:\/\/www.lichtenfels.at\/neu\/wp-content\/uploads\/2018\/09\/verwaltung.png\" alt=\"\" width=\"60\" height=\"60\" srcset=\"https:\/\/www.lichtenfels.at\/wp-content\/uploads\/2018\/09\/verwaltung.png 248w, https:\/\/www.lichtenfels.at\/wp-content\/uploads\/2018\/09\/verwaltung-150x150.png 150w, https:\/\/www.lichtenfels.at\/wp-content\/uploads\/2018\/09\/verwaltung-60x60.png 60w\" sizes=\"(max-width: 60px) 100vw, 60px\" \/><\/a><\/td>\n<td><\/td>\n<td style=\"vertical-align: middle;\"><a href=\"https:\/\/www.lichtenfels.at\/neu\/team\/verwaltung\/\">Verwaltung<\/a><\/td>\n<\/tr>\n<tr>\n<td><a href=\"https:\/\/www.lichtenfels.at\/neu\/team\/lehrerinnen\/\"><img class=\"alignnone wp-image-57792\" src=\"http:\/\/www.lichtenfels.at\/neu\/wp-content\/uploads\/2018\/09\/20-bg-brg-lichtenfels-schule-graz-gymnasium-realgymnasium-bildung-icons-1.png\" alt=\"\" width=\"60\" height=\"60\" srcset=\"https:\/\/www.lichtenfels.at\/wp-content\/uploads\/2018\/09\/20-bg-brg-lichtenfels-schule-graz-gymnasium-realgymnasium-bildung-icons-1.png 250w, https:\/\/www.lichtenfels.at\/wp-content\/uploads\/2018\/09\/20-bg-brg-lichtenfels-schule-graz-gymnasium-realgymnasium-bildung-icons-1-150x150.png 150w, https:\/\/www.lichtenfels.at\/wp-content\/uploads\/2018\/09\/20-bg-brg-lichtenfels-schule-graz-gymnasium-realgymnasium-bildung-icons-1-60x60.png 60w\" sizes=\"(max-width: 60px) 100vw, 60px\" \/><\/a><\/td>\n<td><\/td>\n<td style=\"vertical-align: middle;\"><a href=\"https:\/\/www.lichtenfels.at\/neu\/team\/lehrerinnen\/\">LehrerInnen<\/a><\/td>\n<\/tr>\n<tr>\n<td><a href=\"https:\/\/www.lichtenfels.at\/neu\/team\/sga\/\"><img loading=\"lazy\" class=\"alignnone wp-image-73506\" src=\"http:\/\/www.lichtenfels.at\/neu\/wp-content\/uploads\/2018\/09\/sga.png\" alt=\"\" width=\"60\" height=\"60\" srcset=\"https:\/\/www.lichtenfels.at\/wp-content\/uploads\/2018\/09\/sga.png 248w, https:\/\/www.lichtenfels.at\/wp-content\/uploads\/2018\/09\/sga-150x150.png 150w, https:\/\/www.lichtenfels.at\/wp-content\/uploads\/2018\/09\/sga-60x60.png 60w\" sizes=\"(max-width: 60px) 100vw, 60px\" \/><\/a><\/td>\n<td><\/td>\n<td style=\"vertical-align: middle;\"><a href=\"https:\/\/www.lichtenfels.at\/neu\/team\/sga\/\">SGA<\/a><\/td>\n<\/tr>\n<\/tbody>\n<\/table>\n<\/div>\n<div class=\"one_half last\">\n<table>\n<tbody>\n<tr>\n<td><a href=\"https:\/\/www.lichtenfels.at\/neu\/team\/schuelerinnenvertretung\/\"><img loading=\"lazy\" class=\"alignnone wp-image-58472\" src=\"http:\/\/www.lichtenfels.at\/neu\/wp-content\/uploads\/2018\/09\/69-bg-brg-lichtenfels-schule-graz-gymnasium-realgymnasium-bildung-icons-1.png\" alt=\"\" width=\"60\" height=\"60\" srcset=\"https:\/\/www.lichtenfels.at\/wp-content\/uploads\/2018\/09\/69-bg-brg-lichtenfels-schule-graz-gymnasium-realgymnasium-bildung-icons-1.png 247w, https:\/\/www.lichtenfels.at\/wp-content\/uploads\/2018\/09\/69-bg-brg-lichtenfels-schule-graz-gymnasium-realgymnasium-bildung-icons-1-150x150.png 150w, https:\/\/www.lichtenfels.at\/wp-content\/uploads\/2018\/09\/69-bg-brg-lichtenfels-schule-graz-gymnasium-realgymnasium-bildung-icons-1-60x60.png 60w\" sizes=\"(max-width: 60px) 100vw, 60px\" \/><\/a><\/td>\n<td width=\"15px\"><\/td>\n<td style=\"vertical-align: middle;\"><a href=\"https:\/\/www.lichtenfels.at\/neu\/team\/schuelerinnenvertretung\/\">Sch\u00fclerInnenvertretung<\/a><\/td>\n<\/tr>\n<tr>\n<td><a href=\"https:\/\/www.lichtenfels.at\/neu\/team\/schuelerinnen\/\"><img loading=\"lazy\" class=\"alignnone wp-image-73484\" src=\"http:\/\/www.lichtenfels.at\/neu\/wp-content\/uploads\/2018\/09\/sch\u00fclerinnen.png\" alt=\"\" width=\"60\" height=\"60\" srcset=\"https:\/\/www.lichtenfels.at\/wp-content\/uploads\/2018\/09\/sch\u00fclerinnen.png 248w, https:\/\/www.lichtenfels.at\/wp-content\/uploads\/2018\/09\/sch\u00fclerinnen-150x150.png 150w, https:\/\/www.lichtenfels.at\/wp-content\/uploads\/2018\/09\/sch\u00fclerinnen-60x60.png 60w\" sizes=\"(max-width: 60px) 100vw, 60px\" \/><\/a><\/td>\n<td><\/td>\n<td style=\"vertical-align: middle;\"><a href=\"https:\/\/www.lichtenfels.at\/neu\/team\/schuelerinnen\/\">Sch\u00fclerInnen<\/a><\/td>\n<\/tr>\n<tr>\n<td><a href=\"https:\/\/www.lichtenfels.at\/neu\/team\/schulaerztinnen\/\"><img loading=\"lazy\" class=\"alignnone wp-image-73451\" src=\"http:\/\/www.lichtenfels.at\/neu\/wp-content\/uploads\/2018\/09\/artzt.png\" alt=\"\" width=\"60\" height=\"60\" srcset=\"https:\/\/www.lichtenfels.at\/wp-content\/uploads\/2018\/09\/artzt.png 248w, https:\/\/www.lichtenfels.at\/wp-content\/uploads\/2018\/09\/artzt-150x150.png 150w, https:\/\/www.lichtenfels.at\/wp-content\/uploads\/2018\/09\/artzt-60x60.png 60w\" sizes=\"(max-width: 60px) 100vw, 60px\" \/><\/a><\/td>\n<td><\/td>\n<td style=\"vertical-align: middle;\"><a href=\"https:\/\/www.lichtenfels.at\/neu\/team\/schulaerztinnen\/\">Schul\u00e4rztInnen<\/a><\/td>\n<\/tr>\n<tr>\n<td><a href=\"https:\/\/www.lichtenfels.at\/neu\/team\/schulpsychologin\/\"><img loading=\"lazy\" class=\"alignnone wp-image-73495\" src=\"http:\/\/www.lichtenfels.at\/neu\/wp-content\/uploads\/2018\/09\/schulpsychologin.png\" alt=\"\" width=\"60\" height=\"60\" srcset=\"https:\/\/www.lichtenfels.at\/wp-content\/uploads\/2018\/09\/schulpsychologin.png 248w, https:\/\/www.lichtenfels.at\/wp-content\/uploads\/2018\/09\/schulpsychologin-150x150.png 150w, https:\/\/www.lichtenfels.at\/wp-content\/uploads\/2018\/09\/schulpsychologin-60x60.png 60w\" sizes=\"(max-width: 60px) 100vw, 60px\" \/><\/a><\/td>\n<td><\/td>\n<td style=\"vertical-align: middle;\"><a href=\"https:\/\/www.lichtenfels.at\/neu\/team\/schulpsychologin\/\">Schulpsychologin<\/a><\/td>\n<\/tr>\n<\/tbody>\n<\/table>\n<\/div>\n<div class=\"clear\"><\/div>\n","protected":false},"excerpt":{"rendered":"<p>Schulleitung Verwaltung LehrerInnen SGA Sch\u00fclerInnenvertretung Sch\u00fclerInnen Schul\u00e4rztInnen Schulpsychologin<\/p>\n","protected":false},"author":3,"featured_media":0,"parent":0,"menu_order":3,"comment_status":"closed","ping_status":"closed","template":"page-fullwidth.php","meta":[],"_links":{"self":[{"href":"https:\/\/www.lichtenfels.at\/neu\/wp-json\/wp\/v2\/pages\/18022"}],"collection":[{"href":"https:\/\/www.lichtenfels.at\/neu\/wp-json\/wp\/v2\/pages"}],"about":[{"href":"https:\/\/www.lichtenfels.at\/neu\/wp-json\/wp\/v2\/types\/page"}],"author":[{"embeddable":true,"href":"https:\/\/www.lichtenfels.at\/neu\/wp-json\/wp\/v2\/users\/3"}],"replies":[{"embeddable":true,"href":"https:\/\/www.lichtenfels.at\/neu\/wp-json\/wp\/v2\/comments?post=18022"}],"version-history":[{"count":14,"href":"https:\/\/www.lichtenfels.at\/neu\/wp-json\/wp\/v2\/pages\/18022\/revisions"}],"predecessor-version":[{"id":549453,"href":"https:\/\/www.lichtenfels.at\/neu\/wp-json\/wp\/v2\/pages\/18022\/revisions\/549453"}],"wp:attachment":[{"href":"https:\/\/www.lichtenfels.at\/neu\/wp-json\/wp\/v2\/media?parent=18022"}],"curies":[{"name":"wp","href":"https:\/\/api.w.org\/{rel}","templated":true}]}}