{"id":189717,"date":"2018-11-27T11:50:11","date_gmt":"2018-11-27T10:50:11","guid":{"rendered":"http:\/\/www.lichtenfels.at\/neu\/?page_id=189717"},"modified":"2026-01-09T09:47:27","modified_gmt":"2026-01-09T08:47:27","slug":"themenkoerbe-matura","status":"publish","type":"page","link":"https:\/\/www.lichtenfels.at\/neu\/service\/neue-reifepruefung-vwa\/themenkoerbe-matura\/","title":{"rendered":"Themenk\u00f6rbe f\u00fcr die m\u00fcndliche Reifepr\u00fcfung"},"content":{"rendered":"\t\t<div data-elementor-type=\"wp-page\" data-elementor-id=\"189717\" class=\"elementor elementor-189717\">\n\t\t\t\t\t\t<section class=\"elementor-section elementor-top-section elementor-element elementor-element-2cf2baab elementor-section-boxed elementor-section-height-default elementor-section-height-default\" data-id=\"2cf2baab\" data-element_type=\"section\">\n\t\t\t\t\t\t<div class=\"elementor-container elementor-column-gap-default\">\n\t\t\t\t\t<div class=\"elementor-column elementor-col-100 elementor-top-column elementor-element elementor-element-48ea2475\" data-id=\"48ea2475\" data-element_type=\"column\">\n\t\t\t<div class=\"elementor-widget-wrap elementor-element-populated\">\n\t\t\t\t\t\t<div class=\"elementor-element elementor-element-11fbc214 elementor-widget elementor-widget-text-editor\" data-id=\"11fbc214\" data-element_type=\"widget\" data-widget_type=\"text-editor.default\">\n\t\t\t\t<div class=\"elementor-widget-container\">\n\t\t\t<style>\/*! elementor - v3.23.0 - 05-08-2024 *\/\n.elementor-widget-text-editor.elementor-drop-cap-view-stacked .elementor-drop-cap{background-color:#69727d;color:#fff}.elementor-widget-text-editor.elementor-drop-cap-view-framed .elementor-drop-cap{color:#69727d;border:3px solid;background-color:transparent}.elementor-widget-text-editor:not(.elementor-drop-cap-view-default) .elementor-drop-cap{margin-top:8px}.elementor-widget-text-editor:not(.elementor-drop-cap-view-default) .elementor-drop-cap-letter{width:1em;height:1em}.elementor-widget-text-editor .elementor-drop-cap{float:left;text-align:center;line-height:1;font-size:50px}.elementor-widget-text-editor .elementor-drop-cap-letter{display:inline-block}<\/style>\t\t\t\t<h1>Themenk\u00f6rbe f\u00fcr die m\u00fcndliche Reifepr\u00fcfung 2025\/26<\/h1>\n<p><div class=\"custom-table-1\"><\/p>\n<table border=\"2\" width=\"100%\">\n<tbody>\n<tr>\n<td>\n<h2>Fach<\/h2>\n<\/td>\n<td>\n<h2>Download<\/h2>\n<\/td>\n<\/tr>\n<tr>\n<td>Bildnerische Erziehung<\/td>\n<td><a href=\"https:\/\/www.lichtenfels.at\/wp-content\/uploads\/2025\/11\/BE_MK_25-26.pdf\">BE_MK_25-26<\/a><br><a href=\"https:\/\/www.lichtenfels.at\/wp-content\/uploads\/2025\/11\/BE_SU_25-26.pdf\">BE_SU_25-26<\/a><\/td>\n<\/tr>\n<tr>\n<td>Biologie<\/td>\n<td>\n<p><a href=\"https:\/\/www.lichtenfels.at\/wp-content\/uploads\/2025\/11\/BIO_LJ_RG_25-26.pdf\">BIO_LJ_RG_25-26<\/a><\/p><p><a href=\"https:\/\/www.lichtenfels.at\/wp-content\/uploads\/2026\/01\/BIO_DE_RG_25-26.pdf\" style=\"font-style: normal; font-variant-ligatures: normal; font-variant-caps: normal; font-weight: 400; font-size: 13px; font-family: Roboto, sans-serif; color: rgb(102, 102, 102); transition-property: all;\">BIO_DG_RG_25-26<\/a><\/p>\n<p><a href=\"https:\/\/www.lichtenfels.at\/wp-content\/uploads\/2025\/11\/BIO_PS_G_25-26.pdf\">BIO_PS_G_25-26<\/a><br><a href=\"https:\/\/www.lichtenfels.at\/wp-content\/uploads\/2025\/11\/BIO_SBR_G_25-26.pdf\">BIO_SBR_G_25-26<\/a><\/p>\n<br>\n<\/td>\n<\/tr>\n<tr>\n<td>Chemie<\/td>\n<td><a href=\"https:\/\/www.lichtenfels.at\/wp-content\/uploads\/2025\/11\/CH_PS_RG_25-26.pdf\">CH_PS_RG_25-26<\/a><br><a href=\"https:\/\/www.lichtenfels.at\/wp-content\/uploads\/2025\/11\/CH_SBR_G_25-26.pdf\">CH_SBR_G_25-26<\/a><br><a href=\"https:\/\/www.lichtenfels.at\/wp-content\/uploads\/2025\/11\/CH_SBR_RG_25-26.pdf\">CH_SBR_RG_25-26<\/a><\/td>\n<\/tr>\n<tr>\n<td>Darstellende Geometrie<\/td>\n<td><a href=\"https:\/\/www.lichtenfels.at\/wp-content\/uploads\/2025\/11\/DG_25-26.pdf\">DG_25-26<\/a><\/td>\n<\/tr>\n<tr>\n<td>Deutsch<\/td>\n<td>\n<p><a href=\"https:\/\/www.lichtenfels.at\/wp-content\/uploads\/2025\/11\/D_BI_KB_25-26.pdf\">D_BI_KB_25-26<\/a><\/p>\n<p><a href=\"https:\/\/www.lichtenfels.at\/wp-content\/uploads\/2025\/11\/D_LB_25-26.pdf\">D_LB_25-26<\/a><\/p>\n<\/td>\n<\/tr>\n<tr>\n<td>Englisch<\/td>\n<td><a href=\"https:\/\/www.lichtenfels.at\/wp-content\/uploads\/2025\/11\/E_25-26.pdf\">E_25-26<\/a><\/td>\n<\/tr>\n<tr>\n<td>Ethik<\/td>\n<td><a href=\"https:\/\/www.lichtenfels.at\/wp-content\/uploads\/2025\/11\/ETH_25-26.pdf\">ETH_25-26<\/a><\/td>\n<\/tr>\n<tr>\n<td>Franz\u00f6sisch<\/td>\n<td><a href=\"https:\/\/www.lichtenfels.at\/wp-content\/uploads\/2025\/11\/F4_25-26.pdf\">F4_25-26<\/a><br><a href=\"https:\/\/www.lichtenfels.at\/wp-content\/uploads\/2025\/11\/F6_25-26.pdf\">F6_25-26<\/a><\/td>\n<\/tr>\n<tr>\n<td>Geschichte und Politische Bildung<\/td>\n<td><a href=\"https:\/\/www.lichtenfels.at\/wp-content\/uploads\/2025\/11\/GSPB_25-26.pdf\">GSPB_25-26<\/a><\/td>\n<\/tr>\n<tr>\n<td>Geografie und Wirtschaftskunde<\/td>\n<td><a href=\"https:\/\/www.lichtenfels.at\/wp-content\/uploads\/2025\/11\/GWB_25-26.pdf\">GWB_25-26<\/a><\/td>\n<\/tr>\n<tr>\n<td>Italienisch<\/td>\n<td><a href=\"https:\/\/www.lichtenfels.at\/wp-content\/uploads\/2025\/11\/IT_25_26.pdf\">IT_25-26<\/a><\/td>\n<\/tr>\n<tr>\n<td>Latein<\/td>\n<td><a href=\"https:\/\/www.lichtenfels.at\/wp-content\/uploads\/2025\/11\/L4_25-26.pdf\">L4_25-26<\/a><br><a href=\"https:\/\/www.lichtenfels.at\/wp-content\/uploads\/2025\/11\/L6_25-26.pdf\">L6_25-26<\/a><\/td>\n<\/tr>\n<tr>\n<td>Mathematik<\/td>\n<td><a href=\"https:\/\/www.lichtenfels.at\/wp-content\/uploads\/2025\/11\/M_25-26.pdf\">M_25-26<\/a><br><a href=\"https:\/\/www.lichtenfels.at\/wp-content\/uploads\/2025\/11\/M_RG_LU__25-26.pdf\">M_RG_LU__25-26<\/a><\/td>\n<\/tr>\n<tr>\n<td>Musikerziehung<\/td>\n<td><a href=\"https:\/\/www.lichtenfels.at\/wp-content\/uploads\/2025\/11\/MU_25-26.pdf\">MU_25-26<\/a><\/td>\n<\/tr>\n<tr>\n<td>Psychologie und Philosophie<\/td>\n<td><a href=\"https:\/\/www.lichtenfels.at\/wp-content\/uploads\/2025\/11\/PUP_25-26.pdf\">PUP_25-26<\/a><\/td>\n<\/tr>\n<tr>\n<td>Religion Evangelisch<\/td>\n<td><a href=\"https:\/\/www.lichtenfels.at\/wp-content\/uploads\/2025\/11\/RE_25-26.pdf\">RE_25-26<\/a><\/td>\n<\/tr>\n<tr>\n<td>Religion islam.<\/td>\n<td><a href=\"https:\/\/www.lichtenfels.at\/wp-content\/uploads\/2025\/11\/RISL_25-26.pdf\">RISL_25-26<\/a><\/td>\n<\/tr>\n<tr>\n<td>Religion R\u00f6m. kath.<\/td>\n<td><p><a href=\"https:\/\/www.lichtenfels.at\/wp-content\/uploads\/2025\/11\/RK_GG_25-26.pdf\">RK_GG_25-26<\/a><br><a href=\"https:\/\/www.lichtenfels.at\/wp-content\/uploads\/2025\/11\/RK_SH_25-26.pdf\">RK_SH_25-26<\/a><br><a href=\"https:\/\/www.lichtenfels.at\/wp-content\/uploads\/2025\/11\/RK_WR_25-26.pdf\">RK_WR_25-26<\/a><\/p>\n<p><a href=\"https:\/\/www.lichtenfels.at\/wp-content\/uploads\/2025\/12\/RK_KC_25-26.pdf\">RK_KC_25-26<\/a><\/p>\n<\/td>\n<\/tr>\n<\/tbody>\n<\/table>\n<h1>Wahlpflichtf\u00e4cher<\/h1>\n<table border=\"2\" width=\"100%\">\n<tbody>\n<tr>\n<td>Biologie<\/td>\n<td><a href=\"https:\/\/www.lichtenfels.at\/wp-content\/uploads\/2025\/11\/WPF_BIO_KT_25-26.pdf\">WPF_BIO_KT_25-26<\/a><\/td>\n<\/tr>\n<tr>\n<td>Biologie \u2013 Physik \u2013 Sportkunde<\/td>\n<td><a href=\"https:\/\/www.lichtenfels.at\/wp-content\/uploads\/2025\/11\/WPF_BIPHYS_25-26.pdf\">WPF_BIPHYS_25-26<\/a><\/td>\n<\/tr>\n<tr>\n<td>Kommunikation, Kreativit\u00e4t &amp; Pers\u00f6nlichkeitsentwicklung<\/td>\n<td><a href=\"https:\/\/www.lichtenfels.at\/wp-content\/uploads\/2025\/11\/WPF_KKP_25-26.pdf\">WPF_KKP_25-26<\/a><\/td>\n<\/tr>\n<tr>\n<td>Psychologie und Philosophie<\/td>\n<td><a href=\"https:\/\/www.lichtenfels.at\/wp-content\/uploads\/2025\/11\/WPF_PUP_25-26.pdf\">WPF_PUP_25-26<\/a><\/td>\n<\/tr>\n<tr>\n<td>Japanisch<\/td>\n<td><a href=\"https:\/\/www.lichtenfels.at\/wp-content\/uploads\/2025\/11\/WPF_Japanisch_25-26.pdf\">WPF_Japanisch_25-26<\/a><\/td>\n<\/tr>\n<\/tbody>\n<\/table>\n<p><\/div><\/p>\t\t\t\t\t\t<\/div>\n\t\t\t\t<\/div>\n\t\t\t\t\t<\/div>\n\t\t<\/div>\n\t\t\t\t\t<\/div>\n\t\t<\/section>\n\t\t\t\t<\/div>\n\t\t","protected":false},"excerpt":{"rendered":"<p>Themenk\u00f6rbe f\u00fcr die m\u00fcndliche Reifepr\u00fcfung 2025\/26 Fach Download Bildnerische Erziehung BE_MK_25-26BE_SU_25-26 Biologie BIO_LJ_RG_25-26 BIO_DG_RG_25-26 BIO_PS_G_25-26BIO_SBR_G_25-26 Chemie CH_PS_RG_25-26CH_SBR_G_25-26CH_SBR_RG_25-26 Darstellende Geometrie DG_25-26 Deutsch D_BI_KB_25-26 D_LB_25-26 Englisch E_25-26 Ethik ETH_25-26 Franz\u00f6sisch F4_25-26F6_25-26 Geschichte\u2026 <a href=\"https:\/\/www.lichtenfels.at\/neu\/service\/neue-reifepruefung-vwa\/themenkoerbe-matura\/\" class=\"read-more-link\">weiterlesen &rarr;<\/a><\/p>\n","protected":false},"author":3,"featured_media":0,"parent":21569,"menu_order":0,"comment_status":"closed","ping_status":"closed","template":"page-fullwidth.php","meta":[],"_links":{"self":[{"href":"https:\/\/www.lichtenfels.at\/neu\/wp-json\/wp\/v2\/pages\/189717"}],"collection":[{"href":"https:\/\/www.lichtenfels.at\/neu\/wp-json\/wp\/v2\/pages"}],"about":[{"href":"https:\/\/www.lichtenfels.at\/neu\/wp-json\/wp\/v2\/types\/page"}],"author":[{"embeddable":true,"href":"https:\/\/www.lichtenfels.at\/neu\/wp-json\/wp\/v2\/users\/3"}],"replies":[{"embeddable":true,"href":"https:\/\/www.lichtenfels.at\/neu\/wp-json\/wp\/v2\/comments?post=189717"}],"version-history":[{"count":78,"href":"https:\/\/www.lichtenfels.at\/neu\/wp-json\/wp\/v2\/pages\/189717\/revisions"}],"predecessor-version":[{"id":1081141,"href":"https:\/\/www.lichtenfels.at\/neu\/wp-json\/wp\/v2\/pages\/189717\/revisions\/1081141"}],"up":[{"embeddable":true,"href":"https:\/\/www.lichtenfels.at\/neu\/wp-json\/wp\/v2\/pages\/21569"}],"wp:attachment":[{"href":"https:\/\/www.lichtenfels.at\/neu\/wp-json\/wp\/v2\/media?parent=189717"}],"curies":[{"name":"wp","href":"https:\/\/api.w.org\/{rel}","templated":true}]}}