{"id":19137,"date":"2018-09-15T11:38:59","date_gmt":"2018-09-15T09:38:59","guid":{"rendered":"http:\/\/www.lichtenfels.at\/neu\/?page_id=19137"},"modified":"2020-12-15T22:29:37","modified_gmt":"2020-12-15T21:29:37","slug":"schulveranstaltungen","status":"publish","type":"page","link":"https:\/\/www.lichtenfels.at\/neu\/angebot\/schulveranstaltungen\/","title":{"rendered":"Schulveranstaltungen"},"content":{"rendered":"<div class=\"one_fourth\">\n<p style=\"text-align: center;\"><a href=\"https:\/\/www.lichtenfels.at\/neu\/angebot\/schulveranstaltungen\/infos-zu-schulveranstaltungen\/\" rel=\"noopener\"><img src=\"http:\/\/www.lichtenfels.at\/wp-content\/uploads\/2019\/01\/info.jpg\" alt=\"\" width=\"60\" height=\"60\" \/><br \/>\nInfos zu Schulveranstaltungen<\/a><\/p>\n<p>&nbsp;<\/p>\n<p style=\"text-align: center;\"><a href=\"https:\/\/www.lichtenfels.at\/neu\/aktuelles\/blog-2\/\"><img src=\"http:\/\/www.lichtenfels.at\/wp-content\/uploads\/2018\/09\/25-bg-brg-lichtenfels-schule-graz-gymnasium-realgymnasium-bildung-icons-1.png\" alt=\"\" width=\"60\" height=\"60\" \/><br \/>\nBerichte und Fotos<\/a><\/p>\n<\/div>\n<div class=\"three_fourth last\">\n<h1>Schulveranstaltungen<\/h1>\n<p>Zahlreiche ein- und mehrt\u00e4gige sprachliche, naturwissenschaftliche und sportliche Schulveranstaltungen erg\u00e4nzen und vertiefen den Regelunterricht, verst\u00e4rken die schulautonomen Zielsetzungen und f\u00f6rdern den Zusammenhalt in der Klassen- und Schulgemeinschaft.<\/p>\n<p>&nbsp;<\/p>\n<p><img fetchpriority=\"high\" class=\" wp-image-62388 aligncenter\" src=\"http:\/\/www.lichtenfels.at\/neu\/wp-content\/uploads\/2018\/09\/Bg-Brg-Lichtenfels-Schule-Bildungsplan-Uebersicht-Ansicht-Schule-Graz-Gymnasium-Realgymnasium-Graz-3-1-254x300.png\" alt=\"Schulveranstaltungen\" width=\"285\" height=\"337\" srcset=\"https:\/\/www.lichtenfels.at\/wp-content\/uploads\/2018\/09\/Bg-Brg-Lichtenfels-Schule-Bildungsplan-Uebersicht-Ansicht-Schule-Graz-Gymnasium-Realgymnasium-Graz-3-1-254x300.png 254w, https:\/\/www.lichtenfels.at\/wp-content\/uploads\/2018\/09\/Bg-Brg-Lichtenfels-Schule-Bildungsplan-Uebersicht-Ansicht-Schule-Graz-Gymnasium-Realgymnasium-Graz-3-1-768x907.png 768w, https:\/\/www.lichtenfels.at\/wp-content\/uploads\/2018\/09\/Bg-Brg-Lichtenfels-Schule-Bildungsplan-Uebersicht-Ansicht-Schule-Graz-Gymnasium-Realgymnasium-Graz-3-1-868x1024.png 868w, https:\/\/www.lichtenfels.at\/wp-content\/uploads\/2018\/09\/Bg-Brg-Lichtenfels-Schule-Bildungsplan-Uebersicht-Ansicht-Schule-Graz-Gymnasium-Realgymnasium-Graz-3-1.png 948w\" sizes=\"(max-width: 285px) 100vw, 285px\" \/><\/p>\n<p>&nbsp;<\/p>\n<p>Zu den lieb gewonnen Traditionen z\u00e4hlen auch die meist 1-2 t\u00e4gigen Projekttage nach der Beurteilungskonferenz des 2. Semesters sowie die Fu\u00dfwallfahrt nach Mariazell oder Seckau.<\/p>\n<p>Lehrausg\u00e4nge anl\u00e4sslich aktueller Ereignisse und Veranstaltungen bieten sich aufgrund der g\u00fcnstigen Lage unserer Schule an und werden eifrig genutzt. Dazu z\u00e4hlen unter anderem Museums- und Ausstellungsbesuche, Theater- und Musicalauff\u00fchrungen im Opern- und Schauspielhaus oder dem Jugendtheater Next Liberty, Besuche an h\u00f6heren Bildungseinrichtungen sowie der Besuch von Gemeinderatssitzungen und Gerichtsverhandlungen.<\/p>\n<p>Zu den Highlights des Schullebens geh\u00f6rt au\u00dferdem die Teilnahme an diversen Wettbewerben im Rahmen von Schulveranstaltungen. Dazu z\u00e4hlen unter anderem der \u201eK\u00e4nguruwettbewerb der Mathematik\u201c, diverse Olympiaden, \u201eJugend \u00fcbersetzt\u201c, die \u201eSnow Games\u201c, der \u201eWaldlauf der Jugend\u201c, Sch\u00fclerliga Fu\u00dfball, Schulcup Basketball usw.<\/p>\n<p>Berichte und Fotos zu den Schulveranstaltungen sind <a href=\"https:\/\/www.lichtenfels.at\/neu\/aktuelles\/blog-2\/\" target=\"blank\" rel=\"noopener noreferrer\">hier<\/a> zu finden.<\/p>\n<\/div>\n<div class=\"clear\"><\/div>\n<p>&nbsp;<\/p>\n","protected":false},"excerpt":{"rendered":"<p>Infos zu Schulveranstaltungen &nbsp; Berichte und Fotos Schulveranstaltungen Zahlreiche ein- und mehrt\u00e4gige sprachliche, naturwissenschaftliche und sportliche Schulveranstaltungen erg\u00e4nzen und vertiefen den Regelunterricht, verst\u00e4rken die schulautonomen Zielsetzungen und f\u00f6rdern den Zusammenhalt\u2026 <a href=\"https:\/\/www.lichtenfels.at\/neu\/angebot\/schulveranstaltungen\/\" class=\"read-more-link\">weiterlesen &rarr;<\/a><\/p>\n","protected":false},"author":3,"featured_media":0,"parent":17615,"menu_order":1,"comment_status":"closed","ping_status":"closed","template":"page-fullwidth.php","meta":[],"_links":{"self":[{"href":"https:\/\/www.lichtenfels.at\/neu\/wp-json\/wp\/v2\/pages\/19137"}],"collection":[{"href":"https:\/\/www.lichtenfels.at\/neu\/wp-json\/wp\/v2\/pages"}],"about":[{"href":"https:\/\/www.lichtenfels.at\/neu\/wp-json\/wp\/v2\/types\/page"}],"author":[{"embeddable":true,"href":"https:\/\/www.lichtenfels.at\/neu\/wp-json\/wp\/v2\/users\/3"}],"replies":[{"embeddable":true,"href":"https:\/\/www.lichtenfels.at\/neu\/wp-json\/wp\/v2\/comments?post=19137"}],"version-history":[{"count":42,"href":"https:\/\/www.lichtenfels.at\/neu\/wp-json\/wp\/v2\/pages\/19137\/revisions"}],"predecessor-version":[{"id":548763,"href":"https:\/\/www.lichtenfels.at\/neu\/wp-json\/wp\/v2\/pages\/19137\/revisions\/548763"}],"up":[{"embeddable":true,"href":"https:\/\/www.lichtenfels.at\/neu\/wp-json\/wp\/v2\/pages\/17615"}],"wp:attachment":[{"href":"https:\/\/www.lichtenfels.at\/neu\/wp-json\/wp\/v2\/media?parent=19137"}],"curies":[{"name":"wp","href":"https:\/\/api.w.org\/{rel}","templated":true}]}}