{"id":19485,"date":"2018-09-15T11:41:15","date_gmt":"2018-09-15T09:41:15","guid":{"rendered":"http:\/\/www.lichtenfels.at\/neu\/?page_id=19485"},"modified":"2026-02-23T11:53:02","modified_gmt":"2026-02-23T10:53:02","slug":"life-aktiv","status":"publish","type":"page","link":"https:\/\/www.lichtenfels.at\/neu\/angebot\/life-aktiv\/","title":{"rendered":"Life Aktiv"},"content":{"rendered":"\t\t<div data-elementor-type=\"wp-page\" data-elementor-id=\"19485\" class=\"elementor elementor-19485\">\n\t\t\t\t\t\t<section class=\"elementor-section elementor-top-section elementor-element elementor-element-7f3907c5 elementor-section-boxed elementor-section-height-default elementor-section-height-default\" data-id=\"7f3907c5\" data-element_type=\"section\">\n\t\t\t\t\t\t<div class=\"elementor-container elementor-column-gap-default\">\n\t\t\t\t\t<div class=\"elementor-column elementor-col-100 elementor-top-column elementor-element elementor-element-2c6f2d0c\" data-id=\"2c6f2d0c\" data-element_type=\"column\">\n\t\t\t<div class=\"elementor-widget-wrap elementor-element-populated\">\n\t\t\t\t\t\t<div class=\"elementor-element elementor-element-20c83ddc elementor-widget elementor-widget-text-editor\" data-id=\"20c83ddc\" data-element_type=\"widget\" data-widget_type=\"text-editor.default\">\n\t\t\t\t<div class=\"elementor-widget-container\">\n\t\t\t<style>\/*! elementor - v3.23.0 - 05-08-2024 *\/\n.elementor-widget-text-editor.elementor-drop-cap-view-stacked .elementor-drop-cap{background-color:#69727d;color:#fff}.elementor-widget-text-editor.elementor-drop-cap-view-framed .elementor-drop-cap{color:#69727d;border:3px solid;background-color:transparent}.elementor-widget-text-editor:not(.elementor-drop-cap-view-default) .elementor-drop-cap{margin-top:8px}.elementor-widget-text-editor:not(.elementor-drop-cap-view-default) .elementor-drop-cap-letter{width:1em;height:1em}.elementor-widget-text-editor .elementor-drop-cap{float:left;text-align:center;line-height:1;font-size:50px}.elementor-widget-text-editor .elementor-drop-cap-letter{display:inline-block}<\/style>\t\t\t\t<p><img fetchpriority=\"high\" class=\"size-medium wp-image-90247 aligncenter\" src=\"http:\/\/www.lichtenfels.at\/neu\/wp-content\/uploads\/2018\/10\/Life_Aktiv-300x193.jpg\" alt=\"Life_Aktiv\" width=\"300\" height=\"193\" srcset=\"https:\/\/www.lichtenfels.at\/wp-content\/uploads\/2018\/10\/Life_Aktiv-300x193.jpg 300w, https:\/\/www.lichtenfels.at\/wp-content\/uploads\/2018\/10\/Life_Aktiv.jpg 425w\" sizes=\"(max-width: 300px) 100vw, 300px\" \/><\/p>\n<p>Der Verein &#8222;Lichtenfels Aktiv&#8220; (Life Aktiv) ist ein nicht auf Gewinn ausgelegter Verein mit dem Ziel, \u00a0Sch\u00fclerInnen der Schule \u00fcber den Schulunterricht hinaus durch zus\u00e4tzliche Bildungsangebote zu f\u00f6rdern.<\/p>\n<p>Angeboten werden sowohl sportliche als auch k\u00fcnstlerische Aktivit\u00e4ten.<\/p>\n<p>Wollen Sie dem Verein als unterst\u00fctzendes oder aktives Mitglied beitreten und sich f\u00fcr Kurse einschreiben, so finden Sie nachfolgend das Anmeldeformular sowie das Infoblatt zum Downloaden.\u00a0<\/p>\n<!-- wp:file {\"id\":1027061,\"href\":\"https:\/\/www.lichtenfels.at\/wp-content\/uploads\/2026\/02\/Programm_SS_26.pdf\",\"displayPreview\":true} -->\n<div>\u00a0<\/div>\n<!-- wp:file {\"id\":1027061,\"href\":\"https:\/\/www.lichtenfels.at\/wp-content\/uploads\/2026\/02\/Programm_SS_26.pdf\",\"displayPreview\":true} -->\n<div class=\"wp-block-file\"><object class=\"wp-block-file__embed\" style=\"width: 100%; height: 600px;\" data=\"https:\/\/www.lichtenfels.at\/wp-content\/uploads\/2026\/02\/Programm_SS_26.pdf\" type=\"application\/pdf\" width=\"300\" height=\"150\" aria-label=\"Einbettung von Programm_WS_2526.\"><\/object><a id=\"wp-block-file--media-aa605be1-2f51-47a9-86fa-ce22f4a9cf67\" href=\"https:\/\/www.lichtenfels.at\/wp-content\/uploads\/2026\/02\/Programm_SS_26.pdf\">Programm_SS_26<\/a><a class=\"wp-block-file__button\" href=\"https:\/\/www.lichtenfels.at\/wp-content\/uploads\/2026\/02\/Programm_SS_26.pdf\" download=\"\" aria-describedby=\"wp-block-file--media-aa605be1-2f51-47a9-86fa-ce22f4a9cf67\">Herunterladen<\/a><\/div>\n<div>\u00a0<\/div>\n<div>\u00a0<\/div>\n<div>\u00a0<\/div>\n<div>\u00a0<\/div>\n<div>\u00a0<\/div>\t\t\t\t\t\t<\/div>\n\t\t\t\t<\/div>\n\t\t\t\t\t<\/div>\n\t\t<\/div>\n\t\t\t\t\t<\/div>\n\t\t<\/section>\n\t\t\t\t<\/div>\n\t\t","protected":false},"excerpt":{"rendered":"<p>\u00a0 Der Verein &#8222;Lichtenfels Aktiv&#8220; (Life Aktiv) ist ein nicht auf Gewinn ausgelegter Verein mit dem Ziel, \u00a0Sch\u00fclerInnen der Schule \u00fcber den Schulunterricht hinaus durch zus\u00e4tzliche Bildungsangebote zu f\u00f6rdern. Angeboten\u2026 <a href=\"https:\/\/www.lichtenfels.at\/neu\/angebot\/life-aktiv\/\" class=\"read-more-link\">weiterlesen &rarr;<\/a><\/p>\n","protected":false},"author":3,"featured_media":0,"parent":17615,"menu_order":5,"comment_status":"closed","ping_status":"closed","template":"page-fullwidth.php","meta":[],"_links":{"self":[{"href":"https:\/\/www.lichtenfels.at\/neu\/wp-json\/wp\/v2\/pages\/19485"}],"collection":[{"href":"https:\/\/www.lichtenfels.at\/neu\/wp-json\/wp\/v2\/pages"}],"about":[{"href":"https:\/\/www.lichtenfels.at\/neu\/wp-json\/wp\/v2\/types\/page"}],"author":[{"embeddable":true,"href":"https:\/\/www.lichtenfels.at\/neu\/wp-json\/wp\/v2\/users\/3"}],"replies":[{"embeddable":true,"href":"https:\/\/www.lichtenfels.at\/neu\/wp-json\/wp\/v2\/comments?post=19485"}],"version-history":[{"count":56,"href":"https:\/\/www.lichtenfels.at\/neu\/wp-json\/wp\/v2\/pages\/19485\/revisions"}],"predecessor-version":[{"id":1121440,"href":"https:\/\/www.lichtenfels.at\/neu\/wp-json\/wp\/v2\/pages\/19485\/revisions\/1121440"}],"up":[{"embeddable":true,"href":"https:\/\/www.lichtenfels.at\/neu\/wp-json\/wp\/v2\/pages\/17615"}],"wp:attachment":[{"href":"https:\/\/www.lichtenfels.at\/neu\/wp-json\/wp\/v2\/media?parent=19485"}],"curies":[{"name":"wp","href":"https:\/\/api.w.org\/{rel}","templated":true}]}}