{"id":20275,"date":"2018-09-15T11:47:25","date_gmt":"2018-09-15T09:47:25","guid":{"rendered":"http:\/\/www.lichtenfels.at\/neu\/?page_id=20275"},"modified":"2024-09-26T21:52:24","modified_gmt":"2024-09-26T19:52:24","slug":"schulaerztinnen","status":"publish","type":"page","link":"https:\/\/www.lichtenfels.at\/neu\/team\/schulaerztinnen\/","title":{"rendered":"Schul\u00e4rzt*innen"},"content":{"rendered":"<p>&nbsp;<\/p>\n<div class=\"one_fourth\">\n<div class=\"member\">\n<div class='member-img'><img src='http:\/\/www.lichtenfels.at\/neu\/wp-content\/uploads\/2018\/09\/Schul\u00e4rztin_Salzgeber.jpg' \/><\/div>\n<h4>Salzgeber<\/p>\n<p>Margot<\/h4>\n<div class=\"member-role\">\nDr. med.<\/div>\n<p>&#8211;<\/p>\n<p class=\"k1\">salzgeber.margot@lichtenfels.at<\/p>\n<p>&#8211;<\/p>\n<p><small>\u00c4rztin f\u00fcr Allgemeinmedizin<\/small><\/p>\n<p><small>&#8211;<\/small><\/p>\n<p><small>Mo. 08:30 &#8211; 11:50<br \/>\nDi. 08:30 &#8211; 12:50<br \/>\nDo. 08:30 &#8211; 11:50<br \/>\nRaum 1.05<br \/>\n(1. Stock, Verwaltungstrakt)<\/small><\/p>\n<p>&nbsp;<\/p>\n<p class=\"k1\">\n<\/div>\n<\/div>\n<div class=\"one_fourth\">\n<div class=\"member\">\n<div class='member-img'><img src='http:\/\/www.lichtenfels.at\/neu\/wp-content\/uploads\/2018\/09\/Schularzt_Dornbusch.jpg' \/><\/div>\n<h4>Dornbusch Hans J\u00fcrgen<\/h4>\n<div class=\"member-role\">\nDr. med.<\/div>\n<p>&#8211;<\/p>\n<p class=\"k1\">dornbusch.hans@lichtenfels.at<\/p>\n<p>&#8211;<\/p>\n<p><small>Kinderarzt, Facharzt f\u00fcr Kinder- und Jugendheilkunde<br \/>\nSpezialgebiet: Infektionskrankheiten<\/small><\/p>\n<p>&#8211;<\/p>\n<p><small>Mi. 07:30 &#8211; 10:30<br \/>\nRaum 1.05<br \/>\n(1. Stock, Verwaltungstrakt)<\/small><\/p>\n<p class=\"k1\">\n<\/div>\n<\/div>\n<div class=\"one_half last\">\n<h3 style=\"text-align: left;\">Kinder verbringen einen gro\u00dfen Teil ihres Alltages in der Schule.<\/h3>\n<ul style=\"text-align: left;\">\n<li>Wir helfen mit, das Klima in der Schule so zu gestalten, dass sich die Kinder wohl f\u00fchlen.<\/li>\n<li>Wir untersuchen jedes Kind einzeln in regelm\u00e4\u00dfigen Abst\u00e4nden im Sinne einer Vorsorge-Untersuchung, die f\u00fcr das Kind verpflichtend ist. Sinn dieser Untersuchung ist es, Erkrankungen und Entwicklungsst\u00f6rungen, aber auch ansteckende Krankheiten rechtzeitig zu erkennen. Schul\u00e4rztinnen und Schul\u00e4rzte stehen unter Schweigepflicht.<\/li>\n<li>Wir beraten und informieren Kinder und Eltern bei Verdacht auf gesundheitliche St\u00f6rungen. Die Behandlung bei Erkrankungen obliegt nicht den Schul\u00e4rztinnen und Schul\u00e4rzten, sondern den Haus\u00e4rztinnen und Haus\u00e4rzten. Wir stehen aber nat\u00fcrlich zur Erste-Hilfe-Leistung bereit.<\/li>\n<li>Wir sind \u00c4rztinnen und \u00c4rzte f\u00fcr Allgemeinmedizin, sogenannte Praktische \u00c4rztinnen und \u00c4rzte, oder Fach\u00e4rztinnen und Fach\u00e4rzte f\u00fcr Kinder- und Jugendheilkunde. Viele Schul\u00e4rztinnen und Schul\u00e4rzte haben Zusatzausbildungen: z.B. Diplome in Psychosomatischer Medizin, Ern\u00e4hrungsmedizin, Sportmedizin, Arbeitsmedizin oder das Notarztdiplom.<\/li>\n<\/ul>\n<h3 style=\"text-align: left;\">Wir sind gerne aktive Mitglieder der Schulgemeinschaft.<\/h3>\n<div class=\"custom-table-1\">\n<table>\n<tbody>\n<tr>\n<td>\n<h2><strong>Information Impfungen<\/strong><\/h2>\n<ul>\n<li><a href=\"http:\/\/www.lichtenfels.at\/wp-content\/uploads\/2019\/11\/10Gr\u00f6\u00dftenGesundheitsbedrohungen.pdf\" target=\"_blank\" rel=\"noopener noreferrer\">Die 10 gr\u00f6\u00dften Gesundheitsbedrohungen<\/a><\/li>\n<li><a href=\"http:\/\/www.lichtenfels.at\/wp-content\/uploads\/2019\/11\/ElternInfo_Masern_kostenfreieImpfungen.pdf\" target=\"_blank\" rel=\"noopener noreferrer\">Elterninformation: Masern und kostenfreie Impfungen<\/a><\/li>\n<li><a href=\"http:\/\/www.lichtenfels.at\/wp-content\/uploads\/2019\/11\/InformationsmaterialImpfen.pdf\" target=\"_blank\" rel=\"noopener noreferrer\">Informationsmaterial: Impfen<\/a><\/li>\n<\/ul>\n<\/td>\n<\/tr>\n<\/tbody>\n<\/table>\n<\/div>\n<\/div>\n<div class=\"clear\"><\/div>\n","protected":false},"excerpt":{"rendered":"<p>&nbsp; Salzgeber Margot Dr. med. &#8211; salzgeber.margot@lichtenfels.at &#8211; \u00c4rztin f\u00fcr Allgemeinmedizin &#8211; Mo. 08:30 &#8211; 11:50 Di. 08:30 &#8211; 12:50 Do. 08:30 &#8211; 11:50 Raum 1.05 (1. Stock, Verwaltungstrakt) &nbsp;\u2026 <a href=\"https:\/\/www.lichtenfels.at\/neu\/team\/schulaerztinnen\/\" class=\"read-more-link\">weiterlesen &rarr;<\/a><\/p>\n","protected":false},"author":3,"featured_media":0,"parent":18022,"menu_order":6,"comment_status":"closed","ping_status":"closed","template":"page-fullwidth.php","meta":[],"_links":{"self":[{"href":"https:\/\/www.lichtenfels.at\/neu\/wp-json\/wp\/v2\/pages\/20275"}],"collection":[{"href":"https:\/\/www.lichtenfels.at\/neu\/wp-json\/wp\/v2\/pages"}],"about":[{"href":"https:\/\/www.lichtenfels.at\/neu\/wp-json\/wp\/v2\/types\/page"}],"author":[{"embeddable":true,"href":"https:\/\/www.lichtenfels.at\/neu\/wp-json\/wp\/v2\/users\/3"}],"replies":[{"embeddable":true,"href":"https:\/\/www.lichtenfels.at\/neu\/wp-json\/wp\/v2\/comments?post=20275"}],"version-history":[{"count":43,"href":"https:\/\/www.lichtenfels.at\/neu\/wp-json\/wp\/v2\/pages\/20275\/revisions"}],"predecessor-version":[{"id":916669,"href":"https:\/\/www.lichtenfels.at\/neu\/wp-json\/wp\/v2\/pages\/20275\/revisions\/916669"}],"up":[{"embeddable":true,"href":"https:\/\/www.lichtenfels.at\/neu\/wp-json\/wp\/v2\/pages\/18022"}],"wp:attachment":[{"href":"https:\/\/www.lichtenfels.at\/neu\/wp-json\/wp\/v2\/media?parent=20275"}],"curies":[{"name":"wp","href":"https:\/\/api.w.org\/{rel}","templated":true}]}}