{"id":20367,"date":"2018-09-15T11:47:45","date_gmt":"2018-09-15T09:47:45","guid":{"rendered":"http:\/\/www.lichtenfels.at\/neu\/?page_id=20367"},"modified":"2025-10-10T15:05:27","modified_gmt":"2025-10-10T13:05:27","slug":"schulpsychologin","status":"publish","type":"page","link":"https:\/\/www.lichtenfels.at\/neu\/team\/schulpsychologin\/","title":{"rendered":"Schulpsychologin"},"content":{"rendered":"<div class=\"one_fourth\">\n<div class=\"member\">\n<div class='member-img'><img src='https:\/\/www.lichtenfels.at\/wp-content\/uploads\/2025\/10\/Foto-Fabi-scaled.jpg' \/><\/div>\n<h4>Fabienne Konrad-Wieser<\/h4>\n<div class=\"member-role\">\nMag.<\/div>\n<p>&#8211;<\/p>\n<p class=\"k1\"><a href=\"mailto:fabienne.konrad-wieser@bildung-stmk.gv.at\">fabienne.konrad-wieser@bildung-stmk.gv.at<\/a><\/p>\n<p>&#8211;<br \/>\n0664-8034555 499<br \/>\n&#8211;<br \/>\nKlinische-und Gesundheitspsychologin<\/p>\n<p class=\"k1\">\n<\/div>\n<\/div>\n<p>Frau Mag. Fabienne Konrad-Wieser steht jeden Dienstag von 08.00 \u2013 12.00 Uhr f\u00fcr Anliegen von <strong>Sch\u00fclerInnen, Eltern und LehrerInnen\u00a0<\/strong>zur Verf\u00fcgung (1.Stock Altbau, Raum Nr. 1.07) zur Verf\u00fcgung.<\/p>\n<p>Ansonsten ist sie telefonisch (bei Nichterreichen bitte auf die Mailbox sprechen) oder per <a href=\"mailto:fabienne.konrad-wieser@bildung-stmk.gv.at\">Email<\/a> erreichbar und kommt &#8211; je nach ihren Zeitressourcen &#8211; bei Bedarf auch\u00a0<strong>au\u00dferhalb<\/strong>\u00a0der angegebenen Termine in unsere Schule.<\/p>\n<p>Sollte Frau Mag. Fabienne Konrad-Wieser in dringlichen Angelegenheiten nicht erreichbar sein, so melden Sie sich bitte einfach an Ihre zust\u00e4ndige schulpsychologische Beratungsstelle in Graz unter der Tel. Nr. 05 0248 345\/660\u00a0 \u00a0bzw. in Krisenf\u00e4llen unter dem Krisenhandy 0664\/80 345 55 665 (Mo &#8211; Fr: 09:00 Uhr &#8211; 18:00 Uhr).<\/p>\n<p>&nbsp;<\/p>\n<p>Weitere Beratungsstellen:<\/p>\n<ul>\n<li style=\"list-style-type: none;\">\n<ul>\n<li style=\"list-style-type: none;\">\n<ul>\n<li>Schulpsychologische Hotline: 0800 21 13 20 (Mo-Fr: 09:00 Uhr &#8211; 21:00 Uhr, Samstag: 09:00 Uhr &#8211; 17:00 Uhr)<\/li>\n<li>Rat auf Draht: 147 (Kostenlose Telefonhilfe bei Problemen, Fragen oder Krisen f\u00fcr Kinder, Jugendliche und Bezugspersonen)<\/li>\n<\/ul>\n<\/li>\n<\/ul>\n<\/li>\n<\/ul>\n<p>Das Kontaktblatt f\u00fcr ein Beratungsgespr\u00e4ch mit unserer Schulpsychologin finden Sie <a href=\"https:\/\/www.lichtenfels.at\/wp-content\/uploads\/2024\/03\/Kontaktblatt_Konrad-Wieser_Fabienne.pdf\" target=\"_blank\" rel=\"noopener\">HIER<\/a>. Gespr\u00e4che mit unter 14j\u00e4hrigen Sch\u00fclerinnen und Sch\u00fclern erfolgen nur bei Zustimmung der Eltern und Erziehungsberechtigten und in Folge auch nur in enger Abstimmung mit diesen.<\/p>\n<div class=\"description clearfix style-1\">\n<h4 style=\"text-align: left;\">Alle psychologischen T\u00e4tigkeiten sind kostenfrei und werden vertraulich behandelt!<\/h4>\n<\/div>\n<p>&nbsp;<\/p>\n<p style=\"text-align: left;\">Mit folgenden Fragestellungen kann man sich beispielsweise an die Schulpsychologin wenden:<\/p>\n<ul>\n<li style=\"text-align: left;\">Probleme mit Mitsch\u00fclerinnen und Mitsch\u00fclern<\/li>\n<li style=\"text-align: left;\">Mobbing<\/li>\n<li style=\"text-align: left;\">Angst vor der Schule, sonstige Sorgen<\/li>\n<li style=\"text-align: left;\">Schwierigkeiten mit dem Lernen, Lernstrategien etc.<\/li>\n<li style=\"text-align: left;\">Pers\u00f6nliche Probleme, famili\u00e4re Schwierigkeiten<\/li>\n<\/ul>\n","protected":false},"excerpt":{"rendered":"<p>Fabienne Konrad-Wieser Mag. &#8211; fabienne.konrad-wieser@bildung-stmk.gv.at &#8211; 0664-8034555 499 &#8211; Klinische-und Gesundheitspsychologin Frau Mag. Fabienne Konrad-Wieser steht jeden Dienstag von 08.00 \u2013 12.00 Uhr f\u00fcr Anliegen von Sch\u00fclerInnen, Eltern und LehrerInnen\u00a0zur\u2026 <a href=\"https:\/\/www.lichtenfels.at\/neu\/team\/schulpsychologin\/\" class=\"read-more-link\">weiterlesen &rarr;<\/a><\/p>\n","protected":false},"author":3,"featured_media":0,"parent":18022,"menu_order":7,"comment_status":"closed","ping_status":"closed","template":"page-fullwidth.php","meta":[],"_links":{"self":[{"href":"https:\/\/www.lichtenfels.at\/neu\/wp-json\/wp\/v2\/pages\/20367"}],"collection":[{"href":"https:\/\/www.lichtenfels.at\/neu\/wp-json\/wp\/v2\/pages"}],"about":[{"href":"https:\/\/www.lichtenfels.at\/neu\/wp-json\/wp\/v2\/types\/page"}],"author":[{"embeddable":true,"href":"https:\/\/www.lichtenfels.at\/neu\/wp-json\/wp\/v2\/users\/3"}],"replies":[{"embeddable":true,"href":"https:\/\/www.lichtenfels.at\/neu\/wp-json\/wp\/v2\/comments?post=20367"}],"version-history":[{"count":90,"href":"https:\/\/www.lichtenfels.at\/neu\/wp-json\/wp\/v2\/pages\/20367\/revisions"}],"predecessor-version":[{"id":1043292,"href":"https:\/\/www.lichtenfels.at\/neu\/wp-json\/wp\/v2\/pages\/20367\/revisions\/1043292"}],"up":[{"embeddable":true,"href":"https:\/\/www.lichtenfels.at\/neu\/wp-json\/wp\/v2\/pages\/18022"}],"wp:attachment":[{"href":"https:\/\/www.lichtenfels.at\/neu\/wp-json\/wp\/v2\/media?parent=20367"}],"curies":[{"name":"wp","href":"https:\/\/api.w.org\/{rel}","templated":true}]}}