{"id":2270,"date":"2013-01-06T12:43:15","date_gmt":"2013-01-06T12:43:15","guid":{"rendered":"http:\/\/inovado2.mintithemes.com\/?page_id=13"},"modified":"2026-02-05T10:18:08","modified_gmt":"2026-02-05T09:18:08","slug":"home","status":"publish","type":"page","link":"https:\/\/www.lichtenfels.at\/neu\/","title":{"rendered":"Home"},"content":{"rendered":"\t\t<div data-elementor-type=\"wp-page\" data-elementor-id=\"2270\" class=\"elementor elementor-2270\">\n\t\t\t\t\t\t<section class=\"elementor-section elementor-top-section elementor-element elementor-element-146b0342 elementor-section-stretched elementor-section-boxed elementor-section-height-default elementor-section-height-default\" data-id=\"146b0342\" data-element_type=\"section\" data-settings=\"{&quot;stretch_section&quot;:&quot;section-stretched&quot;}\">\n\t\t\t\t\t\t<div class=\"elementor-container elementor-column-gap-default\">\n\t\t\t\t\t<div class=\"elementor-column elementor-col-100 elementor-top-column elementor-element elementor-element-33a0e0ca\" data-id=\"33a0e0ca\" data-element_type=\"column\">\n\t\t\t<div class=\"elementor-widget-wrap elementor-element-populated\">\n\t\t\t\t\t\t<div class=\"elementor-element elementor-element-f80d80f elementor-widget elementor-widget-text-editor\" data-id=\"f80d80f\" data-element_type=\"widget\" data-widget_type=\"text-editor.default\">\n\t\t\t\t<div class=\"elementor-widget-container\">\n\t\t\t<style>\/*! elementor - v3.23.0 - 05-08-2024 *\/\n.elementor-widget-text-editor.elementor-drop-cap-view-stacked .elementor-drop-cap{background-color:#69727d;color:#fff}.elementor-widget-text-editor.elementor-drop-cap-view-framed .elementor-drop-cap{color:#69727d;border:3px solid;background-color:transparent}.elementor-widget-text-editor:not(.elementor-drop-cap-view-default) .elementor-drop-cap{margin-top:8px}.elementor-widget-text-editor:not(.elementor-drop-cap-view-default) .elementor-drop-cap-letter{width:1em;height:1em}.elementor-widget-text-editor .elementor-drop-cap{float:left;text-align:center;line-height:1;font-size:50px}.elementor-widget-text-editor .elementor-drop-cap-letter{display:inline-block}<\/style>\t\t\t\t<p><!-- wp:html --><\/p><p><!-- \/wp:html --><\/p><p><!-- wp:html --><\/p><p><!-- \/wp:html --><\/p><p><!-- wp:html --><\/p><p><!-- \/wp:html --><\/p><p><!-- wp:html --><\/p><p><!-- \/wp:html --><\/p><p><!-- wp:html --><\/p><p><div class=\"one_half\"><div class=\"callout\"><div class=\"border clearfix\"><div class=\"callout-content\">\n      \t\t\t\t<h2 class=\"highlight\"> Anmeldung f\u00fcr das Schuljahr 2026\/27<\/h2> Hier finden Sie alle Informationen zur Schulanmeldung f\u00fcr das Schuljahr 2026\/27 und Sie k\u00f6nnen einen Anmeldetermin buchen &#8230; <span class=\"responsive\"><\/span>\n      \t\t\t<\/div><div class=\"callout-button\" style=\"margin:4px 0 0 0;;\">\n      \t\t\t\t<a class=\"button normal alternative-1\" href=\"https:\/\/www.lichtenfels.at\/neu\/schulanmeldung-26-27\/\" target=\"_blank\">zur Terminbuchung<\/a>\n      \t\t\t<\/div><\/div><\/div><\/div> <div class=\"one_half last\"><div class=\"callout\"><div class=\"border clearfix\"><div class=\"callout-content\">\n      \t\t\t\t<h2 class=\"highlight\"> Wichtige Informationen &#8211; Schuljahr 2026\/27<\/h2> Hier finden Sie Informationen zum Blutspenden, zu Lichtenfels-Kooperationen und Projekten sowie zum Gesunden Essen am Lichtenfels. <span class=\"responsive\"><\/span>\n      \t\t\t<\/div><div class=\"callout-button\" style=\"margin:4px 0 0 0;;\">\n      \t\t\t\t<a class=\"button normal alternative-1\" href=\" https:\/\/www.lichtenfels.at\/neu\/wichtige-informationen-der-direktion\" target=\"_blank\">Infos<\/a>\n      \t\t\t<\/div><\/div><\/div><\/div><div class=\"clear\"><\/div><\/p><p><!-- \/wp:html --><\/p><p><!-- wp:html --><\/p><center><div class=\"gap\" style=\"height: 20px;\"><\/div><\/center><p><!-- \/wp:html --><\/p><p><!-- wp:html --><\/p><p><!-- \/wp:html --><\/p><p><!-- wp:shortcode --><\/p><p><div class=\"one_third\"><span class=\"responsive\"><a href=\" https:\/\/www.lichtenfels.at\/neu\/angebot\/\"><img loading=\"lazy\" class=\"alignnone wp-image-2502\" src=\"https:\/\/www.lichtenfels.at\/wp-content\/uploads\/2018\/09\/leisten.png\" alt=\"leisten\" width=\"140\" height=\"80\" \/><\/a><\/span> Wir f\u00f6rdern Sch\u00fclerInnen ihre St\u00e4rken zu vertiefen und gute Leistungen zu erbringen.<\/div><\/p><p><!-- \/wp:shortcode --><\/p><p><!-- wp:shortcode --><\/p><p><div class=\"one_third\"> <span class=\"responsive\"><a href=\"https:\/\/www.lichtenfels.at\/neu\/aktuelles\/\"><img loading=\"lazy\" class=\"alignnone wp-image-2501\" src=\"https:\/\/www.lichtenfels.at\/wp-content\/uploads\/2018\/09\/lachen.png\" alt=\"lachen\" width=\"140\" height=\"80\" \/><\/a><\/span> Wir schaffen ein Umfeld, das ein humorvolles Miteinander erm\u00f6glicht.<\/div><\/p><p><!-- \/wp:shortcode --><\/p><p><!-- wp:shortcode --><\/p><p><div class=\"one_third last\"> <span class=\"responsive\"><a href=\"https:\/\/www.lichtenfels.at\/neu\/team\/\"><img loading=\"lazy\" class=\"alignnone wp-image-2500\" src=\"https:\/\/www.lichtenfels.at\/wp-content\/uploads\/2018\/09\/leben.png\" alt=\"leben\" width=\"140\" height=\"80\" \/><\/a><\/span> Wir leben hier und bereiten auf das Leben vor.<\/div><div class=\"clear\"><\/div><\/p><p><!-- \/wp:shortcode --><\/p><p><!-- wp:paragraph --><\/p><p><h4 class=\"title\"><span>Aktuelles<\/span><\/h4><\/p><p><!-- \/wp:paragraph --><\/p><p><!-- wp:shortcode --><\/p><div class=\"latest-portfolio negative-wrap\"><div class=\"portfolio-item four columns\"><div class=\"portfolio-it\">\n\t\t\t\t  \t\t<a href=\"https:\/\/www.lichtenfels.at\/neu\/portfolio-item\/tdot\/\" title=\"Das Lichtenfels kennenlernen\"><span class=\"portfolio-pic\"><img src=\"https:\/\/www.lichtenfels.at\/wp-content\/uploads\/2020\/12\/LichtenfelsKennenlernenNeu2-460x300.jpg\" \/><div class=\"portfolio-overlay\"><span class=\"overlay-link\"><\/span><\/div><\/span><\/a>\n\t\t\t\t  \t\t<a href=\"https:\/\/www.lichtenfels.at\/neu\/portfolio-item\/tdot\/\" title=\"Das Lichtenfels kennenlernen\" class=\"portfolio-title\"><h4>Das Lichtenfels kennenlernen<\/h4><span> <\/span><\/a>\n\t\t\t\t  \t<\/div><\/div><div class=\"portfolio-item four columns\"><div class=\"portfolio-it\">\n\t\t\t\t  \t\t<a href=\"https:\/\/www.lichtenfels.at\/neu\/portfolio-item\/erasmus\/\" title=\"Erasmus+\"><span class=\"portfolio-pic\"><img src=\"https:\/\/www.lichtenfels.at\/wp-content\/uploads\/2024\/02\/erasmus-460x300.jpg\" \/><div class=\"portfolio-overlay\"><span class=\"overlay-link\"><\/span><\/div><\/span><\/a>\n\t\t\t\t  \t\t<a href=\"https:\/\/www.lichtenfels.at\/neu\/portfolio-item\/erasmus\/\" title=\"Erasmus+\" class=\"portfolio-title\"><h4>Erasmus+<\/h4><span>Erasmus+ am BG\/BRG Lichte&#8230;<\/span><\/a>\n\t\t\t\t  \t<\/div><\/div><div class=\"portfolio-item four columns\"><div class=\"portfolio-it\">\n\t\t\t\t  \t\t<a href=\"https:\/\/www.lichtenfels.at\/neu\/portfolio-item\/fusce-molestie\/\" title=\"Rat &#038; Tat am Lichtenfels\"><span class=\"portfolio-pic\"><img src=\"https:\/\/www.lichtenfels.at\/wp-content\/uploads\/2020\/10\/Schule1-460x300.jpg\" \/><div class=\"portfolio-overlay\"><span class=\"overlay-link\"><\/span><\/div><\/span><\/a>\n\t\t\t\t  \t\t<a href=\"https:\/\/www.lichtenfels.at\/neu\/portfolio-item\/fusce-molestie\/\" title=\"Rat &#038; Tat am Lichtenfels\" class=\"portfolio-title\"><h4>Rat &#038; Tat am Lichtenfels<\/h4><span>Unterst\u00fctzungssysteme<\/span><\/a>\n\t\t\t\t  \t<\/div><\/div><div class=\"portfolio-item four columns\"><div class=\"portfolio-it\">\n\t\t\t\t  \t\t<a href=\"https:\/\/www.lichtenfels.at\/neu\/portfolio-item\/elternverein\/\" title=\"Elternverein\"><span class=\"portfolio-pic\"><img src=\"https:\/\/www.lichtenfels.at\/wp-content\/uploads\/2025\/01\/Elternverein-2-n-logo-lichtenfels-bg-brg-neu-460x300.png\" \/><div class=\"portfolio-overlay\"><span class=\"overlay-link\"><\/span><\/div><\/span><\/a>\n\t\t\t\t  \t\t<a href=\"https:\/\/www.lichtenfels.at\/neu\/portfolio-item\/elternverein\/\" title=\"Elternverein\" class=\"portfolio-title\"><h4>Elternverein<\/h4><span>des BG\/BRG Lichtenfels<\/span><\/a>\n\t\t\t\t  \t<\/div><\/div><\/div><div class=\"clear\"><\/div><p><!-- \/wp:shortcode --><\/p><p><!-- wp:shortcode --><\/p><p><div class=\"gap\" style=\"height: 20px;\"><\/div><\/p><p><!-- \/wp:shortcode --><\/p><p><!-- wp:paragraph --><\/p><p><h4 class=\"title\"><span>Blogs<\/span><\/h4><div class=\"latest-blog-list clearfix\"><div class=\"blog-list-item-date\">17<span>M\u00e4rz<\/span><\/div>\n\t\t\t\t\t<div class=\"blog-list-item-description\">\n\t\t\t\t\t\t<h4><a href=\"https:\/\/www.lichtenfels.at\/neu\/ein-tag-voller-entdeckungen-europa-und-der-menschliche-koerper\/\" title=\"Ein Tag voller Entdeckungen: Europa und der menschliche K\u00f6rper\">Ein Tag voller Entdeckungen: Europa und der menschliche K\u00f6rper<\/a><\/h4>\n\t\t\t\t\t\t<span>0 Kommentare<\/span>\n\t\t\t\t\t\t<div class=\"blog-list-item-excerpt\">Am 17.3. 2026 besuchten die 4a und 4c die \u201eEuropa Experience\u201c und begaben sich auf eine interaktive Reise durch Europa!&#8230; <a href=\"https:\/\/www.lichtenfels.at\/neu\/ein-tag-voller-entdeckungen-europa-und-der-menschliche-koerper\/\">Mehr &rarr;<\/a><\/div>\n\t\t\t\t\t<\/div>\n\t\t\t\t\t<\/div><div class=\"latest-blog-list clearfix\"><div class=\"blog-list-item-date\">16<span>M\u00e4rz<\/span><\/div>\n\t\t\t\t\t<div class=\"blog-list-item-description\">\n\t\t\t\t\t\t<h4><a href=\"https:\/\/www.lichtenfels.at\/neu\/die-8a-erkundet-die-welt-der-gene-im-offenen-labor-graz\/\" title=\"Die 8a erkundet die Welt der Gene im Offenen Labor Graz\">Die 8a erkundet die Welt der Gene im Offenen Labor Graz<\/a><\/h4>\n\t\t\t\t\t\t<span>0 Kommentare<\/span>\n\t\t\t\t\t\t<div class=\"blog-list-item-excerpt\">Am 16. M\u00e4rz 2026 besuchte die 8a das Offene Labor Graz zum \u201eBitter Taste\u201c-Workshop. Im Fokus stand die Frage, ob&#8230; <a href=\"https:\/\/www.lichtenfels.at\/neu\/die-8a-erkundet-die-welt-der-gene-im-offenen-labor-graz\/\">Mehr &rarr;<\/a><\/div>\n\t\t\t\t\t<\/div>\n\t\t\t\t\t<\/div><div class=\"latest-blog-list clearfix\"><div class=\"blog-list-item-date\">13<span>M\u00e4rz<\/span><\/div>\n\t\t\t\t\t<div class=\"blog-list-item-description\">\n\t\t\t\t\t\t<h4><a href=\"https:\/\/www.lichtenfels.at\/neu\/jobboerse-2026\/\" title=\"Jobb\u00f6rse 2026\">Jobb\u00f6rse 2026<\/a><\/h4>\n\t\t\t\t\t\t<span>0 Kommentare<\/span>\n\t\t\t\t\t\t<div class=\"blog-list-item-excerpt\">Am Freitag, 13. M\u00e4rz, fand wiederum unsere sog. Jobb\u00f6rse statt. 12 Absolvent:innen unserer Schule kamen mit unseren Siebtkl\u00e4sser:innen in Kontakt&#8230; <a href=\"https:\/\/www.lichtenfels.at\/neu\/jobboerse-2026\/\">Mehr &rarr;<\/a><\/div>\n\t\t\t\t\t<\/div>\n\t\t\t\t\t<\/div><div class=\"latest-blog-list clearfix\"><div class=\"blog-list-item-date\">09<span>M\u00e4rz<\/span><\/div>\n\t\t\t\t\t<div class=\"blog-list-item-description\">\n\t\t\t\t\t\t<h4><a href=\"https:\/\/www.lichtenfels.at\/neu\/handyexperiment-am-lichtenfels\/\" title=\"Handyexperiment am Lichtenfels\">Handyexperiment am Lichtenfels<\/a><\/h4>\n\t\t\t\t\t\t<span>0 Kommentare<\/span>\n\t\t\t\t\t\t<div class=\"blog-list-item-excerpt\">In vielen Schulen hat die im Vorjahr vom ORF ausgestrahlte Doku Drei Wochen ohne Smartphone f\u00fcr Aufsehen gesorgt. Darin werden&#8230; <a href=\"https:\/\/www.lichtenfels.at\/neu\/handyexperiment-am-lichtenfels\/\">Mehr &rarr;<\/a><\/div>\n\t\t\t\t\t<\/div>\n\t\t\t\t\t<\/div><div class=\"latest-blog-list clearfix\"><div class=\"blog-list-item-date\">02<span>M\u00e4rz<\/span><\/div>\n\t\t\t\t\t<div class=\"blog-list-item-description\">\n\t\t\t\t\t\t<h4><a href=\"https:\/\/www.lichtenfels.at\/neu\/fairyoungstyria-preis-2025-26-fuer-die-1c-klass\/\" title=\"FairYoungStyria-Preis 2025\/26 f\u00fcr die 1c-Klasse\">FairYoungStyria-Preis 2025\/26 f\u00fcr die 1c-Klasse<\/a><\/h4>\n\t\t\t\t\t\t<span>0 Kommentare<\/span>\n\t\t\t\t\t\t<div class=\"blog-list-item-excerpt\">Wir freuen uns sehr, dass die 1c-Klasse eine von zehn steirischen Schulklassen ist, die mit dem FairYoungStyria-Preis ausgezeichnet worden ist&#8230; <a href=\"https:\/\/www.lichtenfels.at\/neu\/fairyoungstyria-preis-2025-26-fuer-die-1c-klass\/\">Mehr &rarr;<\/a><\/div>\n\t\t\t\t\t<\/div>\n\t\t\t\t\t<\/div><div class=\"clear\"><\/div><\/p><p><!-- \/wp:paragraph --><\/p><p><!-- wp:shortcode --><\/p><p><div class=\"gap\" style=\"height: 20px;\"><\/div><\/p><p><!-- \/wp:shortcode --><\/p><p><!-- wp:shortcode --><\/p><p><div class=\"gap\" style=\"height: 60px;\"><\/div><\/p><p><!-- \/wp:shortcode --><\/p><p><!-- wp:shortcode --><\/p><p><h2 class=\"title\"><span>Partner und Projekte<\/span><\/h2><\/p><p><!-- \/wp:shortcode --><\/p><p><!-- wp:html --><\/p><p><!-- \/wp:html --><\/p><p><!-- \/wp:columns --><\/p>\t\t\t\t\t\t<\/div>\n\t\t\t\t<\/div>\n\t\t\t\t\t<\/div>\n\t\t<\/div>\n\t\t\t\t\t<\/div>\n\t\t<\/section>\n\t\t\t\t<section class=\"elementor-section elementor-top-section elementor-element elementor-element-fdedc08 elementor-section-stretched elementor-section-boxed elementor-section-height-default elementor-section-height-default\" data-id=\"fdedc08\" data-element_type=\"section\" data-settings=\"{&quot;stretch_section&quot;:&quot;section-stretched&quot;}\">\n\t\t\t\t\t\t<div class=\"elementor-container elementor-column-gap-default\">\n\t\t\t\t\t<div class=\"elementor-column elementor-col-100 elementor-top-column elementor-element elementor-element-8c92d56\" data-id=\"8c92d56\" data-element_type=\"column\">\n\t\t\t<div class=\"elementor-widget-wrap elementor-element-populated\">\n\t\t\t\t\t\t<div class=\"elementor-element elementor-element-2bb6792 elementor-arrows-position-inside elementor-pagination-position-outside elementor-widget elementor-widget-image-carousel\" data-id=\"2bb6792\" data-element_type=\"widget\" data-settings=\"{&quot;navigation&quot;:&quot;both&quot;,&quot;autoplay&quot;:&quot;yes&quot;,&quot;pause_on_hover&quot;:&quot;yes&quot;,&quot;pause_on_interaction&quot;:&quot;yes&quot;,&quot;autoplay_speed&quot;:5000,&quot;infinite&quot;:&quot;yes&quot;,&quot;speed&quot;:500}\" data-widget_type=\"image-carousel.default\">\n\t\t\t\t<div class=\"elementor-widget-container\">\n\t\t\t<style>\/*! elementor - v3.23.0 - 05-08-2024 *\/\n.elementor-widget-image-carousel .swiper,.elementor-widget-image-carousel .swiper-container{position:static}.elementor-widget-image-carousel .swiper-container .swiper-slide figure,.elementor-widget-image-carousel .swiper .swiper-slide figure{line-height:inherit}.elementor-widget-image-carousel .swiper-slide{text-align:center}.elementor-image-carousel-wrapper:not(.swiper-container-initialized):not(.swiper-initialized) .swiper-slide{max-width:calc(100% \/ var(--e-image-carousel-slides-to-show, 3))}<\/style>\t\t<div class=\"elementor-image-carousel-wrapper swiper\" dir=\"ltr\">\n\t\t\t<div class=\"elementor-image-carousel swiper-wrapper\" aria-live=\"off\">\n\t\t\t\t\t\t\t\t<div class=\"swiper-slide\" role=\"group\" aria-roledescription=\"slide\" aria-label=\"1 von 7\"><figure class=\"swiper-slide-inner\"><img class=\"swiper-slide-image\" src=\"https:\/\/www.lichtenfels.at\/wp-content\/uploads\/2018\/09\/kinderuni-graz-bg-brg-lichtenfels-schule-gymnasium-1.png\" alt=\"kinderuni-graz-bg-brg-lichtenfels-schule-gymnasium-1\" \/><\/figure><\/div><div class=\"swiper-slide\" role=\"group\" aria-roledescription=\"slide\" aria-label=\"2 von 7\"><figure class=\"swiper-slide-inner\"><img class=\"swiper-slide-image\" src=\"https:\/\/www.lichtenfels.at\/wp-content\/uploads\/2018\/09\/Schule-ohne-Rassismus-bg-brg-lichtenfels-schule-gymnasium-1-300x101.png\" alt=\"Schule-ohne-Rassismus-bg-brg-lichtenfels-schule-gymnasium-1\" \/><\/figure><\/div><div class=\"swiper-slide\" role=\"group\" aria-roledescription=\"slide\" aria-label=\"3 von 7\"><figure class=\"swiper-slide-inner\"><img class=\"swiper-slide-image\" src=\"https:\/\/www.lichtenfels.at\/wp-content\/uploads\/2022\/10\/UnescoLogoSW-300x282.png\" alt=\"UnescoLogoSW\" \/><\/figure><\/div><div class=\"swiper-slide\" role=\"group\" aria-roledescription=\"slide\" aria-label=\"4 von 7\"><figure class=\"swiper-slide-inner\"><img class=\"swiper-slide-image\" src=\"https:\/\/www.lichtenfels.at\/wp-content\/uploads\/2019\/01\/erasmus-logo-300x169.png\" alt=\"erasmus-logo\" \/><\/figure><\/div><div class=\"swiper-slide\" role=\"group\" aria-roledescription=\"slide\" aria-label=\"5 von 7\"><figure class=\"swiper-slide-inner\"><img class=\"swiper-slide-image\" src=\"https:\/\/www.lichtenfels.at\/wp-content\/uploads\/2019\/01\/logo_fh_joanneum_klein-300x98.png\" alt=\"logo_fh_joanneum_klein\" \/><\/figure><\/div><div class=\"swiper-slide\" role=\"group\" aria-roledescription=\"slide\" aria-label=\"6 von 7\"><figure class=\"swiper-slide-inner\"><img class=\"swiper-slide-image\" src=\"https:\/\/www.lichtenfels.at\/wp-content\/uploads\/2022\/01\/TUGraz-Kopie-300x300.jpg\" alt=\"TUGraz Kopie\" \/><\/figure><\/div><div class=\"swiper-slide\" role=\"group\" aria-roledescription=\"slide\" aria-label=\"7 von 7\"><figure class=\"swiper-slide-inner\"><img class=\"swiper-slide-image\" src=\"https:\/\/www.lichtenfels.at\/wp-content\/uploads\/2024\/04\/SiegelBBF_SW-300x172.jpg\" alt=\"SiegelBBF_SW\" \/><\/figure><\/div>\t\t\t<\/div>\n\t\t\t\t\t\t\t\t\t\t\t\t<div class=\"elementor-swiper-button elementor-swiper-button-prev\" role=\"button\" tabindex=\"0\">\n\t\t\t\t\t\t<i aria-hidden=\"true\" class=\"eicon-chevron-left\"><\/i>\t\t\t\t\t<\/div>\n\t\t\t\t\t<div class=\"elementor-swiper-button elementor-swiper-button-next\" role=\"button\" tabindex=\"0\">\n\t\t\t\t\t\t<i aria-hidden=\"true\" class=\"eicon-chevron-right\"><\/i>\t\t\t\t\t<\/div>\n\t\t\t\t\n\t\t\t\t\t\t\t\t\t<div class=\"swiper-pagination\"><\/div>\n\t\t\t\t\t\t\t\t\t<\/div>\n\t\t\t\t<\/div>\n\t\t\t\t<\/div>\n\t\t\t\t\t<\/div>\n\t\t<\/div>\n\t\t\t\t\t<\/div>\n\t\t<\/section>\n\t\t\t\t<\/div>\n\t\t","protected":false},"excerpt":{"rendered":"<p>Anmeldung f\u00fcr das Schuljahr 2026\/27 Hier finden Sie alle Informationen zur Schulanmeldung f\u00fcr das Schuljahr 2026\/27 und Sie k\u00f6nnen einen Anmeldetermin buchen &#8230; zur Terminbuchung Wichtige Informationen &#8211; Schuljahr 2026\/27\u2026 <a href=\"https:\/\/www.lichtenfels.at\/neu\/fairyoungstyria-preis-2025-26-fuer-die-1c-klass\/\" class=\"read-more-link\">weiterlesen &rarr;<\/a><\/p>\n","protected":false},"author":5,"featured_media":0,"parent":0,"menu_order":0,"comment_status":"closed","ping_status":"closed","template":"","meta":[],"_links":{"self":[{"href":"https:\/\/www.lichtenfels.at\/neu\/wp-json\/wp\/v2\/pages\/2270"}],"collection":[{"href":"https:\/\/www.lichtenfels.at\/neu\/wp-json\/wp\/v2\/pages"}],"about":[{"href":"https:\/\/www.lichtenfels.at\/neu\/wp-json\/wp\/v2\/types\/page"}],"author":[{"embeddable":true,"href":"https:\/\/www.lichtenfels.at\/neu\/wp-json\/wp\/v2\/users\/5"}],"replies":[{"embeddable":true,"href":"https:\/\/www.lichtenfels.at\/neu\/wp-json\/wp\/v2\/comments?post=2270"}],"version-history":[{"count":234,"href":"https:\/\/www.lichtenfels.at\/neu\/wp-json\/wp\/v2\/pages\/2270\/revisions"}],"predecessor-version":[{"id":1117911,"href":"https:\/\/www.lichtenfels.at\/neu\/wp-json\/wp\/v2\/pages\/2270\/revisions\/1117911"}],"wp:attachment":[{"href":"https:\/\/www.lichtenfels.at\/neu\/wp-json\/wp\/v2\/media?parent=2270"}],"curies":[{"name":"wp","href":"https:\/\/api.w.org\/{rel}","templated":true}]}}