{"id":2669,"date":"2018-09-10T13:53:33","date_gmt":"2018-09-10T13:53:33","guid":{"rendered":"http:\/\/webhelfer.at\/C\/?page_id=2669"},"modified":"2020-12-15T22:25:06","modified_gmt":"2020-12-15T21:25:06","slug":"schulprofil","status":"publish","type":"page","link":"https:\/\/www.lichtenfels.at\/neu\/schule\/schulprofil\/","title":{"rendered":"Schulprofil &#038; Leitbild"},"content":{"rendered":"<h4><strong>\u201eLeisten \u2014 Lachen \u2014 Leben&#8220;<\/strong><\/h4>\n<p><strong>\u00a0<\/strong><\/p>\n<div class=\"one_half\">Dieser Leitspruch beschreibt die Philosophie unserer Schule. Engagierte Lehrerinnen und Lehrer vermitteln Wissen, welches nicht nur auf die standardisierte Reifepr\u00fcfung vorbereitet, sondern seit vielen Jahrzehnten unseren Sch\u00fclerinnen und Sch\u00fclern erfolgreich einen leichteren Einstieg in die universit\u00e4re Laufbahn bzw. das Berufsleben erm\u00f6glicht.<\/div>\n<div class=\"one_half last\">\n<p>Dieses Lernen funktioniert aber vor allem durch Motivation und Herzlichkeit, sowie durch eine intakte und aktive Sch\u00fcler-Lehrer-Eltern-Beziehung. Ein respektvoller Umgang miteinander sowie Zugehen auf Neues erm\u00f6glichen unseren Sch\u00fclerinnen und Sch\u00fclern sich in einem vertrauten Rahmen zu bewegen, der beides, n\u00e4mlich das St\u00e4rken der eigenen Pers\u00f6nlichkeit, aber auch des Miteinanders bewirkt.<\/p><\/div>\n<div class=\"clear\"><\/div>\n<div class=\"one_third\"><span class=\"responsive\"><img class=\"alignnone wp-image-2502\" src=\"https:\/\/www.lichtenfels.at\/wp-content\/uploads\/2018\/09\/leisten.png\" alt=\"leisten\" width=\"140\" height=\"80\" \/><\/span><\/div>\n<div class=\"one_third\"><span class=\"responsive\"><img class=\"alignnone wp-image-2501\" src=\"https:\/\/www.lichtenfels.at\/wp-content\/uploads\/2018\/09\/lachen.png\" alt=\"lachen\" width=\"140\" height=\"80\" \/><\/span><\/div>\n<div class=\"one_third last\"><span class=\"responsive\"><img class=\"alignnone wp-image-2500\" src=\"https:\/\/www.lichtenfels.at\/wp-content\/uploads\/2018\/09\/leben.png\" alt=\"leben\" width=\"140\" height=\"80\" \/><\/span><\/div>\n<div class=\"clear\"><\/div>\n<p>&nbsp;<\/p>\n<div class=\"one_half\">\n<p>Das BG\/BRG Lichtenfelsgasse verbindet zukunftsorientierte Visionen von Bildung und Wissen mit den \u201eklassischen\u201c\u00a0 Werten der allgemein bildenden h\u00f6heren Schule.<\/p>\n<p>Unser erkl\u00e4rtes Ziel ist die umfassende\u00a0<strong>Studierf\u00e4higkeit\u00a0<\/strong>unserer Absolventinnen und Absolventen, wozu\u00a0<span class=\"Apple-style-span\">nicht nur eine gediegene\u00a0<strong>Allgemeinbildung<\/strong>,\u00a0<\/span><span class=\"Apple-style-span\">sondern insbesondere die Vermittlung von\u00a0\u00a0<strong>Schl\u00fcsselqualifikationen\u00a0<\/strong><\/span>zu z\u00e4hlen ist, d.h.:<\/p>\n<ul>\n<li>Bef\u00e4higung zur Eigen- und Fremdmotivation<\/li>\n<li>Selbstorganisation<\/li>\n<li>Aneignung von individueller Lernmethodik<\/li>\n<li>Probleml\u00f6sungsverm\u00f6gen<\/li>\n<li>Kommunikations- und Teamf\u00e4higkeit<\/li>\n<li>Flexibilit\u00e4t<\/li>\n<\/ul>\n<\/div>\n<div class=\"one_half last\">\n<p>Ebenso wichtig ist es uns,<\/p>\n<ul>\n<li>unseren Sch\u00fclerinnen und Sch\u00fclern\u00a0<strong>humane\u00a0<\/strong>und<strong>\u00a0soziale Kompetenzen,\u00a0<\/strong>wie Toleranz,\u00a0 Verst\u00e4ndnis und Akzeptanz des \u201eAnderen\u201c und \u201eFremden\u201c und Hilfsbereitschaft, zu vermitteln<\/li>\n<li>sie mit den\u00a0<strong>demokratischen<\/strong>\u00a0Spielregeln vertraut zu machen<\/li>\n<li>ihr\u00a0<strong>gesellschaftliches<\/strong>\u00a0<strong>Verantwortungsbewusstsein\u00a0<\/strong>zu\u00a0 st\u00e4rken<\/li>\n<li>sie zu politischem Handeln \u2013 im allgemeinsten Sinn \u2013 zu\u00a0 bef\u00e4higen.<\/li>\n<\/ul>\n<p>Ein ganzheitliches Menschenbild umfasst auch die Entwicklung eines positiven\u00a0<strong>K\u00f6rper<\/strong>&#8211; und\u00a0<strong>Gesundheitsbewusstseins<\/strong>\u00a0und von\u00a0<strong>Bewegungsfreude<\/strong>.<\/p>\n<p>Als\u00a0<strong>UNESCO-Schule<\/strong>\u00a0(Mitgliedschaft seit 1998) empfinden wir es als besondere Verpflichtung,<\/p>\n<ul>\n<li>das\u00a0<strong>Welt-Kultur<\/strong>&#8211; und\u00a0<strong>Natur-Erbe<\/strong>\u00a0zu erforschen und zu pflegen<\/li>\n<li><strong>Internationalit\u00e4t und Interkulturalit\u00e4t<\/strong>\u00a0zu f\u00f6rdern<\/li>\n<li>sowohl Sensibilit\u00e4t f\u00fcr als auch Strategien <strong>gegen jede Art von Intoleranz und Rassismus<\/strong> zu entwickeln.<\/div>\n<div class=\"clear\"><\/div>\n<\/li>\n<\/ul>\n<p>&nbsp;<\/p>\n<p>&nbsp;<\/p>\n","protected":false},"excerpt":{"rendered":"<p>\u201eLeisten \u2014 Lachen \u2014 Leben&#8220; \u00a0 Dieser Leitspruch beschreibt die Philosophie unserer Schule. Engagierte Lehrerinnen und Lehrer vermitteln Wissen, welches nicht nur auf die standardisierte Reifepr\u00fcfung vorbereitet, sondern seit vielen\u2026 <a href=\"https:\/\/www.lichtenfels.at\/neu\/schule\/schulprofil\/\" class=\"read-more-link\">weiterlesen &rarr;<\/a><\/p>\n","protected":false},"author":5,"featured_media":0,"parent":17778,"menu_order":0,"comment_status":"closed","ping_status":"closed","template":"page-fullwidth.php","meta":[],"_links":{"self":[{"href":"https:\/\/www.lichtenfels.at\/neu\/wp-json\/wp\/v2\/pages\/2669"}],"collection":[{"href":"https:\/\/www.lichtenfels.at\/neu\/wp-json\/wp\/v2\/pages"}],"about":[{"href":"https:\/\/www.lichtenfels.at\/neu\/wp-json\/wp\/v2\/types\/page"}],"author":[{"embeddable":true,"href":"https:\/\/www.lichtenfels.at\/neu\/wp-json\/wp\/v2\/users\/5"}],"replies":[{"embeddable":true,"href":"https:\/\/www.lichtenfels.at\/neu\/wp-json\/wp\/v2\/comments?post=2669"}],"version-history":[{"count":7,"href":"https:\/\/www.lichtenfels.at\/neu\/wp-json\/wp\/v2\/pages\/2669\/revisions"}],"predecessor-version":[{"id":548591,"href":"https:\/\/www.lichtenfels.at\/neu\/wp-json\/wp\/v2\/pages\/2669\/revisions\/548591"}],"up":[{"embeddable":true,"href":"https:\/\/www.lichtenfels.at\/neu\/wp-json\/wp\/v2\/pages\/17778"}],"wp:attachment":[{"href":"https:\/\/www.lichtenfels.at\/neu\/wp-json\/wp\/v2\/media?parent=2669"}],"curies":[{"name":"wp","href":"https:\/\/api.w.org\/{rel}","templated":true}]}}