{"id":39698,"date":"2018-09-19T21:21:10","date_gmt":"2018-09-19T19:21:10","guid":{"rendered":"http:\/\/www.lichtenfels.at\/neu\/?page_id=39698"},"modified":"2026-03-04T12:44:42","modified_gmt":"2026-03-04T11:44:42","slug":"anleitungen","status":"publish","type":"page","link":"https:\/\/www.lichtenfels.at\/neu\/service\/anleitungen\/","title":{"rendered":"Anleitungen"},"content":{"rendered":"<h4>Anmeldung Schul PC<\/h4>\n<p><a href=\"http:\/\/www.lichtenfels.at\/neu\/wp-content\/uploads\/2018\/09\/01-benutzernamen_und_passwoerter.pdf\" target=\"_blank\" rel=\"noopener noreferrer\">Benutzername f\u00fcr die Anmeldung am Schul-PC<\/a><\/p>\n<p>&nbsp;<\/p>\n<h4>Laptops aus der Ger\u00e4teinitiative<\/h4>\n<p><a href=\"https:\/\/www.lichtenfels.at\/wp-content\/uploads\/2024\/11\/Hilfe-mein-Laptop-ist-defekt.pdf\" target=\"_blank\" rel=\"noopener\">Umgang mit defekten Laptops aus der Ger\u00e4teinitiative:<br \/>\nHilfe, mein Laptop ist defekt!<\/a><\/p>\n<p>&nbsp;<\/p>\n<h4>Schul-WLAN<\/h4>\n<p><a href=\"https:\/\/www.lichtenfels.at\/wp-content\/uploads\/2024\/12\/Keine-Verbindung-mit-dem-Student-WLAN.pdf\" target=\"_blank\" rel=\"noopener\">Keine Verbindung mit dem Student WLAN<\/a><\/p>\n<p>&nbsp;<\/p>\n<h4>E-Mail<\/h4>\n<p><a href=\"https:\/\/www.lichtenfels.at\/wp-content\/uploads\/2021\/11\/02-Email_Homepage.pdf\" target=\"_blank\" rel=\"noopener noreferrer\">Email Erkl\u00e4rung<\/a><\/p>\n<p><a href=\"http:\/\/www.lichtenfels.at\/neu\/wp-content\/uploads\/2018\/09\/03_eMailAdressenLichtenfels.pdf\" target=\"_blank\" rel=\"noopener noreferrer\">Email Adresse Lichtenfels<\/a><\/p>\n<p><a href=\"https:\/\/www.lichtenfels.at\/wp-content\/uploads\/2024\/10\/Anmeldung-und-Kennwortaenderung-in-Office365.pdf\" target=\"_blank\" rel=\"noopener\">Anmeldung und Kennwortaenderung in Office365<\/a><\/p>\n<p><a href=\"http:\/\/www.lichtenfels.at\/wp-content\/uploads\/2019\/11\/Emailkonto-in-Outlook-einrichten.pdf\" target=\"_blank\" rel=\"noopener noreferrer\">Emailkonto in Outlook einrichten<\/a><\/p>\n<p><a href=\"http:\/\/www.lichtenfels.at\/wp-content\/uploads\/2019\/11\/Lichtenfels-Email-auf-Android-Handy.pdf\" target=\"_blank\" rel=\"noopener noreferrer\">Lichtenfels Email auf Android Handy<\/a><\/p>\n<p><a href=\"http:\/\/www.lichtenfels.at\/neu\/wp-content\/uploads\/2018\/09\/04_webmail_smartphone.pdf\" target=\"_blank\" rel=\"noopener noreferrer\">Lichtenfels Mail-Account am Handy<\/a><\/p>\n<p><a href=\"http:\/\/www.lichtenfels.at\/neu\/wp-content\/uploads\/2018\/09\/05-Mailweiterleitung_an_private_Emailadressen.pdf\" target=\"_blank\" rel=\"noopener noreferrer\"> Mailweiterleitung an private Emailadresse<\/a><\/p>\n<p><a href=\"http:\/\/www.lichtenfels.at\/neu\/wp-content\/uploads\/2018\/09\/06-Signatur_mit_Bild_einfuegen.pdf\" target=\"_blank\" rel=\"noopener noreferrer\">Signatur mit Bild einf\u00fcgen<\/a><\/p>\n<p><a href=\"https:\/\/www.lichtenfels.at\/wp-content\/uploads\/2021\/03\/Sicherheitseinstellungen_und_Passwort_aendern.pdf\" target=\"_blank\" rel=\"noopener\">Sicherheitseinstellungen und Passwort \u00e4ndern<\/a><\/p>\n<p>&nbsp;<\/p>\n<h4>WebUntis<\/h4>\n<p><a href=\"https:\/\/www.lichtenfels.at\/wp-content\/uploads\/2022\/12\/04-WebUntis_SchuelerInnen-1.pdf\" target=\"_blank\" rel=\"noopener\">WebUntis f\u00fcr Sch\u00fcler*innen<\/a><\/p>\n<p><a href=\"https:\/\/www.lichtenfels.at\/wp-content\/uploads\/2023\/10\/05-WebUntis_Eltern-1.pdf\" target=\"_blank\" rel=\"noopener\">WebUntis f\u00fcr Erziehungsberechtigte<\/a><\/p>\n<p><a href=\"https:\/\/www.lichtenfels.at\/wp-content\/uploads\/2025\/12\/Elternsprechtag-Anmeldung-WebUntis-2526.pdf\" target=\"_blank\" rel=\"noopener\">Elternsprechtag-Anmeldung \u00fcber WebUntis &#8211; NEU<\/a><\/p>\n<p><a href=\"https:\/\/www.lichtenfels.at\/wp-content\/uploads\/2022\/12\/Probleme-beim-Anmelden-in-WebUntis.pdf\" target=\"_blank\" rel=\"noopener\">Probleme beim Anmelden in WebUntis<\/a><\/p>\n<p>&nbsp;<\/p>\n<h4>Microsoft Teams<\/h4>\n<p><a href=\"http:\/\/www.lichtenfels.at\/wp-content\/uploads\/2020\/03\/MS-Teams.pdf\" target=\"_blank\" rel=\"noopener noreferrer\">MS-Teams Anleitung (kompakt)<\/a><\/p>\n<p><a href=\"http:\/\/www.lichtenfels.at\/wp-content\/uploads\/2020\/03\/Anleitung-f\u00fcr-Microsoft-Teams.pdf\" target=\"_blank\" rel=\"noopener noreferrer\">MS-Teams Anleitung (detailliert mit Screenshots)<\/a><\/p>\n<p><a href=\"http:\/\/www.lichtenfels.at\/wp-content\/uploads\/2020\/03\/MS-Teams-Audiokonferenz.pdf\" target=\"_blank\" rel=\"noopener noreferrer\">MS-Teams Audiokonferenz<\/a><\/p>\n<p><a href=\"http:\/\/www.lichtenfels.at\/wp-content\/uploads\/2020\/04\/MS-Teams-fuer-Eltern.pdf\" target=\"_blank\" rel=\"noopener noreferrer\">MS-Teams f\u00fcr Eltern<\/a><\/p>\n<p>&nbsp;<\/p>\n<h4>Office 365<\/h4>\n<p><a href=\"https:\/\/www.lichtenfels.at\/wp-content\/uploads\/2026\/03\/Office-installieren.pdf\" target=\"_blank\" rel=\"noopener\">Microsoft Office365 installieren (gratis)<\/a><\/p>\n<p>&nbsp;<\/p>\n<h4>Schulbibliothek<\/h4>\n<p><a href=\"http:\/\/www.lichtenfels.at\/neu\/wp-content\/uploads\/2018\/12\/web.OPAC_Benutzerfolder.pdf\" target=\"blank\" rel=\"noopener noreferrer\">Onlinekatalog<\/a><\/p>\n<p>&nbsp;<\/p>\n<h4>Fehler 401<\/h4>\n<p><a href=\"https:\/\/www.lichtenfels.at\/wp-content\/uploads\/2021\/11\/Fehler-401-beim-Anmelden-an-einem-Dienst.pdf\" target=\"_blank\" rel=\"noopener\">Fehler 401 beim Anmelden an einem Dienst<\/a><\/p>\n","protected":false},"excerpt":{"rendered":"<p>Anmeldung Schul PC Benutzername f\u00fcr die Anmeldung am Schul-PC &nbsp; Laptops aus der Ger\u00e4teinitiative Umgang mit defekten Laptops aus der Ger\u00e4teinitiative: Hilfe, mein Laptop ist defekt! &nbsp; Schul-WLAN Keine Verbindung\u2026 <a href=\"https:\/\/www.lichtenfels.at\/neu\/service\/anleitungen\/\" class=\"read-more-link\">weiterlesen &rarr;<\/a><\/p>\n","protected":false},"author":3,"featured_media":0,"parent":18116,"menu_order":5,"comment_status":"closed","ping_status":"closed","template":"page-fullwidth.php","meta":[],"_links":{"self":[{"href":"https:\/\/www.lichtenfels.at\/neu\/wp-json\/wp\/v2\/pages\/39698"}],"collection":[{"href":"https:\/\/www.lichtenfels.at\/neu\/wp-json\/wp\/v2\/pages"}],"about":[{"href":"https:\/\/www.lichtenfels.at\/neu\/wp-json\/wp\/v2\/types\/page"}],"author":[{"embeddable":true,"href":"https:\/\/www.lichtenfels.at\/neu\/wp-json\/wp\/v2\/users\/3"}],"replies":[{"embeddable":true,"href":"https:\/\/www.lichtenfels.at\/neu\/wp-json\/wp\/v2\/comments?post=39698"}],"version-history":[{"count":48,"href":"https:\/\/www.lichtenfels.at\/neu\/wp-json\/wp\/v2\/pages\/39698\/revisions"}],"predecessor-version":[{"id":1121674,"href":"https:\/\/www.lichtenfels.at\/neu\/wp-json\/wp\/v2\/pages\/39698\/revisions\/1121674"}],"up":[{"embeddable":true,"href":"https:\/\/www.lichtenfels.at\/neu\/wp-json\/wp\/v2\/pages\/18116"}],"wp:attachment":[{"href":"https:\/\/www.lichtenfels.at\/neu\/wp-json\/wp\/v2\/media?parent=39698"}],"curies":[{"name":"wp","href":"https:\/\/api.w.org\/{rel}","templated":true}]}}