{"id":567937,"date":"2021-01-08T19:17:20","date_gmt":"2021-01-08T18:17:20","guid":{"rendered":"https:\/\/www.lichtenfels.at\/neu\/?page_id=567937"},"modified":"2021-01-11T10:43:30","modified_gmt":"2021-01-11T09:43:30","slug":"faq","status":"publish","type":"page","link":"https:\/\/www.lichtenfels.at\/neu\/faq\/","title":{"rendered":"FAQ"},"content":{"rendered":"<div class=\"spoiler-wrap\">\n\t\t\t\t<div class=\"spoiler-head folded\">Wie werden die &lt;strong&gt;Interessen&lt;\/strong&gt; meines Kindes gef\u00f6rdert bzw. welches zus\u00e4tzliche Kursangebot gibt es?<\/div>\n\t\t\t\t<div class=\"spoiler-body\"><\/p>\n<p>Das Lichtenfels Gymnasium hat einen Real- und einen Gymnasialzweig \u2013 Ihr Kind hat somit die M\u00f6glichkeit erst in der 3. Klasse zu entscheiden, ob es den Realzweig (naturwissenschaftlicher Schwerpunkt) oder den Gymnasialzweig (Sprachenschwerpunkt) besuchen m\u00f6chte. Die Wahl erfolgt also erst, nachdem man neue F\u00e4cher wie Englisch und Physik bereits kennenlernen konnte. Es finden auf freiwilliger Basis Olympiadenkurse f\u00fcr Mathematik, Physik, Chemie und Sprachen sowie Schulveranstaltungen und Projekte in den verschiedensten Bereichen statt. Zus\u00e4tzlich zu jenen Aktivit\u00e4ten, die direkt von der Schule kommen, gibt es bei uns auch den \u201eLife Aktiv Verein\u201c, der die unterschiedlichsten Kurse zu einem geringen Semesterbeitrag anbietet. Informieren Sie sich doch hier n\u00e4her:<\/p>\n<div class=\"one_third\"><\/div>\n<div class=\"one_third\">\n<table>\n<tbody>\n<tr>\n<td valign=\"middle\"><a href=\"https:\/\/www.lichtenfels.at\/neu\/angebot\/schulveranstaltungen\/\" target=\"_blank\" rel=\"noopener noreferrer\"><img class=\"alignnone wp-image-57920\" src=\"http:\/\/www.lichtenfels.at\/neu\/wp-content\/uploads\/2018\/09\/28-bg-brg-lichtenfels-schule-graz-gymnasium-realgymnasium-bildung-icons-1.png\" alt=\"\" width=\"60\" height=\"60\" \/><\/a><\/td>\n<td width=\"15px\"><\/td>\n<td style=\"vertical-align: middle\"><a href=\"https:\/\/www.lichtenfels.at\/neu\/angebot\/schulveranstaltungen\/\" target=\"_blank\" rel=\"noopener noreferrer\">Schulveranstaltungen<\/a><\/td>\n<\/tr>\n<tr>\n<td><a href=\"https:\/\/www.lichtenfels.at\/neu\/angebot\/projekte\/\" target=\"_blank\" rel=\"noopener noreferrer\"><img class=\"alignnone wp-image-57997\" src=\"http:\/\/www.lichtenfels.at\/neu\/wp-content\/uploads\/2018\/09\/35-bg-brg-lichtenfels-schule-graz-gymnasium-realgymnasium-bildung-icons-1.png\" alt=\"\" width=\"60\" height=\"60\" \/><\/a><\/td>\n<td><\/td>\n<td style=\"vertical-align: middle\"><a href=\"https:\/\/www.lichtenfels.at\/neu\/angebot\/projekte\/\" target=\"_blank\" rel=\"noopener noreferrer\">Projekte<\/a><\/td>\n<\/tr>\n<tr>\n<td><a href=\"https:\/\/www.lichtenfels.at\/neu\/angebot\/begabungs-begabtenfoerderung\/\" target=\"_blank\" rel=\"noopener noreferrer\"><img class=\"alignnone wp-image-57942\" src=\"http:\/\/www.lichtenfels.at\/neu\/wp-content\/uploads\/2018\/09\/30-bg-brg-lichtenfels-schule-graz-gymnasium-realgymnasium-bildung-icons-1.png\" alt=\"\" width=\"60\" height=\"60\" \/><\/a><\/td>\n<td><\/td>\n<td style=\"vertical-align: middle\"><a href=\"https:\/\/www.lichtenfels.at\/neu\/angebot\/begabungs-begabtenfoerderung\/\" target=\"_blank\" rel=\"noopener noreferrer\">Begabungs- &amp; Begabtenf\u00f6rderung<\/a><\/td>\n<\/tr>\n<tr>\n<td><a href=\"https:\/\/www.lichtenfels.at\/neu\/angebot\/life-aktiv\/\" target=\"_blank\" rel=\"noopener noreferrer\"><img loading=\"lazy\" class=\"alignnone wp-image-57899\" src=\"http:\/\/www.lichtenfels.at\/neu\/wp-content\/uploads\/2018\/09\/27-bg-brg-lichtenfels-schule-graz-gymnasium-realgymnasium-bildung-icons-1.png\" alt=\"\" width=\"60\" height=\"60\" \/><\/a><\/td>\n<td><\/td>\n<td style=\"vertical-align: middle\"><a href=\"https:\/\/www.lichtenfels.at\/neu\/angebot\/life-aktiv\/\" target=\"_blank\" rel=\"noopener noreferrer\">Life Aktiv<\/a><\/td>\n<\/tr>\n<\/tbody>\n<\/table>\n<\/div>\n<div class=\"one_third last\"><\/div>\n<div class=\"clear\"><\/div>\n<p><\/div>\n\t\t\t<\/div>\n<div class=\"spoiler-wrap\">\n\t\t\t\t<div class=\"spoiler-head folded\">Welche &lt;strong&gt;Zweige\/ Vertiefungen\/ Sprachen&lt;\/strong&gt; kann mein Kind w\u00e4hlen?<\/div>\n\t\t\t\t<div class=\"spoiler-body\"><\/p>\n<p>Es gibt zu unterschiedlichen Zeitpunkten der Schullaufbahn Wahlm\u00f6glichkeiten. Kurz zusammengefasst:<\/p>\n<p><strong>in allen Schulstufen: <\/strong>Olympiaden (Mathematik, Physik, Chemie und in einzelnen Sprachen), Freif\u00e4cher, Life Aktiv Kurse<\/p>\n<ol start=\"3\">\n<li><strong> Klasse: <\/strong>Wahl zwischen Realgymnasium (naturwissenschaftlicher Schwerpunkt \u2013 Mathematik, Labor, Physik, Chemie) und Gymnasium (eine zus\u00e4tzliche Fremdsprache ab der 3. Klasse) und Gymnasium mit Englisch als Arbeitssprache in mehreren F\u00e4chern<\/li>\n<\/ol>\n<p><strong>Fremdsprachen: <\/strong>Wahl zwischen Latein, Franz\u00f6sisch, Italienisch (und Spanisch als Wahlpflichtfach)<\/p>\n<p><strong>Oberstufe:<\/strong> Wahlpflichtf\u00e4cher \u2013 1-3 F\u00e4cher werden gew\u00e4hlt. Details finden sie <a href=\"https:\/\/www.lichtenfels.at\/neu\/wp-content\/uploads\/2018\/10\/Info-Wahlpflichtf%C3%A4cher.pdf\" target=\"_blank\" rel=\"noopener noreferrer\">hier<\/a>.<\/p>\n<div class=\"one_third\"><\/div>\n<div class=\"one_third\">\n<table>\n<tbody>\n<tr>\n<td><a href=\"https:\/\/www.lichtenfels.at\/neu\/angebot\/lehrangebot\/\" target=\"_blank\" rel=\"noopener noreferrer\"><img loading=\"lazy\" class=\"alignnone wp-image-58516\" src=\"http:\/\/www.lichtenfels.at\/neu\/wp-content\/uploads\/2018\/09\/73-bg-brg-lichtenfels-schule-graz-gymnasium-realgymnasium-bildung-icons-1.png\" alt=\"\" width=\"60\" height=\"60\" \/><\/a><\/td>\n<td width=\"15px\"><\/td>\n<td style=\"vertical-align: middle\"><a href=\"https:\/\/www.lichtenfels.at\/neu\/angebot\/lehrangebot\/\" target=\"_blank\" rel=\"noopener noreferrer\">Lehrangebot<\/a><\/td>\n<\/tr>\n<\/tbody>\n<\/table>\n<\/div>\n<div class=\"one_third last\"><\/div>\n<div class=\"clear\"><\/div>\n<p><\/div>\n\t\t\t<\/div>\n<div class=\"spoiler-wrap\">\n\t\t\t\t<div class=\"spoiler-head folded\">Welches &lt;strong&gt;Sportangebot&lt;\/strong&gt; gibt es an der Schule?<\/div>\n\t\t\t\t<div class=\"spoiler-body\"><\/p>\n<p>Unsere Schule verf\u00fcgt \u00fcber eine umfassende Infrastruktur. Es gibt einen <strong>Sportplatz<\/strong>,<strong> 2 Turns\u00e4le <\/strong>und wir nutzen zus\u00e4tzlich das <strong>Unionbad <\/strong>regelm\u00e4\u00dfig f\u00fcr Schwimmunterricht. Au\u00dferdem gibt es regelm\u00e4\u00dfige Sportveranstaltungen, die gr\u00f6\u00dften sind der <strong>Skitag <\/strong>in den 1. Klassen, 2 <strong>Skikurse <\/strong>(2. und 3. Klassen) und die <strong>Sommersportwoche <\/strong>(5. Klassen).<\/p>\n<p>Dar\u00fcber hinaus gibt es auch die M\u00f6glichkeit \u00fcber den <a href=\"https:\/\/www.lichtenfels.at\/neu\/angebot\/life-aktiv\/\" target=\"_blank\" rel=\"noopener noreferrer\"><strong>Verein Life Aktiv<\/strong><\/a> verschiedenste Sportkurse zu einem g\u00fcnstigen Beitrag zu besuchen.<\/p>\n<p><\/div>\n\t\t\t<\/div>\n<div class=\"spoiler-wrap\">\n\t\t\t\t<div class=\"spoiler-head folded\">Welche &lt;strong&gt;Unterst\u00fctzung&lt;\/strong&gt; gibt es f\u00fcr mein Kind, sollte es in eine schwierige Situation kommen?<\/div>\n\t\t\t\t<div class=\"spoiler-body\">Unser Team aus Lehrpersonen und ausgebildeten Sch\u00fclerInnen ist bem\u00fcht Ihrem Kind in jeder Situation zur Seite zu stehen. Zu unserem Unterst\u00fctzungssystemen z\u00e4hlen die Buddys (Sch\u00fclerInnen, die Ihrem Kind f\u00fcr einen erleichterten Einstieg behilflich sind), die Peers (Sch\u00fclerInnen mit der Ausbildung zum Mediator\/zur Mediatorin, das Team zur Mobbingpr\u00e4vention, das Krisenteam, die Sch\u00fclerInnen- und Bildungsberatung, unsere Schulpsychologin, das Angebot zum Jugendcoaching und die Sch\u00fclerInnennachhilfe (gute Sch\u00fclerInnen der Oberstufe bieten kosteng\u00fcnstig und unkompliziert im Schulgeb\u00e4ude Nachhilfe f\u00fcr Sch\u00fclerInnen an).<\/p>\n<div class=\"one_third\"><\/div>\n<div class=\"one_third\">\n<table>\n<tbody>\n<tr>\n<td><a href=\"https:\/\/www.lichtenfels.at\/wp-content\/uploads\/2021\/01\/EInlageblatt_Unterst\u00fctzungssysteme.pdf\" target=\"_blank\" rel=\"noopener noreferrer\"><img loading=\"lazy\" class=\"alignnone wp-image-58353\" src=\"http:\/\/www.lichtenfels.at\/neu\/wp-content\/uploads\/2018\/09\/60-bg-brg-lichtenfels-schule-graz-gymnasium-realgymnasium-bildung-icons-1.png\" alt=\"\" width=\"60\" height=\"60\" \/><\/a><\/td>\n<td width=\"15px\"><\/td>\n<td style=\"vertical-align: middle\"><a href=\"https:\/\/www.lichtenfels.at\/wp-content\/uploads\/2021\/01\/EInlageblatt_Unterst\u00fctzungssysteme.pdf\" target=\"_blank\" rel=\"noopener noreferrer\">Unterst\u00fctzungssysteme<\/a><\/td>\n<\/tr>\n<\/tbody>\n<\/table>\n<\/div>\n<div class=\"one_third last\"><\/div>\n<div class=\"clear\"><\/div>\n<p><\/div>\n\t\t\t<\/div>\n<div class=\"spoiler-wrap\">\n\t\t\t\t<div class=\"spoiler-head folded\">Gibt es eine &lt;strong&gt;schulische Tagesbetreuung&lt;\/strong&gt; und wie ist sie aufgebaut?<\/div>\n\t\t\t\t<div class=\"spoiler-body\"><\/p>\n<p>Ja, am Lichtenfels wird direkt im Schulgeb\u00e4ude eine Tagesbetreuung angeboten. Auch das Mittagessen wird von unserer K\u00f6chin direkt in der Schule zubereitet und wir essen direkt im Schulgeb\u00e4ude gemeinsam zu Mittag. F\u00fcr n\u00e4here Informationen klicken Sie bitte auf die folgenden Links:<\/p>\n<div class=\"one_third\"><\/div>\n<div class=\"one_third\">\n<table>\n<tbody>\n<tr>\n<td><a href=\"https:\/\/www.lichtenfels.at\/wp-content\/uploads\/2021\/01\/Einlageblatt_STB.pdf\" target=\"_blank\" rel=\"noopener noreferrer\"><img loading=\"lazy\" class=\"alignnone wp-image-58516\" src=\"https:\/\/www.lichtenfels.at\/wp-content\/uploads\/2021\/01\/Info-1.png\" alt=\"\" width=\"60\" height=\"60\" \/><\/a><\/td>\n<td width=\"15px\"><\/td>\n<td style=\"vertical-align: middle\"><a href=\"https:\/\/www.lichtenfels.at\/wp-content\/uploads\/2021\/01\/Einlageblatt_STB.pdf\" target=\"_blank\" rel=\"noopener noreferrer\">Informationsschreiben STB<\/a><\/td>\n<\/tr>\n<tr>\n<td><a href=\"https:\/\/www.lichtenfels.at\/neu\/angebot\/schulische-tagesbetreuung\/\" target=\"_blank\" rel=\"noopener noreferrer\"><img loading=\"lazy\" class=\"alignnone wp-image-57792\" src=\"http:\/\/www.lichtenfels.at\/neu\/wp-content\/uploads\/2018\/09\/20-bg-brg-lichtenfels-schule-graz-gymnasium-realgymnasium-bildung-icons-1.png\" alt=\"\" width=\"60\" height=\"60\" \/><\/a><\/td>\n<td><\/td>\n<td style=\"vertical-align: middle\"><a href=\"https:\/\/www.lichtenfels.at\/neu\/angebot\/schulische-tagesbetreuung\/\" target=\"_blank\" rel=\"noopener noreferrer\">Schulische Tagesbetreuung<\/a><\/td>\n<\/tr>\n<\/tbody>\n<\/table>\n<\/div>\n<div class=\"one_third last\"><\/div>\n<div class=\"clear\"><\/div>\n<p><\/div>\n\t\t\t<\/div>\n<div class=\"spoiler-wrap\">\n\t\t\t\t<div class=\"spoiler-head folded\">Welche &lt;strong&gt;Schulveranstaltungen&lt;\/strong&gt; gibt es regelm\u00e4\u00dfig?<\/div>\n\t\t\t\t<div class=\"spoiler-body\"><\/p>\n<p>Neben regelm\u00e4\u00dfigen Projekten (unter anderem in Kooperation mit der TU Graz und der Kinderuni), Museums- und Theaterbesuchen gibt es einige gr\u00f6\u00dfere Schulveranstaltungen, die am Lichtenfels Tradition haben. Dazu z\u00e4hlen ein Skitag in den 1. Klassen, Skikurse in den 2. und 3. Klassen, eine meeresbiologische Woche in den 4. Klassen und eine Sommersportwoche sowie zwei Sprachreisen in der Oberstufe. F\u00fcr n\u00e4here Informationen folgen Sie bitte diesem Link:<\/p>\n<div class=\"one_third\"><\/div>\n<div class=\"one_third\">\n<table>\n<tbody>\n<tr>\n<td valign=\"middle\"><a href=\"https:\/\/www.lichtenfels.at\/neu\/angebot\/schulveranstaltungen\/\" target=\"_blank\" rel=\"noopener noreferrer\"><img class=\"alignnone wp-image-57920\" src=\"http:\/\/www.lichtenfels.at\/neu\/wp-content\/uploads\/2018\/09\/28-bg-brg-lichtenfels-schule-graz-gymnasium-realgymnasium-bildung-icons-1.png\" alt=\"\" width=\"60\" height=\"60\" \/><\/a><\/td>\n<td width=\"15px\"><\/td>\n<td style=\"vertical-align: middle\"><a href=\"https:\/\/www.lichtenfels.at\/neu\/angebot\/schulveranstaltungen\/\" target=\"_blank\" rel=\"noopener noreferrer\">Schulveranstaltungen<\/a><\/td>\n<\/tr>\n<\/tbody>\n<\/table>\n<\/div>\n<div class=\"one_third last\"><\/div>\n<div class=\"clear\"><\/div>\n<p><\/div>\n\t\t\t<\/div>\n<div class=\"spoiler-wrap\">\n\t\t\t\t<div class=\"spoiler-head folded\">Gibt es auch &lt;strong&gt;Unterricht in englischer Sprache&lt;\/strong&gt;\/ besondere &lt;strong&gt;Angebote im Bereich Englisch&lt;\/strong&gt;?<\/div>\n\t\t\t\t<div class=\"spoiler-body\">Ja, neben einigen Projekten, die in Englisch angeboten werden, gibt es auch die M\u00f6glichkeit in der 3. und 4. Klasse Gymnasium<strong> Englisch als Arbeitssprache <\/strong>zu w\u00e4hlen. In diesem Zweig werden einige F\u00e4cher zu einem gro\u00dfen Teil auf Englisch unterrichtet. Die Entscheidung \u00fcber die Wahl f\u00fcr diesen Zweig f\u00e4llt in der zweiten Klasse, nachdem Ihr Kind gen\u00fcgend Zeit hatte, sich ein Bild vom Englischunterricht und der englischen Sprache zu machen. Abgesehen davon wird f\u00fcr alle Sch\u00fclerInnen in den 4. Klassen eine <strong>English Week<\/strong> direkt an der Schule abgehalten, in der sie von kompetenten Native Speakern unterrichtet werden. Des Weiteren erwartet die Sch\u00fclerInnen eine <strong>Sprachwoche in Irland <\/strong>(6. Klasse), und es werden regelm\u00e4\u00dfig <strong>Erasmusprojekte <\/strong>durchgef\u00fchrt, in denen aufgrund der internationalen Zusammenarbeit die Arbeitssprache oft Englisch ist.<\/div>\n\t\t\t<\/div>\n<div class=\"spoiler-wrap\">\n\t\t\t\t<div class=\"spoiler-head folded\">Was muss ich \u00fcber die &lt;strong&gt;Anmeldung&lt;\/strong&gt; wissen? Was sind die &lt;strong&gt;Aufnahmekriterien&lt;\/strong&gt;? Wann erfahre ich, ob mein Kind einen Platz bekommen hat und was mache ich, wenn es keinen Platz bekommen hat?<\/div>\n\t\t\t\t<div class=\"spoiler-body\"><\/p>\n<p><strong>Anmeldefrist<\/strong>: Montag, 22. Februar 2021 bis Freitag, 05. M\u00e4rz 2021<\/p>\n<p>Zur Anmeldung Ihres Kindes ben\u00f6tigen Sie folgende <strong>Dokumente<\/strong>: Geburtsurkunde, Staatsb\u00fcrgerschaftsnachweis (des Kindes und des Erziehungsberechtigten), Meldezettel, Schulnachricht, eine M\u00f6glichkeit zur Kontaktaufnahme (Mailadresse, Adresse, Telefonnummer)<\/p>\n<p><strong>Aufnahmekriterien<\/strong>: Entsprechend der gesetzlichen Kriterien erfolgt die Platzzuteilung folgenderma\u00dfen:<\/p>\n<ul>\n<li>Sollte Ihr Kind eine schlechtere Beurteilung als \u201eGut\u201c in den Pflichtgegenst\u00e4nden \u201eDeutsch, Lesen, Schreiben\u201c oder \u201eMathematik\u201c in der Schulnachricht der 4. Klasse Volksschule bzw. im zuletzt ausgestellten Zeugnis aufweisen, erh\u00e4lt es von der (Wunsch-)Schule keinen vorl\u00e4ufigen Schulplatz zugewiesen (Aufnahmspr\u00fcfung). Etwaige Aufnahmepr\u00fcfungen finden am Dienstag (06. Juli 2021) und Mittwoch (07. Juli 2021) der letzten Schulwoche statt.<\/li>\n<li>Sofern an der Schule nicht ausreichend Schulpl\u00e4tze verf\u00fcgbar sind, erfolgt eine Reihung der AufnahmebewerberInnen nach Ma\u00dfgabe der Eignung, der Wohnortn\u00e4he und des Besuches der Schule durch eine Schwester oder einen Bruder.<\/li>\n<li>Sollte Ihrem Kind kein Schulplatz am Lichtenfels zugewiesen werden k\u00f6nnen, werden wir Sie umgehend \u00fcber Schulen mit freien Pl\u00e4tzen informieren, damit Sie wissen, an welche Schule Sie sich alternativ wenden k\u00f6nnen.<\/li>\n<\/ul>\n<div class=\"one_fifth\"><\/div>\n<div class=\"three_fifth\">\n<div class=\"callout\">\n<div class=\"border clearfix\">\n<div class=\"callout-content\">\n<h2 class=\"highlight\">Anmeldeformular<\/h2>\n<p>Hier kommt am 22. Februar 2021 ein Link zum Anmeldeformular. <span class=\"responsive\"><\/span>\n      \t\t\t<\/div>\n<div class=\"callout-button\" style=\"margin:4px 0 10px 0\">\n      \t\t\t\t<a class=\"button normal alternative-1\" href=\"\" target=\"_self\">Ab 22.02 verf\u00fcgbar<\/a>\n      \t\t\t<\/div>\n<\/div>\n<\/div>\n<\/div>\n<div class=\"one_fifth last\"><\/div>\n<div class=\"clear\"><\/div>\n<p><\/div>\n\t\t\t<\/div>\n<div class=\"spoiler-wrap\">\n\t\t\t\t<div class=\"spoiler-head folded\">An wen kann ich mich wenden, wenn meine &lt;strong&gt;Frage hier nicht beantwortet&lt;\/strong&gt; wurde?<\/div>\n\t\t\t\t<div class=\"spoiler-body\"><\/p>\n<p>Gerne stehen unser Sekretariat und unsere Direktion f\u00fcr Ihre individuellen Fragen zur Verf\u00fcgung:<\/p>\n<p>Mail: <a href=\"mailto:office@lichtenfels.at\">office@lichtenfels.at<\/a> f\u00fcr das Sekretariat bzw. <a href=\"mailto:dion@lichtenfels.at\">dion@lichtenfels.at<\/a> f\u00fcr die Direktion<\/p>\n<p>Tel: +43 5 0248 \u2013 004 f\u00fcr das Sekretariat bzw. +43 664 2403643 f\u00fcr die Direktion<\/p>\n<p><\/div>\n\t\t\t<\/div>\n<p>&nbsp;<\/p>\n<p>&nbsp;<\/p>\n<p>&nbsp;<\/p>\n","protected":false},"excerpt":{"rendered":"<p>&nbsp; &nbsp; &nbsp;<\/p>\n","protected":false},"author":3,"featured_media":0,"parent":0,"menu_order":0,"comment_status":"closed","ping_status":"closed","template":"page-fullwidth.php","meta":[],"_links":{"self":[{"href":"https:\/\/www.lichtenfels.at\/neu\/wp-json\/wp\/v2\/pages\/567937"}],"collection":[{"href":"https:\/\/www.lichtenfels.at\/neu\/wp-json\/wp\/v2\/pages"}],"about":[{"href":"https:\/\/www.lichtenfels.at\/neu\/wp-json\/wp\/v2\/types\/page"}],"author":[{"embeddable":true,"href":"https:\/\/www.lichtenfels.at\/neu\/wp-json\/wp\/v2\/users\/3"}],"replies":[{"embeddable":true,"href":"https:\/\/www.lichtenfels.at\/neu\/wp-json\/wp\/v2\/comments?post=567937"}],"version-history":[{"count":27,"href":"https:\/\/www.lichtenfels.at\/neu\/wp-json\/wp\/v2\/pages\/567937\/revisions"}],"predecessor-version":[{"id":575711,"href":"https:\/\/www.lichtenfels.at\/neu\/wp-json\/wp\/v2\/pages\/567937\/revisions\/575711"}],"wp:attachment":[{"href":"https:\/\/www.lichtenfels.at\/neu\/wp-json\/wp\/v2\/media?parent=567937"}],"curies":[{"name":"wp","href":"https:\/\/api.w.org\/{rel}","templated":true}]}}