{"id":70061,"date":"2018-09-27T16:22:00","date_gmt":"2018-09-27T14:22:00","guid":{"rendered":"http:\/\/www.lichtenfels.at\/neu\/?page_id=70061"},"modified":"2019-12-12T08:50:26","modified_gmt":"2019-12-12T07:50:26","slug":"llos","status":"publish","type":"page","link":"https:\/\/www.lichtenfels.at\/neu\/angebot\/projekte\/llos\/","title":{"rendered":"LLOS"},"content":{"rendered":"<h2>Das LLOS-Konzept<\/h2>\n<div class=\"one_half\">\n<p>Das<em> L<\/em>ichtenfelser <em>L<\/em>ernen <em>O<\/em>hne <em>S<\/em>tress-Projekt, kurz <em>LLOS<\/em>, unterst\u00fctzt die Grundidee des Wohlf\u00fchlens an unserem Gymnasium.<\/p>\n<p>Schule wird von uns verstanden als ein Ort, den ich gerne besuchen m\u00f6chte und wo ich mich ohne negative Einwirkungen von au\u00dfen weiterentwickeln kann. Hierzu geh\u00f6ren die Achtsamkeit gegen\u00fcber anderen als auch die Selbstkompetenz, mein Handeln einzusch\u00e4tzen und zu reflektieren.<\/p>\n<p>Um diese gelebte respektvolle Grundhaltung auch den Neuen an der Schule zu vermitteln, wird in der ersten Woche mit den ersten Klassen spielerisch der gegenseitige Umgang ge\u00fcbt; vom Rollenspiel, wie ich mich gegen\u00fcber Lehrerinnen und Lehrern zu verhalten habe, \u00fcber einen humorvollen R\u00fcckblick in das Schulleben des fr\u00fchen 20. Jahrhunderts werden die Hausregeln und Grundregeln der H\u00f6flichkeit behandelt sowie Leits\u00e4tze gemeinsam mit den Kindern aufgesetzt, die f\u00fcr ein angenehmes Klassenklima sorgen sollen. Diese werden anschlie\u00dfend symbolkr\u00e4ftig von den Kindern unterzeichnet und gut sichtbar in der Klasse ausgeh\u00e4ngt.<\/p>\n<p><img class=\"wp-image-57931 size-thumbnail aligncenter\" src=\"http:\/\/www.lichtenfels.at\/neu\/wp-content\/uploads\/2018\/09\/29-bg-brg-lichtenfels-schule-graz-gymnasium-realgymnasium-bildung-icons-1-150x150.png\" alt=\"\" width=\"150\" height=\"150\" srcset=\"https:\/\/www.lichtenfels.at\/wp-content\/uploads\/2018\/09\/29-bg-brg-lichtenfels-schule-graz-gymnasium-realgymnasium-bildung-icons-1-150x150.png 150w, https:\/\/www.lichtenfels.at\/wp-content\/uploads\/2018\/09\/29-bg-brg-lichtenfels-schule-graz-gymnasium-realgymnasium-bildung-icons-1.png 250w, https:\/\/www.lichtenfels.at\/wp-content\/uploads\/2018\/09\/29-bg-brg-lichtenfels-schule-graz-gymnasium-realgymnasium-bildung-icons-1-60x60.png 60w\" sizes=\"(max-width: 150px) 100vw, 150px\" \/><\/p>\n<\/div>\n<p>&nbsp;<\/p>\n<div class=\"one_half last\">\n<p>Da es trotz aller Vorkehrungen im Schulalltag immer wieder auch zu Konflikten kommen kann und jemand sich und die Klassenkolleginnen und Klassenkollegen beispielsweise durch St\u00f6ren am Lernen hindert, wurde das Konzept des Trainingsraums nach Stefan Balke1 adaptiert \u2013 unser sogenannter LLOS-Raum oder Ruheraum.<\/p>\n<p>Dieser Raum erm\u00f6glicht es, st\u00f6rende Sch\u00fclerinnen oder Sch\u00fcler w\u00e4hrend des Unterrichts aus dem Klassenverband herauszul\u00f6sen und Lehrpersonen f\u00fchren mit diesen Jugendlichen eine individuelle p\u00e4dagogische Beratung durch. Wichtig hierbei ist es, dass der Sch\u00fcler\/die Sch\u00fclerin sein Verhalten reflektiert, um in zuk\u00fcnftig besser auf \u00e4hnliche Situationen zu reagieren.<\/p>\n<p>Sowohl die Kinder und Jugendlichen des Lichtenfels als auch die Lehrkr\u00e4fte zeigen sich von diesem Konzept \u00fcberzeugt, also auf geht\u00b4s: Unsere Schule ist LLOS.<\/p>\n<p><img class=\"aligncenter wp-image-13503 size-thumbnail\" src=\"http:\/\/www.lichtenfels.at\/neu\/wp-content\/uploads\/2018\/09\/8-bg-brg-lichtenfels-schule-graz-gymnasium-realgymnasium-bildung-icons-150x150.png\" alt=\"\" width=\"150\" height=\"150\" srcset=\"https:\/\/www.lichtenfels.at\/wp-content\/uploads\/2018\/09\/8-bg-brg-lichtenfels-schule-graz-gymnasium-realgymnasium-bildung-icons-150x150.png 150w, https:\/\/www.lichtenfels.at\/wp-content\/uploads\/2018\/09\/8-bg-brg-lichtenfels-schule-graz-gymnasium-realgymnasium-bildung-icons-60x60.png 60w, https:\/\/www.lichtenfels.at\/wp-content\/uploads\/2018\/09\/8-bg-brg-lichtenfels-schule-graz-gymnasium-realgymnasium-bildung-icons.png 249w\" sizes=\"(max-width: 150px) 100vw, 150px\" \/><\/p>\n<\/div>\n<div class=\"clear\"><\/div>\n<p>&nbsp;<\/p>\n<p>&nbsp;<\/p>\n","protected":false},"excerpt":{"rendered":"<p>Das LLOS-Konzept Das Lichtenfelser Lernen Ohne Stress-Projekt, kurz LLOS, unterst\u00fctzt die Grundidee des Wohlf\u00fchlens an unserem Gymnasium. Schule wird von uns verstanden als ein Ort, den ich gerne besuchen m\u00f6chte\u2026 <a href=\"https:\/\/www.lichtenfels.at\/neu\/angebot\/projekte\/llos\/\" class=\"read-more-link\">weiterlesen &rarr;<\/a><\/p>\n","protected":false},"author":5,"featured_media":0,"parent":19209,"menu_order":0,"comment_status":"closed","ping_status":"closed","template":"page-fullwidth.php","meta":[],"_links":{"self":[{"href":"https:\/\/www.lichtenfels.at\/neu\/wp-json\/wp\/v2\/pages\/70061"}],"collection":[{"href":"https:\/\/www.lichtenfels.at\/neu\/wp-json\/wp\/v2\/pages"}],"about":[{"href":"https:\/\/www.lichtenfels.at\/neu\/wp-json\/wp\/v2\/types\/page"}],"author":[{"embeddable":true,"href":"https:\/\/www.lichtenfels.at\/neu\/wp-json\/wp\/v2\/users\/5"}],"replies":[{"embeddable":true,"href":"https:\/\/www.lichtenfels.at\/neu\/wp-json\/wp\/v2\/comments?post=70061"}],"version-history":[{"count":17,"href":"https:\/\/www.lichtenfels.at\/neu\/wp-json\/wp\/v2\/pages\/70061\/revisions"}],"predecessor-version":[{"id":438158,"href":"https:\/\/www.lichtenfels.at\/neu\/wp-json\/wp\/v2\/pages\/70061\/revisions\/438158"}],"up":[{"embeddable":true,"href":"https:\/\/www.lichtenfels.at\/neu\/wp-json\/wp\/v2\/pages\/19209"}],"wp:attachment":[{"href":"https:\/\/www.lichtenfels.at\/neu\/wp-json\/wp\/v2\/media?parent=70061"}],"curies":[{"name":"wp","href":"https:\/\/api.w.org\/{rel}","templated":true}]}}