{"id":70194,"date":"2018-09-27T16:22:35","date_gmt":"2018-09-27T14:22:35","guid":{"rendered":"http:\/\/www.lichtenfels.at\/neu\/?page_id=70194"},"modified":"2024-02-06T17:55:25","modified_gmt":"2024-02-06T16:55:25","slug":"unesco-schule","status":"publish","type":"page","link":"https:\/\/www.lichtenfels.at\/neu\/schule\/kooperationen\/unesco-schule\/","title":{"rendered":"UNESCO-Schule"},"content":{"rendered":"<h2><strong>Die\u00a0UNESCO<img class=\"size-full wp-image-10710 alignright\" src=\"https:\/\/www.lichtenfels.at\/wp-content\/uploads\/2022\/10\/UnescoLogoSW.png\" alt=\"\" width=\"166\" height=\"140\" \/><\/strong><\/h2>\n<p>Die United Nations Educational, Scientific and Cultural Organization (Organisation der Vereinten Nationen f\u00fcr Erziehung, Wissenschaft und Kultur) wurde 1946, gleich nach dem 2.Weltkrieg, gegr\u00fcndet. Ziel der Organisation ist es \u201edurch F\u00f6rderung der Zusammenarbeit zwischen den V\u00f6lkern auf den Gebieten der Erziehung, Wissenschaft und Kultur zur Wahrung des Friedens und der Sicherheit beizutragen, um in der ganzen Welt die Achtung vor Recht und Gerechtigkeit, vor den Menschenrechten und Grundfreiheiten zu st\u00e4rken, die den V\u00f6lkern der Welt ohne Unterschied der Rasse, des Geschlechts, der Sprache oder Religion durch die Charta der Vereinten Nationen best\u00e4tigt worden sind\u201c. (Aus Artikel 1 der Verfassung der UNESCO).<\/p>\n<p>&nbsp;<\/p>\n<h2><strong>Die Schule<\/strong><\/h2>\n<p>Das BG und BRG Lichtenfels ist seit Juni 1998 UNESCO &#8211; Schule und es geh\u00f6rt zur Friedenserziehung des Hauses, immer wieder mit der UNESCO in Form von Projekten zusammenzuarbeiten.<\/p>\n<p>Am 28. J\u00e4nner 2017 war es soweit \u2013 wir das BG\/BRG Lichtenfels w\u00e4hlten unseren Tag der offenen T\u00fcr f\u00fcr eine Performance im Sinne der UNESCO-Schulen. Dazu hatten die Sch\u00fclerInnen der 2. und 3. Klassen am jeweiligen Schikurs im J\u00e4nner Schlagw\u00f6rter zu \u201eUNESCO\u201c auf f\u00e4rbige Papierstreifen mit Plakatstiften geschrieben, Sch\u00fclerInnen der Oberstufe (6.\/8. Klassen) kn\u00fcpften diese zu Wortleitern mit je 4 Streifen zusammen. Unter dem Kommando von\u00a0\u00a0Mag. Barbara\u00a0<span id=\"0.7327959270469957\" class=\"highlight\">Suppan<\/span>\u00a0wurden diese Wortleitern nacheinander aus den Fenstern der Klassenr\u00e4ume \u201egeworfen\u201c und von den betreffenden Sch\u00fclerInnen auf den Fensterb\u00e4nken fixiert. So erstrahlte die gesamte Fassade zur Lichtenfelsgasse vom 3. Stock bis ins Parterre f\u00fcr kurze Zeit mit gr\u00fcnen, gelben, orangen und blauen Streifen. Schade, dass wir am Montag diese wieder entfernen mussten.<\/p>\n<div class=\"one_fourth\"><a href=\"http:\/\/www.lichtenfels.at\/wp-content\/uploads\/2019\/01\/2017_Unesco_Projekt_Fenster-3.jpg\"><img class=\"alignright size-thumbnail wp-image-250127\" src=\"http:\/\/www.lichtenfels.at\/wp-content\/uploads\/2019\/01\/2017_Unesco_Projekt_Fenster-3-150x150.jpg\" alt=\"\" width=\"150\" height=\"150\" srcset=\"https:\/\/www.lichtenfels.at\/wp-content\/uploads\/2019\/01\/2017_Unesco_Projekt_Fenster-3-150x150.jpg 150w, https:\/\/www.lichtenfels.at\/wp-content\/uploads\/2019\/01\/2017_Unesco_Projekt_Fenster-3-60x60.jpg 60w\" sizes=\"(max-width: 150px) 100vw, 150px\" \/><\/a><\/div>\n<div class=\"one_fourth\"><a href=\"http:\/\/www.lichtenfels.at\/wp-content\/uploads\/2019\/01\/2017_Unesco_Projekt_Fenster-1-1.jpg\"><img class=\"alignright size-thumbnail wp-image-250116\" src=\"http:\/\/www.lichtenfels.at\/wp-content\/uploads\/2019\/01\/2017_Unesco_Projekt_Fenster-1-1-150x150.jpg\" alt=\"\" width=\"150\" height=\"150\" srcset=\"https:\/\/www.lichtenfels.at\/wp-content\/uploads\/2019\/01\/2017_Unesco_Projekt_Fenster-1-1-150x150.jpg 150w, https:\/\/www.lichtenfels.at\/wp-content\/uploads\/2019\/01\/2017_Unesco_Projekt_Fenster-1-1-60x60.jpg 60w\" sizes=\"(max-width: 150px) 100vw, 150px\" \/><\/a><\/div>\n<div class=\"one_fourth\"><a href=\"http:\/\/www.lichtenfels.at\/wp-content\/uploads\/2019\/01\/2017_Unesco_Projekt_Fenster-5.jpg\"><img loading=\"lazy\" class=\"alignright size-thumbnail wp-image-250138\" src=\"http:\/\/www.lichtenfels.at\/wp-content\/uploads\/2019\/01\/2017_Unesco_Projekt_Fenster-5-150x150.jpg\" alt=\"\" width=\"150\" height=\"150\" srcset=\"https:\/\/www.lichtenfels.at\/wp-content\/uploads\/2019\/01\/2017_Unesco_Projekt_Fenster-5-150x150.jpg 150w, https:\/\/www.lichtenfels.at\/wp-content\/uploads\/2019\/01\/2017_Unesco_Projekt_Fenster-5-60x60.jpg 60w\" sizes=\"(max-width: 150px) 100vw, 150px\" \/><\/a><\/div>\n<div class=\"one_fourth last\"><a href=\"http:\/\/www.lichtenfels.at\/wp-content\/uploads\/2019\/01\/2017_Unesco_Projekt_Fenster-9.jpg\"><img loading=\"lazy\" class=\"alignright size-thumbnail wp-image-250159\" src=\"http:\/\/www.lichtenfels.at\/wp-content\/uploads\/2019\/01\/2017_Unesco_Projekt_Fenster-9-150x150.jpg\" alt=\"\" width=\"150\" height=\"150\" srcset=\"https:\/\/www.lichtenfels.at\/wp-content\/uploads\/2019\/01\/2017_Unesco_Projekt_Fenster-9-150x150.jpg 150w, https:\/\/www.lichtenfels.at\/wp-content\/uploads\/2019\/01\/2017_Unesco_Projekt_Fenster-9-60x60.jpg 60w\" sizes=\"(max-width: 150px) 100vw, 150px\" \/><\/a><\/div>\n<div class=\"clear\"><\/div>\n","protected":false},"excerpt":{"rendered":"<p>Die\u00a0UNESCO Die United Nations Educational, Scientific and Cultural Organization (Organisation der Vereinten Nationen f\u00fcr Erziehung, Wissenschaft und Kultur) wurde 1946, gleich nach dem 2.Weltkrieg, gegr\u00fcndet. Ziel der Organisation ist es\u2026 <a href=\"https:\/\/www.lichtenfels.at\/neu\/schule\/kooperationen\/unesco-schule\/\" class=\"read-more-link\">weiterlesen &rarr;<\/a><\/p>\n","protected":false},"author":5,"featured_media":0,"parent":18403,"menu_order":1,"comment_status":"closed","ping_status":"closed","template":"page-fullwidth.php","meta":[],"_links":{"self":[{"href":"https:\/\/www.lichtenfels.at\/neu\/wp-json\/wp\/v2\/pages\/70194"}],"collection":[{"href":"https:\/\/www.lichtenfels.at\/neu\/wp-json\/wp\/v2\/pages"}],"about":[{"href":"https:\/\/www.lichtenfels.at\/neu\/wp-json\/wp\/v2\/types\/page"}],"author":[{"embeddable":true,"href":"https:\/\/www.lichtenfels.at\/neu\/wp-json\/wp\/v2\/users\/5"}],"replies":[{"embeddable":true,"href":"https:\/\/www.lichtenfels.at\/neu\/wp-json\/wp\/v2\/comments?post=70194"}],"version-history":[{"count":12,"href":"https:\/\/www.lichtenfels.at\/neu\/wp-json\/wp\/v2\/pages\/70194\/revisions"}],"predecessor-version":[{"id":773035,"href":"https:\/\/www.lichtenfels.at\/neu\/wp-json\/wp\/v2\/pages\/70194\/revisions\/773035"}],"up":[{"embeddable":true,"href":"https:\/\/www.lichtenfels.at\/neu\/wp-json\/wp\/v2\/pages\/18403"}],"wp:attachment":[{"href":"https:\/\/www.lichtenfels.at\/neu\/wp-json\/wp\/v2\/media?parent=70194"}],"curies":[{"name":"wp","href":"https:\/\/api.w.org\/{rel}","templated":true}]}}