{"id":70578,"date":"2018-09-27T16:24:46","date_gmt":"2018-09-27T14:24:46","guid":{"rendered":"http:\/\/www.lichtenfels.at\/neu\/?page_id=70578"},"modified":"2018-10-17T10:41:06","modified_gmt":"2018-10-17T08:41:06","slug":"schule-ohne-rassismus","status":"publish","type":"page","link":"https:\/\/www.lichtenfels.at\/neu\/angebot\/projekte\/schule-ohne-rassismus\/","title":{"rendered":"Schule ohne Rassismus"},"content":{"rendered":"<h1>Was ist &#8222;Schule ohne Rassismus&#8220;?<\/h1>\n<p>&#8222;Schule ohne Rassismus&#8220; ist ein\u00a0<strong>Projekt von Jugendlichen f\u00fcr Jugendliche<\/strong>\u00a0mit der Zielsetzung, durch aktive Mitarbeit der Jugendlichen einen handlungsorientierten Beitrag zur Bek\u00e4mpfung von Rassismus und jeglicher Form von sozialer Ausgrenzung im Lebens- und Arbeitsraum &#8222;Schule&#8220; zu leisten. Dabei steht ihnen die ARGE als Anbieterin verschiedener Projektmodule sowie f\u00fcr das Projektmanagement zur Seite. Die Sch\u00fclerInnen k\u00f6nnen sich mit ihren Ideen aktiv an diesem Jugendprojekt, das f\u00fcr Toleranz, Verst\u00e4ndigung und Integration steht, einbringen.<\/p>\n<p><img class=\"size-medium wp-image-10666 alignright\" src=\"http:\/\/www.lichtenfels.at\/neu\/wp-content\/uploads\/2018\/09\/Schule-ohne-Rassismus-bg-brg-lichtenfels-schule-gymnasium-1-300x101.png\" alt=\"\" width=\"300\" height=\"101\" srcset=\"https:\/\/www.lichtenfels.at\/wp-content\/uploads\/2018\/09\/Schule-ohne-Rassismus-bg-brg-lichtenfels-schule-gymnasium-1-300x101.png 300w, https:\/\/www.lichtenfels.at\/wp-content\/uploads\/2018\/09\/Schule-ohne-Rassismus-bg-brg-lichtenfels-schule-gymnasium-1.png 301w\" sizes=\"(max-width: 300px) 100vw, 300px\" \/><\/p>\n<p>Entwickelt wurde das Projekt 1988 in Belgien als Reaktion auf Wahlerfolge rechtsextremistischer Parteien und eines europaweiten Wiederauflebens des Rassismus. Zur Zeit beteiligen sich weitere L\u00e4nder wie Deutschland, Holland, Spanien und \u00d6sterreich (ARGE Jugend gegen Gewalt und Rassismus, Graz &amp; Asylkoordination, Wien) an diesem Projekt.<\/p>\n<p>Ebenso wie unsere europ\u00e4ischen Partnerschulen setzen wir auch in der Steiermark auf die aktive Beteiligung junger Menschen zur Bek\u00e4mpfung des Rassismus und anderer Formen von Ausgrenzung. Wir sehen in der europ\u00e4ischen Jugend die Hoffnungstr\u00e4ger f\u00fcr ein interkulturelles und modernes Europa.<\/p>\n<h4>Zielsetzung:<\/h4>\n<ul>\n<li>Sensibilisierung und Bewusstseinsbildung von Sch\u00fclerInnen hinsichtlich der Themen Gewalt, Rassismus sowie damit &#8222;verwandte&#8220; Formen sozialer Ausgrenzung<\/li>\n<li>Verbindung schulischer und au\u00dferschulischer Projektangebote in Form von projektorientierten Handlungsalternativen im Lebens- und Arbeitsraum Schule: &#8222;Learning by doing&#8220;<\/li>\n<\/ul>\n<h4>Projekt im Schuljahr 2017\/18: &#8222;Menschenrechte&#8220;<\/h4>\n<p>Am Donnerstag, dem 17. Mai 2018, ergr\u00fcndeten Sch\u00fclerinnen und Sch\u00fcler der Klassen 4c, 5a und 6b das Thema Menschenrechte und gingen der Frage nach, welchen Stellenwert der Menschenrechtskatalog 70 Jahre nach dessen Einf\u00fchrung in unserer Gesellschaft hat.<\/p>\n<p>Am Menschenrechtsweg im Grazer Leechwald wurden zun\u00e4chst die einzelnen Menschenrechte erarbeitet, um diese im Anschluss im Kontext von wirtschaftlichen und sozialen Themen zu diskutieren. Sch\u00fclerinnnen und Sch\u00fcler setzten sich mit Artikeln der Weltorganisation Amnesty International auseinander und zeigten auf, in welchen Bereichen unserer Gesellschaft nach wie vor Menschenrechte verletzt werden. Beim Ein\u00fcben eines kritischen Human-Rights-Songs wurden diese Problematiken sogar vertont. Im Laufe dieses Vormittages und in einer abschlie\u00dfenden Diskussion mit Mag. Kobald, Mag. Truppe-Bugram und Mag. Blinzer konnten Sch\u00fclerinnen und Sch\u00fcler Antworten auf die Frage, was das Thema Menschenrechte mit Alltagsgegenst\u00e4nden wie einem Smartphone, einem Eis oder Kleidung verbindet, finden. Pers\u00f6nlich besonders interessante Menschenrechte wurden zum Abschluss auf Papierfliegern verewigt und gemeinsam \u201efrei gelassen\u201c.<\/p>\n<p><a href=\"http:\/\/www.lichtenfels.at\/neu\/wp-content\/uploads\/2018\/10\/Schule-ohne-Rassismus_Projekt-Menschenrechte_2017_18_2.jpg\"><img fetchpriority=\"high\" class=\"wp-image-139731 size-medium alignleft\" src=\"http:\/\/www.lichtenfels.at\/neu\/wp-content\/uploads\/2018\/10\/Schule-ohne-Rassismus_Projekt-Menschenrechte_2017_18-300x201.jpg\" alt=\"\" width=\"300\" height=\"201\" srcset=\"https:\/\/www.lichtenfels.at\/wp-content\/uploads\/2018\/10\/Schule-ohne-Rassismus_Projekt-Menschenrechte_2017_18-300x201.jpg 300w, https:\/\/www.lichtenfels.at\/wp-content\/uploads\/2018\/10\/Schule-ohne-Rassismus_Projekt-Menschenrechte_2017_18-768x514.jpg 768w, https:\/\/www.lichtenfels.at\/wp-content\/uploads\/2018\/10\/Schule-ohne-Rassismus_Projekt-Menschenrechte_2017_18.jpg 1000w\" sizes=\"(max-width: 300px) 100vw, 300px\" \/><img class=\"alignright wp-image-139752 size-medium\" src=\"http:\/\/www.lichtenfels.at\/neu\/wp-content\/uploads\/2018\/10\/Schule-ohne-Rassismus_Projekt-Menschenrechte_2017_18_2-300x201.jpg\" alt=\"\" width=\"300\" height=\"201\" srcset=\"https:\/\/www.lichtenfels.at\/wp-content\/uploads\/2018\/10\/Schule-ohne-Rassismus_Projekt-Menschenrechte_2017_18_2-300x201.jpg 300w, https:\/\/www.lichtenfels.at\/wp-content\/uploads\/2018\/10\/Schule-ohne-Rassismus_Projekt-Menschenrechte_2017_18_2-768x514.jpg 768w, https:\/\/www.lichtenfels.at\/wp-content\/uploads\/2018\/10\/Schule-ohne-Rassismus_Projekt-Menschenrechte_2017_18_2.jpg 1000w\" sizes=\"(max-width: 300px) 100vw, 300px\" \/><\/a><\/p>\n<p>&nbsp;<\/p>\n<p style=\"padding-left: 60px;\">\n","protected":false},"excerpt":{"rendered":"<p>Was ist &#8222;Schule ohne Rassismus&#8220;? &#8222;Schule ohne Rassismus&#8220; ist ein\u00a0Projekt von Jugendlichen f\u00fcr Jugendliche\u00a0mit der Zielsetzung, durch aktive Mitarbeit der Jugendlichen einen handlungsorientierten Beitrag zur Bek\u00e4mpfung von Rassismus und jeglicher\u2026 <a href=\"https:\/\/www.lichtenfels.at\/neu\/angebot\/projekte\/schule-ohne-rassismus\/\" class=\"read-more-link\">weiterlesen &rarr;<\/a><\/p>\n","protected":false},"author":5,"featured_media":0,"parent":19209,"menu_order":2,"comment_status":"closed","ping_status":"closed","template":"page-fullwidth.php","meta":[],"_links":{"self":[{"href":"https:\/\/www.lichtenfels.at\/neu\/wp-json\/wp\/v2\/pages\/70578"}],"collection":[{"href":"https:\/\/www.lichtenfels.at\/neu\/wp-json\/wp\/v2\/pages"}],"about":[{"href":"https:\/\/www.lichtenfels.at\/neu\/wp-json\/wp\/v2\/types\/page"}],"author":[{"embeddable":true,"href":"https:\/\/www.lichtenfels.at\/neu\/wp-json\/wp\/v2\/users\/5"}],"replies":[{"embeddable":true,"href":"https:\/\/www.lichtenfels.at\/neu\/wp-json\/wp\/v2\/comments?post=70578"}],"version-history":[{"count":17,"href":"https:\/\/www.lichtenfels.at\/neu\/wp-json\/wp\/v2\/pages\/70578\/revisions"}],"predecessor-version":[{"id":140441,"href":"https:\/\/www.lichtenfels.at\/neu\/wp-json\/wp\/v2\/pages\/70578\/revisions\/140441"}],"up":[{"embeddable":true,"href":"https:\/\/www.lichtenfels.at\/neu\/wp-json\/wp\/v2\/pages\/19209"}],"wp:attachment":[{"href":"https:\/\/www.lichtenfels.at\/neu\/wp-json\/wp\/v2\/media?parent=70578"}],"curies":[{"name":"wp","href":"https:\/\/api.w.org\/{rel}","templated":true}]}}