{"id":70690,"date":"2018-09-27T16:25:14","date_gmt":"2018-09-27T14:25:14","guid":{"rendered":"http:\/\/www.lichtenfels.at\/neu\/?page_id=70690"},"modified":"2026-02-04T11:43:57","modified_gmt":"2026-02-04T10:43:57","slug":"jugendrotkreuz","status":"publish","type":"page","link":"https:\/\/www.lichtenfels.at\/neu\/angebot\/projekte\/jugendrotkreuz\/","title":{"rendered":"Jugendrotkreuz"},"content":{"rendered":"<h2><strong><img class=\"size-full wp-image-44708 alignright\" src=\"http:\/\/www.lichtenfels.at\/neu\/wp-content\/uploads\/2018\/09\/Jugendrotkreuz_Logo.jpg\" alt=\"\" width=\"200\" height=\"101\" \/><\/strong><\/h2>\n<h2><strong>\u00d6sterreichisches Jugendrotkreuz\u00a0<\/strong><\/h2>\n<p><strong>Ansprechpersonen:<\/strong><br \/>\n<strong>\u00d6JRK- Schulreferentin<\/strong><br \/>\n<strong>Mag. Rafael Wiener und Mag. Gabriele Gaar<\/strong><\/p>\n<p>Das Jugendrotkreuz steht grunds\u00e4tzlich f\u00fcr Erste Hilfe in medizinischer und sozialer Hinsicht. Das \u00d6sterreichische Jugendrotkreuz ist eine <strong>Teilorganisation des \u00d6sterreichischen Roten Kreuzes<\/strong>. Ebenso wie das Rote Kreuz ist das \u00d6JRK eine unpolitische und \u00fcberparteiliche Organisation, deren Aufgabe es ist, junge Menschen zu humanit\u00e4rer Gesinnung und zu mitmenschlichem Verhalten hinzuf\u00fchren sowie konkret Hilfe zu leisten. Das \u00d6JRK bietet ein umfassendes Leistungsangebot f\u00fcr Lehrer:innen und Sch\u00fcler:innen.<\/p>\n<p>Das Jugendrotkreuz steht grunds\u00e4tzlich f\u00fcr Erste Hilfe in medizinischer und sozialer Hinsicht.<\/p>\n<p>Die Jugendrotkreuzarbeit des\u00a0<strong>BG\/BRG Lichtenfels<\/strong>\u00a0gestaltet sich vielf\u00e4ltig:<\/p>\n<p>In jeder Klasse gibt es zwei Sch\u00fcler:innen, die in den Belangen des JRK Ansprechpartner:innen sind. \u00a0Die JRK-Klassensprecher:innen helfen bei der Organisation diverser Kartenaktionen, der Weihnachtspakete-Aktion f\u00fcr Bed\u00fcrftige, Erste-Hilfe-Kursen \u2026<br \/>\nExtra ausgebildete Jugendrotkreuz Peers arbeiten auf Anfrage in der Suizid- und Aidspr\u00e4vention.<br \/>\nIn den dritten Klassen werden Erste-Hilfe-Grundkurse von daf\u00fcr ausgebildeten Lehrer:innen und Dr. Margot Salzgeber durchgef\u00fchrt.<\/p>\n<p>Das JRK gew\u00e4hrt auch Beihilfen.<\/p>\n","protected":false},"excerpt":{"rendered":"<p>\u00d6sterreichisches Jugendrotkreuz\u00a0 Ansprechpersonen: \u00d6JRK- Schulreferentin Mag. Rafael Wiener und Mag. Gabriele Gaar Das Jugendrotkreuz steht grunds\u00e4tzlich f\u00fcr Erste Hilfe in medizinischer und sozialer Hinsicht. Das \u00d6sterreichische Jugendrotkreuz ist eine Teilorganisation\u2026 <a href=\"https:\/\/www.lichtenfels.at\/neu\/angebot\/projekte\/jugendrotkreuz\/\" class=\"read-more-link\">weiterlesen &rarr;<\/a><\/p>\n","protected":false},"author":5,"featured_media":0,"parent":19209,"menu_order":3,"comment_status":"closed","ping_status":"closed","template":"page-fullwidth.php","meta":[],"_links":{"self":[{"href":"https:\/\/www.lichtenfels.at\/neu\/wp-json\/wp\/v2\/pages\/70690"}],"collection":[{"href":"https:\/\/www.lichtenfels.at\/neu\/wp-json\/wp\/v2\/pages"}],"about":[{"href":"https:\/\/www.lichtenfels.at\/neu\/wp-json\/wp\/v2\/types\/page"}],"author":[{"embeddable":true,"href":"https:\/\/www.lichtenfels.at\/neu\/wp-json\/wp\/v2\/users\/5"}],"replies":[{"embeddable":true,"href":"https:\/\/www.lichtenfels.at\/neu\/wp-json\/wp\/v2\/comments?post=70690"}],"version-history":[{"count":22,"href":"https:\/\/www.lichtenfels.at\/neu\/wp-json\/wp\/v2\/pages\/70690\/revisions"}],"predecessor-version":[{"id":1101449,"href":"https:\/\/www.lichtenfels.at\/neu\/wp-json\/wp\/v2\/pages\/70690\/revisions\/1101449"}],"up":[{"embeddable":true,"href":"https:\/\/www.lichtenfels.at\/neu\/wp-json\/wp\/v2\/pages\/19209"}],"wp:attachment":[{"href":"https:\/\/www.lichtenfels.at\/neu\/wp-json\/wp\/v2\/media?parent=70690"}],"curies":[{"name":"wp","href":"https:\/\/api.w.org\/{rel}","templated":true}]}}