{"id":736934,"date":"2022-06-27T16:05:52","date_gmt":"2022-06-27T14:05:52","guid":{"rendered":"https:\/\/www.lichtenfels.at\/neu\/?page_id=736934"},"modified":"2025-10-16T11:43:04","modified_gmt":"2025-10-16T09:43:04","slug":"handylocker","status":"publish","type":"page","link":"https:\/\/www.lichtenfels.at\/neu\/handylocker\/","title":{"rendered":"Projekt Handysafe im Klassenzimmer"},"content":{"rendered":"\r\n<p><span style=\"color: #ff0000;\"><strong>Mein Handy ruht &#8211; mir geht es gut!<br \/><\/strong><\/span><strong>Handysafes am Lichtenfels in den 1. &#8211; 5. Klassen<\/strong><br \/>\u00a0<br \/>Digitale Endger\u00e4te spielen im Alltag von jungen Menschen eine immer gr\u00f6\u00dfere Rolle. Sp\u00e4testens das Distance-Learning hat angebrachte Vorsicht und kritische Stimmen schnell verstummen lassen.\u00a0Das Lichtenfels-Team wei\u00df um die Vorz\u00fcge neuer Technologien Bescheid, hat im vergangenen Jahr aber auch eine zunehmende &#8222;Handy-Problematik&#8220; im Schulalltag feststellen m\u00fcssen.<\/p>\r\n<p><strong>Das Lichtenfels steht f\u00fcr das Konzept der handyfreien Unterstufe.<\/strong><\/p>\r\n<p>Damit unser Schulmotto\u00a0<strong>LEISTEN &#8211; LACHEN &#8211; LEBEN<\/strong> am Lichtenfels bestm\u00f6glich funktionieren kann, gibt es ab dem Schuljahr 2022\/23 in den 1. \u2013 4. Klassen sichere Aufbewahrungspl\u00e4tze f\u00fcr die wertvollen digitalen Begleiter unserer Sch\u00fcler:innen. Alle Informationen dazu finden Sie im Infoschreiben und <strong><a href=\"https:\/\/www.lichtenfels.at\/wp-content\/uploads\/2022\/09\/Mein-Handy-ruht-mir-geht-es-gut.pdf\" target=\"_blank\" rel=\"noopener\">&gt;&gt; HIER.<\/a><\/strong><\/p>\r\n<p>Was wir dadurch erreichen, ist eine Steigerung der\u00a0<strong>Schulqualit\u00e4t durch mehr Konzentration und weniger Ablenkung<\/strong>!\u00a0<br \/><br \/><\/p>\r\n<p><img fetchpriority=\"high\" class=\"alignnone wp-image-743589 size-large\" src=\"https:\/\/www.lichtenfels.at\/wp-content\/uploads\/2022\/09\/handysafes-1024x282.jpg\" alt=\"\" width=\"960\" height=\"264\" srcset=\"https:\/\/www.lichtenfels.at\/wp-content\/uploads\/2022\/09\/handysafes-1024x282.jpg 1024w, https:\/\/www.lichtenfels.at\/wp-content\/uploads\/2022\/09\/handysafes-300x83.jpg 300w, https:\/\/www.lichtenfels.at\/wp-content\/uploads\/2022\/09\/handysafes-768x212.jpg 768w, https:\/\/www.lichtenfels.at\/wp-content\/uploads\/2022\/09\/handysafes.jpg 1367w\" sizes=\"(max-width: 960px) 100vw, 960px\" \/><\/p>\r\n\r\n\r\n\r\n<figure class=\"wp-block-image size-full\"><\/figure>\r\n","protected":false},"excerpt":{"rendered":"<p>Mein Handy ruht &#8211; mir geht es gut!Handysafes am Lichtenfels in den 1. &#8211; 5. Klassen\u00a0Digitale Endger\u00e4te spielen im Alltag von jungen Menschen eine immer gr\u00f6\u00dfere Rolle. Sp\u00e4testens das Distance-Learning\u2026 <a href=\"https:\/\/www.lichtenfels.at\/neu\/handylocker\/\" class=\"read-more-link\">weiterlesen &rarr;<\/a><\/p>\n","protected":false},"author":22,"featured_media":0,"parent":0,"menu_order":0,"comment_status":"closed","ping_status":"closed","template":"","meta":[],"_links":{"self":[{"href":"https:\/\/www.lichtenfels.at\/neu\/wp-json\/wp\/v2\/pages\/736934"}],"collection":[{"href":"https:\/\/www.lichtenfels.at\/neu\/wp-json\/wp\/v2\/pages"}],"about":[{"href":"https:\/\/www.lichtenfels.at\/neu\/wp-json\/wp\/v2\/types\/page"}],"author":[{"embeddable":true,"href":"https:\/\/www.lichtenfels.at\/neu\/wp-json\/wp\/v2\/users\/22"}],"replies":[{"embeddable":true,"href":"https:\/\/www.lichtenfels.at\/neu\/wp-json\/wp\/v2\/comments?post=736934"}],"version-history":[{"count":12,"href":"https:\/\/www.lichtenfels.at\/neu\/wp-json\/wp\/v2\/pages\/736934\/revisions"}],"predecessor-version":[{"id":1044809,"href":"https:\/\/www.lichtenfels.at\/neu\/wp-json\/wp\/v2\/pages\/736934\/revisions\/1044809"}],"wp:attachment":[{"href":"https:\/\/www.lichtenfels.at\/neu\/wp-json\/wp\/v2\/media?parent=736934"}],"curies":[{"name":"wp","href":"https:\/\/api.w.org\/{rel}","templated":true}]}}