{"id":804300,"date":"2023-04-05T22:15:32","date_gmt":"2023-04-05T20:15:32","guid":{"rendered":"https:\/\/www.lichtenfels.at\/neu\/?page_id=804300"},"modified":"2025-07-06T15:25:28","modified_gmt":"2025-07-06T13:25:28","slug":"begabungs-und-begabten-foerderung-bbf","status":"publish","type":"page","link":"https:\/\/www.lichtenfels.at\/neu\/begabungs-und-begabten-foerderung-bbf\/","title":{"rendered":"Begabungs- und Begabtenf\u00f6rderung (Newsletter)"},"content":{"rendered":"<p class=\"has-text-align-left\">\u00a0<\/p>\n<blockquote>\n<p class=\"has-text-align-center\"><a href=\"https:\/\/www.lichtenfels.at\/neu\/angebot\/begabungs-begabtenfoerderung\/\" target=\"_blank\" rel=\"noreferrer noopener\">weitere Informationen zur Begabungs- und Begabtenf\u00f6rderung am Lichtenfels<\/a><\/p>\n<\/blockquote>\n\n\n<div class=\"wp-block-media-text alignwide is-stacked-on-mobile\" style=\"grid-template-columns:25% auto\"><figure class=\"wp-block-media-text__media\"><img fetchpriority=\"high\" width=\"215\" height=\"305\" src=\"https:\/\/www.lichtenfels.at\/wp-content\/uploads\/2025\/07\/BBF_NL_24-25.jpg\" alt=\"\" class=\"wp-image-1016032 size-full\" srcset=\"https:\/\/www.lichtenfels.at\/wp-content\/uploads\/2025\/07\/BBF_NL_24-25.jpg 215w, https:\/\/www.lichtenfels.at\/wp-content\/uploads\/2025\/07\/BBF_NL_24-25-211x300.jpg 211w\" sizes=\"(max-width: 215px) 100vw, 215px\" \/><\/figure><div class=\"wp-block-media-text__content\">\n<p><a href=\"https:\/\/www.lichtenfels.at\/wp-content\/uploads\/2025\/06\/BBF-Newsletter_Fruehjahr_2025.pdf\" target=\"_blank\" rel=\"noreferrer noopener\">BBF-Newsletter (Fr\u00fchjahr\/Sommer 2025)<\/a><\/p>\n<\/div><\/div>\n\n\n\n<p><a rel=\"noreferrer noopener\" href=\"https:\/\/www.lichtenfels.at\/wp-content\/uploads\/2024\/06\/BBF_Newsletter_23-24_2.pdf\" target=\"_blank\">BBF-News 23\/24 2<\/a>&nbsp;(Juni 2024)<br><a rel=\"noreferrer noopener\" href=\"https:\/\/www.lichtenfels.at\/wp-content\/uploads\/2023\/12\/BBF-Newsletter-Herbst-2023.pdf\" target=\"_blank\">BBF-News 23\/24 1<\/a> (Dezember 2023)<br><a rel=\"noreferrer noopener\" href=\"https:\/\/www.lichtenfels.at\/wp-content\/uploads\/2023\/04\/BBF_Newsletter_04_22-23_Nr_2-1.pdf\" target=\"_blank\">BBF-Newsletter 04<\/a> (April 2023)<br><a rel=\"noreferrer noopener\" href=\"https:\/\/www.lichtenfels.at\/wp-content\/uploads\/2023\/04\/BBF_Newsletter_03_22-23_Nr_1-1.pdf\" target=\"_blank\">BBF-Newsletter 03<\/a>&nbsp;(November 2022)<br><a rel=\"noreferrer noopener\" href=\"https:\/\/www.lichtenfels.at\/wp-content\/uploads\/2023\/04\/BBF_Newsletter_02_21-22_Nr_2-1.pdf\" target=\"_blank\">BBF-Newsletter 02<\/a> (Juni 2022)<br><a rel=\"noreferrer noopener\" href=\"https:\/\/www.lichtenfels.at\/wp-content\/uploads\/2023\/04\/BBF_Newsletter_01_21-22_Nr_1-2.pdf\" target=\"_blank\">BBF-Newsletter 01<\/a>&nbsp;(Mai 2022)<\/p>\n\n\n\n<p class=\"has-text-align-left\"> <\/p>\n\n\n\n<p>\u201eDas Erkennen und die gezielte F\u00f6rderung von Begabungen und Interessen stellen einen immens &nbsp;wichtigen Beitrag zur Herausbildung eines individuellen Charakters und zur Entwicklung &nbsp;pers\u00f6nlicher Potentiale bis hin zu exzellenten Leistungen dar. Die Entfaltung dieser St\u00e4rken und das &nbsp;Erleben eigener Talente sind f\u00fcr Kinder und Jugendliche ganz besondere Erfolgsmomente, die weitere Lernmotivation und Leistungsbereitschaft mit sich bringen.\u201c<\/p>\n\n\n\n<p><em>Bildungsdirektorin HR Elisabeth Meixner, BEd<\/em><\/p>\n\n\n\n<p>\u201e<strong>Begabungsf\u00f6rderung <\/strong>ist ein wichtiges Bildungsanliegen des \u00f6sterreichischen Bildungssystems. Begabungsf\u00f6rderung, die auch die Begabtenf\u00f6rderung inkludiert, zielt auf die Unterst\u00fctzung, F\u00f6rderung und Begleitung aller Sch\u00fclerinnen und Sch\u00fcler bei der ganzheitlichen Entwicklung ihrer Person und ihrer Leistungspotenziale. Im Sinne der Chancengerechtigkeit hat die Schule die grunds\u00e4tzliche Aufgabe, alle Lernenden in ihrer Potenzialentwicklung zu unterst\u00fctzen.<br><strong>Begabtenf\u00f6rderung <\/strong>bezieht sich auf die spezielle F\u00f6rderung von Sch\u00fclerinnen und Sch\u00fclern mit hoher Leistungsf\u00e4higkeit- und -bereitschaft. Ihrer Vielfalt soll mit ad\u00e4quaten p\u00e4dagogischen, didaktischen und organisatorischen Ma\u00dfnahmen Rechnung getragen werden.\u201c<\/p>\n\n\n\n<p><em>Aus dem Grundsatzerlass zur Begabungs- und Begabtenf\u00f6rderung, Rundschreiben 25\/2017<\/em><\/p>\n\n\n\n<p><\/p>\n","protected":false},"excerpt":{"rendered":"<p>\u00a0 weitere Informationen zur Begabungs- und Begabtenf\u00f6rderung am Lichtenfels BBF-Newsletter (Fr\u00fchjahr\/Sommer 2025) BBF-News 23\/24 2&nbsp;(Juni 2024)BBF-News 23\/24 1 (Dezember 2023)BBF-Newsletter 04 (April 2023)BBF-Newsletter 03&nbsp;(November 2022)BBF-Newsletter 02 (Juni 2022)BBF-Newsletter 01&nbsp;(Mai 2022)\u2026 <a href=\"https:\/\/www.lichtenfels.at\/neu\/begabungs-und-begabten-foerderung-bbf\/\" class=\"read-more-link\">weiterlesen &rarr;<\/a><\/p>\n","protected":false},"author":22,"featured_media":0,"parent":0,"menu_order":0,"comment_status":"closed","ping_status":"closed","template":"","meta":[],"_links":{"self":[{"href":"https:\/\/www.lichtenfels.at\/neu\/wp-json\/wp\/v2\/pages\/804300"}],"collection":[{"href":"https:\/\/www.lichtenfels.at\/neu\/wp-json\/wp\/v2\/pages"}],"about":[{"href":"https:\/\/www.lichtenfels.at\/neu\/wp-json\/wp\/v2\/types\/page"}],"author":[{"embeddable":true,"href":"https:\/\/www.lichtenfels.at\/neu\/wp-json\/wp\/v2\/users\/22"}],"replies":[{"embeddable":true,"href":"https:\/\/www.lichtenfels.at\/neu\/wp-json\/wp\/v2\/comments?post=804300"}],"version-history":[{"count":31,"href":"https:\/\/www.lichtenfels.at\/neu\/wp-json\/wp\/v2\/pages\/804300\/revisions"}],"predecessor-version":[{"id":1016868,"href":"https:\/\/www.lichtenfels.at\/neu\/wp-json\/wp\/v2\/pages\/804300\/revisions\/1016868"}],"wp:attachment":[{"href":"https:\/\/www.lichtenfels.at\/neu\/wp-json\/wp\/v2\/media?parent=804300"}],"curies":[{"name":"wp","href":"https:\/\/api.w.org\/{rel}","templated":true}]}}