{"id":900067,"date":"2024-09-02T22:45:45","date_gmt":"2024-09-02T20:45:45","guid":{"rendered":"https:\/\/www.lichtenfels.at\/neu\/?page_id=900067"},"modified":"2025-10-15T12:32:12","modified_gmt":"2025-10-15T10:32:12","slug":"wichtige-informationen-der-direktion","status":"publish","type":"page","link":"https:\/\/www.lichtenfels.at\/neu\/wichtige-informationen-der-direktion\/","title":{"rendered":"Informationen der Direktion"},"content":{"rendered":"\t\t<div data-elementor-type=\"wp-page\" data-elementor-id=\"900067\" class=\"elementor elementor-900067\">\n\t\t\t\t\t\t<section class=\"elementor-section elementor-top-section elementor-element elementor-element-3ab27f0 elementor-section-boxed elementor-section-height-default elementor-section-height-default\" data-id=\"3ab27f0\" data-element_type=\"section\">\n\t\t\t\t\t\t<div class=\"elementor-container elementor-column-gap-default\">\n\t\t\t\t\t<div class=\"elementor-column elementor-col-33 elementor-top-column elementor-element elementor-element-7f9a67b\" data-id=\"7f9a67b\" data-element_type=\"column\">\n\t\t\t<div class=\"elementor-widget-wrap elementor-element-populated\">\n\t\t\t\t\t\t<div class=\"elementor-element elementor-element-4e9fb88 elementor-widget elementor-widget-image\" data-id=\"4e9fb88\" data-element_type=\"widget\" data-widget_type=\"image.default\">\n\t\t\t\t<div class=\"elementor-widget-container\">\n\t\t\t<style>\/*! elementor - v3.23.0 - 05-08-2024 *\/\n.elementor-widget-image{text-align:center}.elementor-widget-image a{display:inline-block}.elementor-widget-image a img[src$=\".svg\"]{width:48px}.elementor-widget-image img{vertical-align:middle;display:inline-block}<\/style>\t\t\t\t\t\t\t\t\t\t\t<a href=\"https:\/\/www.lichtenfels.at\/wp-content\/uploads\/2025\/10\/Blutspenden-am-Lichtenfels-Termine-25-26.pdf\" target=\"_blank\">\n\t\t\t\t\t\t\t<img width=\"300\" height=\"100\" src=\"https:\/\/www.lichtenfels.at\/wp-content\/uploads\/2025\/10\/Blutspenden.jpg\" class=\"attachment-large size-large wp-image-1040853\" alt=\"\" \/>\t\t\t\t\t\t\t\t<\/a>\n\t\t\t\t\t\t\t\t\t\t\t\t\t<\/div>\n\t\t\t\t<\/div>\n\t\t\t\t\t<\/div>\n\t\t<\/div>\n\t\t\t\t<div class=\"elementor-column elementor-col-66 elementor-top-column elementor-element elementor-element-f017b7c\" data-id=\"f017b7c\" data-element_type=\"column\">\n\t\t\t<div class=\"elementor-widget-wrap elementor-element-populated\">\n\t\t\t\t\t\t<div class=\"elementor-element elementor-element-b9330f3 elementor-widget elementor-widget-text-editor\" data-id=\"b9330f3\" data-element_type=\"widget\" data-widget_type=\"text-editor.default\">\n\t\t\t\t<div class=\"elementor-widget-container\">\n\t\t\t<style>\/*! elementor - v3.23.0 - 05-08-2024 *\/\n.elementor-widget-text-editor.elementor-drop-cap-view-stacked .elementor-drop-cap{background-color:#69727d;color:#fff}.elementor-widget-text-editor.elementor-drop-cap-view-framed .elementor-drop-cap{color:#69727d;border:3px solid;background-color:transparent}.elementor-widget-text-editor:not(.elementor-drop-cap-view-default) .elementor-drop-cap{margin-top:8px}.elementor-widget-text-editor:not(.elementor-drop-cap-view-default) .elementor-drop-cap-letter{width:1em;height:1em}.elementor-widget-text-editor .elementor-drop-cap{float:left;text-align:center;line-height:1;font-size:50px}.elementor-widget-text-editor .elementor-drop-cap-letter{display:inline-block}<\/style>\t\t\t\t<p><span style=\"color: #cf2e2e;\"><span style=\"font-family: Roboto, sans-serif; font-size: 13px; font-style: normal; font-variant-ligatures: normal; font-variant-caps: normal;\"><strong>BLUTSPENDEN AM LICHTENFELS 25\/26<\/strong><\/span><br \/><\/span><strong><a href=\"https:\/\/www.lichtenfels.at\/wp-content\/uploads\/2025\/10\/Blutspenden-am-Lichtenfels-Termine-25-26.pdf\" target=\"_blank\" rel=\"noopener\">&gt;&gt; Blutspende-Termine im Lichtenfelsgymnasium 2025\/26<\/a><\/strong><\/p>\t\t\t\t\t\t<\/div>\n\t\t\t\t<\/div>\n\t\t\t\t\t<\/div>\n\t\t<\/div>\n\t\t\t\t\t<\/div>\n\t\t<\/section>\n\t\t\t\t<section class=\"elementor-section elementor-top-section elementor-element elementor-element-86263ff elementor-section-boxed elementor-section-height-default elementor-section-height-default\" data-id=\"86263ff\" data-element_type=\"section\">\n\t\t\t\t\t\t<div class=\"elementor-container elementor-column-gap-default\">\n\t\t\t\t\t<div class=\"elementor-column elementor-col-33 elementor-top-column elementor-element elementor-element-12c1985\" data-id=\"12c1985\" data-element_type=\"column\">\n\t\t\t<div class=\"elementor-widget-wrap elementor-element-populated\">\n\t\t\t\t\t\t<div class=\"elementor-element elementor-element-08793a5 elementor-widget elementor-widget-image\" data-id=\"08793a5\" data-element_type=\"widget\" data-widget_type=\"image.default\">\n\t\t\t\t<div class=\"elementor-widget-container\">\n\t\t\t\t\t\t\t\t\t\t\t\t\t\t<a href=\"https:\/\/www.lichtenfels.at\/wp-content\/uploads\/2025\/09\/25_26_Uebersicht_Unverbindliche-Uebungen.pdf\" target=\"_blank\">\n\t\t\t\t\t\t\t<img width=\"300\" height=\"100\" src=\"https:\/\/www.lichtenfels.at\/wp-content\/uploads\/2025\/09\/unverb_uebungen_25-26.jpg\" class=\"attachment-large size-large wp-image-1029281\" alt=\"\" \/>\t\t\t\t\t\t\t\t<\/a>\n\t\t\t\t\t\t\t\t\t\t\t\t\t<\/div>\n\t\t\t\t<\/div>\n\t\t\t\t\t<\/div>\n\t\t<\/div>\n\t\t\t\t<div class=\"elementor-column elementor-col-66 elementor-top-column elementor-element elementor-element-450b72f\" data-id=\"450b72f\" data-element_type=\"column\">\n\t\t\t<div class=\"elementor-widget-wrap elementor-element-populated\">\n\t\t\t\t\t\t<div class=\"elementor-element elementor-element-881c58d elementor-widget elementor-widget-text-editor\" data-id=\"881c58d\" data-element_type=\"widget\" data-widget_type=\"text-editor.default\">\n\t\t\t\t<div class=\"elementor-widget-container\">\n\t\t\t\t\t\t\t<p><span style=\"font-family: Roboto, sans-serif; font-size: 13px; font-style: normal; font-variant-ligatures: normal; font-variant-caps: normal;\"><span style=\"color: #cf2e2e;\"><strong>UNVERBINDLICHE \u00dcBUNGEN 25\/26<\/strong><b><br \/><\/b><\/span><\/span><strong><a href=\"https:\/\/www.lichtenfels.at\/wp-content\/uploads\/2025\/09\/25_26_Uebersicht_Unverbindliche-Uebungen.pdf\" target=\"_blank\" rel=\"noopener\"><span style=\"font-family: Roboto, sans-serif; font-size: 13px; font-style: normal; font-variant-ligatures: normal; font-variant-caps: normal;\">&gt;<\/span>&gt; Angebot f\u00fcr das Schuljahr 2025\/26<\/a><\/strong><\/p>\t\t\t\t\t\t<\/div>\n\t\t\t\t<\/div>\n\t\t\t\t\t<\/div>\n\t\t<\/div>\n\t\t\t\t\t<\/div>\n\t\t<\/section>\n\t\t\t\t<section class=\"elementor-section elementor-top-section elementor-element elementor-element-368edf51 elementor-section-boxed elementor-section-height-default elementor-section-height-default\" data-id=\"368edf51\" data-element_type=\"section\">\n\t\t\t\t\t\t<div class=\"elementor-container elementor-column-gap-default\">\n\t\t\t\t\t<div class=\"elementor-column elementor-col-100 elementor-top-column elementor-element elementor-element-1299ff10\" data-id=\"1299ff10\" data-element_type=\"column\">\n\t\t\t<div class=\"elementor-widget-wrap elementor-element-populated\">\n\t\t\t\t\t\t<div class=\"elementor-element elementor-element-5a77fc34 elementor-widget elementor-widget-text-editor\" data-id=\"5a77fc34\" data-element_type=\"widget\" data-widget_type=\"text-editor.default\">\n\t\t\t\t<div class=\"elementor-widget-container\">\n\t\t\t\t\t\t\t<!-- wp:media-text {\"mediaId\":993634,\"mediaLink\":\"https:\/\/www.lichtenfels.at\/neu\/siegel_collage\/\",\"mediaType\":\"image\",\"mediaWidth\":30} -->\n<div class=\"wp-block-media-text alignwide is-stacked-on-mobile\" style=\"grid-template-columns: 30% auto;\">\n<figure class=\"wp-block-media-text__media\"><img fetchpriority=\"high\" width=\"300\" height=\"250\" class=\"wp-image-993634 size-full\" src=\"https:\/\/www.lichtenfels.at\/wp-content\/uploads\/2025\/04\/siegel_collage.jpg\" alt=\"\" \/><\/figure>\n<div class=\"wp-block-media-text__content\"><!-- wp:paragraph {\"placeholder\":\"Inhalt\u00a0\u2026\"} -->\n<p><strong><mark class=\"has-inline-color has-vivid-red-color\" style=\"background-color: rgba(0, 0, 0, 0);\">KOOPERATIONEN, PARTNERSCHAFTEN, AUSZEICHNUNGEN<\/mark><\/strong><br \/>Schule ist viel mehr als man glauben m\u00f6chte &#8230;<br \/>Informieren Sie sich \u00fcber zahlreichen Aktivit\u00e4ten, die das Lernen im Klassenzimmer erg\u00e4nzen und erweitern:<br \/><strong><a href=\"https:\/\/www.lichtenfels.at\/neu\/netzwerk\/\" target=\"_blank\" rel=\"noreferrer noopener\">&gt;&gt; Lichtenfels-Netzwerke<\/a><br \/><a href=\"https:\/\/www.lichtenfels.at\/neu\/aktuelles\/blog-2\/\" target=\"_blank\" rel=\"noreferrer noopener\">&gt;&gt; tagesaktuelle Berichte im BLOG<\/a><\/strong><\/p>\n<!-- \/wp:paragraph --><\/div>\n<\/div>\n<!-- \/wp:media-text --><!-- wp:media-text {\"mediaId\":902371,\"mediaLink\":\"https:\/\/www.lichtenfels.at\/neu\/gesundes-essen-info-button-300px\/\",\"linkDestination\":\"custom\",\"mediaType\":\"image\",\"mediaWidth\":30} -->\n<div class=\"wp-block-media-text alignwide is-stacked-on-mobile\" style=\"grid-template-columns: 30% auto;\">\n<figure class=\"wp-block-media-text__media\"><a href=\"https:\/\/www.lichtenfels.at\/neu\/angebot\/schulbuffet\/\" target=\"_blank\" rel=\"noreferrer noopener\"><img loading=\"lazy\" class=\"alignnone wp-image-902371 size-full\" src=\"https:\/\/www.lichtenfels.at\/wp-content\/uploads\/2024\/09\/Gesundes-Essen-Info-Button-300px.jpg\" alt=\"\" width=\"300\" height=\"216\" \/><\/a><\/figure>\n<div class=\"wp-block-media-text__content\"><!-- wp:paragraph {\"placeholder\":\"Inhalt\u2026\"} -->\n<p><strong><mark class=\"has-inline-color has-vivid-red-color\" style=\"background-color: rgba(0, 0, 0, 0);\">GESUNDES ESSEN am LICHTENFELS<\/mark><\/strong><br \/>Hier finden Sie alle Informationen zu kulinarischen Gen\u00fcssen am Lichtenfels: <a href=\"https:\/\/www.lichtenfels.at\/neu\/angebot\/schulbuffet\/\" target=\"_blank\" rel=\"noreferrer noopener\"><strong>&gt;&gt; Gesundes Essen<\/strong><\/a><br \/>Direkt zur <strong><a href=\"https:\/\/forms.office.com\/Pages\/ResponsePage.aspx?id=WzGVVWxLi0-7pzosaG5HCgvUEX7fkKNMg17V7PXEejBUQ1pVN1dQTVgyVU5MS1hYMDBGSUtRTVpaNSQlQCNjPTEu\" target=\"_blank\" rel=\"noreferrer noopener\">&gt;&gt; Bestellung<\/a><\/strong><br \/>(f\u00fcr alle, die schon wissen, wie es funktioniert!)<\/p>\n<!-- \/wp:paragraph --><\/div>\n<\/div>\n<!-- \/wp:media-text --><!-- wp:media-text {\"mediaId\":930624,\"mediaLink\":\"https:\/\/www.lichtenfels.at\/neu\/gym-stmk-tn-300\/\",\"linkDestination\":\"custom\",\"mediaType\":\"image\",\"mediaWidth\":30} -->\n<div class=\"wp-block-media-text alignwide is-stacked-on-mobile\" style=\"grid-template-columns: 30% auto;\">\n<figure class=\"wp-block-media-text__media\"><a href=\"https:\/\/www.lichtenfels.at\/neu\/zukunftsweg-gymnasium\/\" target=\"_blank\" rel=\"noreferrer noopener\"><img loading=\"lazy\" width=\"300\" height=\"200\" class=\"wp-image-930624 size-full\" src=\"https:\/\/www.lichtenfels.at\/wp-content\/uploads\/2024\/10\/Gym-Stmk-tn-300.png\" alt=\"\" \/><\/a><\/figure>\n<div class=\"wp-block-media-text__content\"><!-- wp:paragraph {\"placeholder\":\"Inhalt\u2026\"} -->\n<p><strong><mark class=\"has-inline-color has-vivid-red-color\" style=\"background-color: rgba(0, 0, 0, 0);\">ZUKUNFTSWEG GYMNASIUM<\/mark><\/strong> <br \/>hei\u00dft eine aktuelle Initiative der steirischen Gymnasien und ihrer Direktorinnen und Direktoren. Drei Filme richten sich an Sch\u00fclerinnen und Sch\u00fcler sowie ihre Eltern. Die Botschaft ist klar: Der erfolgreiche Weg in die Zukunft f\u00fchrt \u00fcber das Gymnasium. <br \/><a href=\"https:\/\/www.lichtenfels.at\/neu\/zukunftsweg-gymnasium\/\" target=\"_blank\" rel=\"noreferrer noopener\"><strong>&gt;&gt; zu den Filmen<\/strong><\/a><\/p>\n<!-- \/wp:paragraph --><\/div>\n<\/div>\n<!-- \/wp:media-text --><!-- wp:media-text {\"mediaId\":745498,\"mediaLink\":\"https:\/\/www.lichtenfels.at\/neu\/handylocker-1-2\/\",\"mediaType\":\"image\",\"mediaWidth\":30} -->\n<div class=\"wp-block-media-text alignwide is-stacked-on-mobile\" style=\"grid-template-columns: 30% auto;\">\n<figure class=\"wp-block-media-text__media\"><img loading=\"lazy\" width=\"1024\" height=\"672\" class=\"wp-image-745498 size-full\" src=\"https:\/\/www.lichtenfels.at\/wp-content\/uploads\/2022\/09\/handylocker-1-1024x672.jpg\" alt=\"\" srcset=\"https:\/\/www.lichtenfels.at\/wp-content\/uploads\/2022\/09\/handylocker-1-1024x672.jpg 1024w, https:\/\/www.lichtenfels.at\/wp-content\/uploads\/2022\/09\/handylocker-1-300x197.jpg 300w, https:\/\/www.lichtenfels.at\/wp-content\/uploads\/2022\/09\/handylocker-1-768x504.jpg 768w, https:\/\/www.lichtenfels.at\/wp-content\/uploads\/2022\/09\/handylocker-1-1536x1008.jpg 1536w, https:\/\/www.lichtenfels.at\/wp-content\/uploads\/2022\/09\/handylocker-1-2048x1344.jpg 2048w, https:\/\/www.lichtenfels.at\/wp-content\/uploads\/2022\/09\/handylocker-1-320x210.jpg 320w\" sizes=\"(max-width: 1024px) 100vw, 1024px\" \/><\/figure>\n<div class=\"wp-block-media-text__content\"><!-- wp:paragraph {\"placeholder\":\"Inhalt\u2026\"} -->\n<p><strong><mark class=\"has-inline-color has-vivid-red-color\" style=\"background-color: rgba(0, 0, 0, 0);\">Funkstille <\/mark><\/strong>am Lichtenfels &#8230;<br \/><a href=\"https:\/\/www.lichtenfels.at\/neu\/handylocker\/\" target=\"_blank\" rel=\"noreferrer noopener\"><strong>&gt;&gt; Infos zum Projekt Handylocker in der Unterstufe<\/strong><\/a><br \/><a href=\"https:\/\/www.lichtenfels.at\/wp-content\/uploads\/2022\/09\/Mein-Handy-ruht-mir-geht-es-gut.pdf\" target=\"_blank\" rel=\"noreferrer noopener\"><strong>&gt;&gt; Mein Handy ruht, mir geht es gut &#8230;<\/strong><\/a><\/p>\n<\/div>\n<\/div>\n<!-- \/wp:media-text -->\t\t\t\t\t\t<\/div>\n\t\t\t\t<\/div>\n\t\t\t\t\t<\/div>\n\t\t<\/div>\n\t\t\t\t\t<\/div>\n\t\t<\/section>\n\t\t\t\t<section class=\"elementor-section elementor-top-section elementor-element elementor-element-2d0b8d5 elementor-section-boxed elementor-section-height-default elementor-section-height-default\" data-id=\"2d0b8d5\" data-element_type=\"section\">\n\t\t\t\t\t\t<div class=\"elementor-container elementor-column-gap-default\">\n\t\t\t\t\t<div class=\"elementor-column elementor-col-100 elementor-top-column elementor-element elementor-element-c74ec73\" data-id=\"c74ec73\" data-element_type=\"column\">\n\t\t\t<div class=\"elementor-widget-wrap elementor-element-populated\">\n\t\t\t\t\t\t<section class=\"elementor-section elementor-inner-section elementor-element elementor-element-fcc23c8 elementor-section-boxed elementor-section-height-default elementor-section-height-default\" data-id=\"fcc23c8\" data-element_type=\"section\">\n\t\t\t\t\t\t<div class=\"elementor-container elementor-column-gap-default\">\n\t\t\t\t\t<div class=\"elementor-column elementor-col-50 elementor-inner-column elementor-element elementor-element-0ce0c91\" data-id=\"0ce0c91\" data-element_type=\"column\">\n\t\t\t<div class=\"elementor-widget-wrap\">\n\t\t\t\t\t\t\t<\/div>\n\t\t<\/div>\n\t\t\t\t<div class=\"elementor-column elementor-col-50 elementor-inner-column elementor-element elementor-element-c2067e5\" data-id=\"c2067e5\" data-element_type=\"column\">\n\t\t\t<div class=\"elementor-widget-wrap\">\n\t\t\t\t\t\t\t<\/div>\n\t\t<\/div>\n\t\t\t\t\t<\/div>\n\t\t<\/section>\n\t\t\t\t\t<\/div>\n\t\t<\/div>\n\t\t\t\t\t<\/div>\n\t\t<\/section>\n\t\t\t\t<\/div>\n\t\t","protected":false},"excerpt":{"rendered":"<p>BLUTSPENDEN AM LICHTENFELS 25\/26&gt;&gt; Blutspende-Termine im Lichtenfelsgymnasium 2025\/26 UNVERBINDLICHE \u00dcBUNGEN 25\/26&gt;&gt; Angebot f\u00fcr das Schuljahr 2025\/26 KOOPERATIONEN, PARTNERSCHAFTEN, AUSZEICHNUNGENSchule ist viel mehr als man glauben m\u00f6chte &#8230;Informieren Sie sich \u00fcber\u2026 <a href=\"https:\/\/www.lichtenfels.at\/neu\/wichtige-informationen-der-direktion\/\" class=\"read-more-link\">weiterlesen &rarr;<\/a><\/p>\n","protected":false},"author":22,"featured_media":0,"parent":0,"menu_order":0,"comment_status":"closed","ping_status":"closed","template":"","meta":[],"_links":{"self":[{"href":"https:\/\/www.lichtenfels.at\/neu\/wp-json\/wp\/v2\/pages\/900067"}],"collection":[{"href":"https:\/\/www.lichtenfels.at\/neu\/wp-json\/wp\/v2\/pages"}],"about":[{"href":"https:\/\/www.lichtenfels.at\/neu\/wp-json\/wp\/v2\/types\/page"}],"author":[{"embeddable":true,"href":"https:\/\/www.lichtenfels.at\/neu\/wp-json\/wp\/v2\/users\/22"}],"replies":[{"embeddable":true,"href":"https:\/\/www.lichtenfels.at\/neu\/wp-json\/wp\/v2\/comments?post=900067"}],"version-history":[{"count":62,"href":"https:\/\/www.lichtenfels.at\/neu\/wp-json\/wp\/v2\/pages\/900067\/revisions"}],"predecessor-version":[{"id":1044667,"href":"https:\/\/www.lichtenfels.at\/neu\/wp-json\/wp\/v2\/pages\/900067\/revisions\/1044667"}],"wp:attachment":[{"href":"https:\/\/www.lichtenfels.at\/neu\/wp-json\/wp\/v2\/media?parent=900067"}],"curies":[{"name":"wp","href":"https:\/\/api.w.org\/{rel}","templated":true}]}}