{"id":94465,"date":"2018-10-10T15:00:26","date_gmt":"2018-10-10T13:00:26","guid":{"rendered":"http:\/\/www.lichtenfels.at\/neu\/?page_id=94465"},"modified":"2025-09-23T11:13:09","modified_gmt":"2025-09-23T09:13:09","slug":"freigegenstaende","status":"publish","type":"page","link":"https:\/\/www.lichtenfels.at\/neu\/angebot\/lehrangebot\/freigegenstaende\/","title":{"rendered":"Unverbindliche \u00dcbungen"},"content":{"rendered":"\t\t<div data-elementor-type=\"wp-page\" data-elementor-id=\"94465\" class=\"elementor elementor-94465\">\n\t\t\t\t\t\t<section class=\"elementor-section elementor-top-section elementor-element elementor-element-5b4e88d0 elementor-section-boxed elementor-section-height-default elementor-section-height-default\" data-id=\"5b4e88d0\" data-element_type=\"section\">\n\t\t\t\t\t\t<div class=\"elementor-container elementor-column-gap-default\">\n\t\t\t\t\t<div class=\"elementor-column elementor-col-100 elementor-top-column elementor-element elementor-element-455671d7\" data-id=\"455671d7\" data-element_type=\"column\">\n\t\t\t<div class=\"elementor-widget-wrap elementor-element-populated\">\n\t\t\t\t\t\t<div class=\"elementor-element elementor-element-77e28e4e elementor-widget elementor-widget-text-editor\" data-id=\"77e28e4e\" data-element_type=\"widget\" data-widget_type=\"text-editor.default\">\n\t\t\t\t<div class=\"elementor-widget-container\">\n\t\t\t<style>\/*! elementor - v3.23.0 - 05-08-2024 *\/\n.elementor-widget-text-editor.elementor-drop-cap-view-stacked .elementor-drop-cap{background-color:#69727d;color:#fff}.elementor-widget-text-editor.elementor-drop-cap-view-framed .elementor-drop-cap{color:#69727d;border:3px solid;background-color:transparent}.elementor-widget-text-editor:not(.elementor-drop-cap-view-default) .elementor-drop-cap{margin-top:8px}.elementor-widget-text-editor:not(.elementor-drop-cap-view-default) .elementor-drop-cap-letter{width:1em;height:1em}.elementor-widget-text-editor .elementor-drop-cap{float:left;text-align:center;line-height:1;font-size:50px}.elementor-widget-text-editor .elementor-drop-cap-letter{display:inline-block}<\/style>\t\t\t\t<h2>Vertiefe deine St\u00e4rken durch Freigegenst\u00e4nde &amp; unverbindliche \u00dcbungen<\/h2>\n<ul>\n<li style=\"text-align: left;\">Olympdiaden: Chemie, Mathematik, Physik<\/li>\n<li style=\"text-align: left;\">Sprachwettbewerbe: Franz\u00f6sisch, Italienisch, Latein<\/li>\n<li style=\"text-align: left;\">Einf\u00fchrung in das wissenschaftliche Arbeiten (VWA-Kurse)<\/li>\n<li style=\"text-align: left;\">Unternehmerf\u00fchrerschein<\/li>\n<li style=\"text-align: left;\">Peermediation<\/li>\n<li style=\"text-align: left;\">Darstellendes Spiel<\/li>\n<li style=\"text-align: left;\">Chorgesang<\/li>\n<li style=\"text-align: left;\">Bildnerisches Gestalten<\/li>\n<\/ul>\n<p><a href=\"http:\/\/www.lichtenfels.at\/neu\/wp-content\/uploads\/2018\/09\/54-bg-brg-lichtenfels-schule-graz-gymnasium-realgymnasium-bildung-icons-1.png\"><img class=\"wp-image-58277 size-thumbnail alignnone\" src=\"http:\/\/www.lichtenfels.at\/neu\/wp-content\/uploads\/2018\/09\/54-bg-brg-lichtenfels-schule-graz-gymnasium-realgymnasium-bildung-icons-1-150x150.png\" alt=\"\" width=\"150\" height=\"150\" srcset=\"https:\/\/www.lichtenfels.at\/wp-content\/uploads\/2018\/09\/54-bg-brg-lichtenfels-schule-graz-gymnasium-realgymnasium-bildung-icons-1-150x150.png 150w, https:\/\/www.lichtenfels.at\/wp-content\/uploads\/2018\/09\/54-bg-brg-lichtenfels-schule-graz-gymnasium-realgymnasium-bildung-icons-1.png 250w, https:\/\/www.lichtenfels.at\/wp-content\/uploads\/2018\/09\/54-bg-brg-lichtenfels-schule-graz-gymnasium-realgymnasium-bildung-icons-1-60x60.png 60w\" sizes=\"(max-width: 150px) 100vw, 150px\" \/>\u00a0\u00a0\u00a0\u00a0\u00a0\u00a0\u00a0\u00a0\u00a0\u00a0\u00a0\u00a0\u00a0\u00a0\u00a0\u00a0\u00a0\u00a0\u00a0\u00a0\u00a0\u00a0\u00a0\u00a0<\/a> <a href=\"http:\/\/www.lichtenfels.at\/neu\/wp-content\/uploads\/2018\/09\/110-bg-brg-lichtenfels-schule-graz-gymnasium-realgymnasium-bildung-icons-1.png\"><img class=\"alignnone wp-image-58667 size-thumbnail\" src=\"http:\/\/www.lichtenfels.at\/neu\/wp-content\/uploads\/2018\/09\/110-bg-brg-lichtenfels-schule-graz-gymnasium-realgymnasium-bildung-icons-1-150x150.png\" alt=\"\" width=\"150\" height=\"150\" srcset=\"https:\/\/www.lichtenfels.at\/wp-content\/uploads\/2018\/09\/110-bg-brg-lichtenfels-schule-graz-gymnasium-realgymnasium-bildung-icons-1-150x150.png 150w, https:\/\/www.lichtenfels.at\/wp-content\/uploads\/2018\/09\/110-bg-brg-lichtenfels-schule-graz-gymnasium-realgymnasium-bildung-icons-1.png 250w, https:\/\/www.lichtenfels.at\/wp-content\/uploads\/2018\/09\/110-bg-brg-lichtenfels-schule-graz-gymnasium-realgymnasium-bildung-icons-1-60x60.png 60w\" sizes=\"(max-width: 150px) 100vw, 150px\" \/>\u00a0\u00a0\u00a0\u00a0\u00a0\u00a0\u00a0\u00a0\u00a0\u00a0\u00a0\u00a0\u00a0\u00a0\u00a0\u00a0\u00a0\u00a0\u00a0\u00a0\u00a0\u00a0\u00a0\u00a0\u00a0\u00a0\u00a0\u00a0\u00a0\u00a0<\/a><a href=\"http:\/\/www.lichtenfels.at\/neu\/wp-content\/uploads\/2018\/09\/8-bg-brg-lichtenfels-schule-graz-gymnasium-realgymnasium-bildung-icons-1.png\"><img class=\"alignnone wp-image-57640 size-thumbnail\" src=\"http:\/\/www.lichtenfels.at\/neu\/wp-content\/uploads\/2018\/09\/8-bg-brg-lichtenfels-schule-graz-gymnasium-realgymnasium-bildung-icons-1-150x150.png\" alt=\"\" width=\"150\" height=\"150\" srcset=\"https:\/\/www.lichtenfels.at\/wp-content\/uploads\/2018\/09\/8-bg-brg-lichtenfels-schule-graz-gymnasium-realgymnasium-bildung-icons-1-150x150.png 150w, https:\/\/www.lichtenfels.at\/wp-content\/uploads\/2018\/09\/8-bg-brg-lichtenfels-schule-graz-gymnasium-realgymnasium-bildung-icons-1-60x60.png 60w, https:\/\/www.lichtenfels.at\/wp-content\/uploads\/2018\/09\/8-bg-brg-lichtenfels-schule-graz-gymnasium-realgymnasium-bildung-icons-1.png 249w\" sizes=\"(max-width: 150px) 100vw, 150px\" \/>\u00a0\u00a0\u00a0\u00a0\u00a0\u00a0\u00a0\u00a0\u00a0\u00a0\u00a0\u00a0\u00a0\u00a0\u00a0\u00a0\u00a0\u00a0\u00a0\u00a0\u00a0\u00a0\u00a0\u00a0\u00a0\u00a0\u00a0\u00a0\u00a0\u00a0\u00a0\u00a0\u00a0\u00a0\u00a0\u00a0\u00a0\u00a0\u00a0<\/a><a href=\"http:\/\/www.lichtenfels.at\/neu\/wp-content\/uploads\/2018\/09\/4-bg-brg-lichtenfels-schule-graz-gymnasium-realgymnasium-bildung-icons-1.png\"><img loading=\"lazy\" class=\"wp-image-57596 size-thumbnail alignnone\" src=\"http:\/\/www.lichtenfels.at\/neu\/wp-content\/uploads\/2018\/09\/4-bg-brg-lichtenfels-schule-graz-gymnasium-realgymnasium-bildung-icons-1-150x150.png\" alt=\"\" width=\"150\" height=\"150\" srcset=\"https:\/\/www.lichtenfels.at\/wp-content\/uploads\/2018\/09\/4-bg-brg-lichtenfels-schule-graz-gymnasium-realgymnasium-bildung-icons-1-150x150.png 150w, https:\/\/www.lichtenfels.at\/wp-content\/uploads\/2018\/09\/4-bg-brg-lichtenfels-schule-graz-gymnasium-realgymnasium-bildung-icons-1-60x60.png 60w, https:\/\/www.lichtenfels.at\/wp-content\/uploads\/2018\/09\/4-bg-brg-lichtenfels-schule-graz-gymnasium-realgymnasium-bildung-icons-1.png 250w\" sizes=\"(max-width: 150px) 100vw, 150px\" \/><\/a><\/p>\n<!-- wp:file {\"id\":911588,\"href\":\"https:\/\/www.lichtenfels.at\/wp-content\/uploads\/2024\/09\/24_25_Uebersicht_Unverbindliche-Uebungen-1.pdf\",\"displayPreview\":true} -->\n<div class=\"wp-block-file\"><object class=\"wp-block-file__embed\" style=\"width: 100%; height: 600px;\" data=\"https:\/\/www.lichtenfels.at\/wp-content\/uploads\/2025\/09\/25_26_Uebersicht_Unverbindliche-Uebungen.pdf\" type=\"application\/pdf\" width=\"300\" height=\"150\" aria-label=\"Einbettung von Unverbindliche \u00dcbungen 2025\/26 - \u00dcbersicht.\"><\/object><a id=\"wp-block-file--media-fda6d22b-f07c-4ed9-9274-5e2300d37ec3\" href=\"https:\/\/www.lichtenfels.at\/wp-content\/uploads\/2025\/09\/25_26_Uebersicht_Unverbindliche-Uebungen.pdf\" target=\"_blank\" rel=\"noopener\">Unverbindliche \u00dcbungen 2025\/26 &#8211; \u00dcbersicht <\/a><a class=\"wp-block-file__button\" href=\"https:\/\/www.lichtenfels.at\/wp-content\/uploads\/2025\/09\/25_26_Uebersicht_Unverbindliche-Uebungen.pdf\" download=\"\" aria-describedby=\"wp-block-file--media-fda6d22b-f07c-4ed9-9274-5e2300d37ec3\">Herunterladen<\/a><\/div>\n<!-- \/wp:file -->\t\t\t\t\t\t<\/div>\n\t\t\t\t<\/div>\n\t\t\t\t\t<\/div>\n\t\t<\/div>\n\t\t\t\t\t<\/div>\n\t\t<\/section>\n\t\t\t\t<\/div>\n\t\t","protected":false},"excerpt":{"rendered":"<p>Vertiefe deine St\u00e4rken durch Freigegenst\u00e4nde &amp; unverbindliche \u00dcbungen Olympdiaden: Chemie, Mathematik, Physik Sprachwettbewerbe: Franz\u00f6sisch, Italienisch, Latein Einf\u00fchrung in das wissenschaftliche Arbeiten (VWA-Kurse) Unternehmerf\u00fchrerschein Peermediation Darstellendes Spiel Chorgesang Bildnerisches Gestalten \u00a0\u00a0\u00a0\u00a0\u00a0\u00a0\u00a0\u00a0\u00a0\u00a0\u00a0\u00a0\u00a0\u00a0\u00a0\u00a0\u00a0\u00a0\u00a0\u00a0\u00a0\u00a0\u00a0\u00a0\u2026 <a href=\"https:\/\/www.lichtenfels.at\/neu\/angebot\/lehrangebot\/freigegenstaende\/\" class=\"read-more-link\">weiterlesen &rarr;<\/a><\/p>\n","protected":false},"author":3,"featured_media":0,"parent":19075,"menu_order":2,"comment_status":"closed","ping_status":"closed","template":"","meta":[],"_links":{"self":[{"href":"https:\/\/www.lichtenfels.at\/neu\/wp-json\/wp\/v2\/pages\/94465"}],"collection":[{"href":"https:\/\/www.lichtenfels.at\/neu\/wp-json\/wp\/v2\/pages"}],"about":[{"href":"https:\/\/www.lichtenfels.at\/neu\/wp-json\/wp\/v2\/types\/page"}],"author":[{"embeddable":true,"href":"https:\/\/www.lichtenfels.at\/neu\/wp-json\/wp\/v2\/users\/3"}],"replies":[{"embeddable":true,"href":"https:\/\/www.lichtenfels.at\/neu\/wp-json\/wp\/v2\/comments?post=94465"}],"version-history":[{"count":17,"href":"https:\/\/www.lichtenfels.at\/neu\/wp-json\/wp\/v2\/pages\/94465\/revisions"}],"predecessor-version":[{"id":1031004,"href":"https:\/\/www.lichtenfels.at\/neu\/wp-json\/wp\/v2\/pages\/94465\/revisions\/1031004"}],"up":[{"embeddable":true,"href":"https:\/\/www.lichtenfels.at\/neu\/wp-json\/wp\/v2\/pages\/19075"}],"wp:attachment":[{"href":"https:\/\/www.lichtenfels.at\/neu\/wp-json\/wp\/v2\/media?parent=94465"}],"curies":[{"name":"wp","href":"https:\/\/api.w.org\/{rel}","templated":true}]}}