{"id":968591,"date":"2025-02-11T13:23:02","date_gmt":"2025-02-11T12:23:02","guid":{"rendered":"https:\/\/www.lichtenfels.at\/neu\/?page_id=968591"},"modified":"2025-02-11T20:28:00","modified_gmt":"2025-02-11T19:28:00","slug":"schule-braucht-erinnerung-gedenkjahr-2025","status":"publish","type":"page","link":"https:\/\/www.lichtenfels.at\/neu\/schule-braucht-erinnerung-gedenkjahr-2025\/","title":{"rendered":"Schule braucht Erinnerung &#8211; Gedenkjahr 2025"},"content":{"rendered":"\n<div class=\"wp-block-media-text alignwide is-stacked-on-mobile\" style=\"grid-template-columns:30% auto\"><figure class=\"wp-block-media-text__media\"><a href=\"https:\/\/www.lichtenfels.at\/wp-content\/uploads\/2025\/02\/Schule-braucht-Erinnerung-Gedenkjahr-2025-Einladung-website.pdf\" target=\"_blank\" rel=\"noreferrer noopener\"><img fetchpriority=\"high\" width=\"683\" height=\"516\" src=\"https:\/\/www.lichtenfels.at\/wp-content\/uploads\/2025\/02\/DVD-cropped.jpg\" alt=\"\" class=\"wp-image-968953 size-full\" srcset=\"https:\/\/www.lichtenfels.at\/wp-content\/uploads\/2025\/02\/DVD-cropped.jpg 683w, https:\/\/www.lichtenfels.at\/wp-content\/uploads\/2025\/02\/DVD-cropped-300x227.jpg 300w\" sizes=\"(max-width: 683px) 100vw, 683px\" \/><\/a><\/figure><div class=\"wp-block-media-text__content\">\n<p><mark style=\"background-color:rgba(0, 0, 0, 0)\" class=\"has-inline-color has-vivid-red-color\"><strong>Donnerstag, 13. M\u00e4rz 2025, 19.00 Uhr<\/strong> <\/mark><br>Musiksaal BG\/BRG Lichtenfels<br>\u00f6ffentliche Filmvorf\u00fchrung<br><a rel=\"noreferrer noopener\" href=\"https:\/\/www.lichtenfels.at\/wp-content\/uploads\/2025\/02\/Schule-braucht-Erinnerung-Gedenkjahr-2025-Einladung-website.pdf\" target=\"_blank\"><strong>>> Informationen zum Gedenkjahr<\/strong><\/a><br><a rel=\"noreferrer noopener\" href=\"https:\/\/forms.office.com\/e\/qVP1bBf4EJ\" target=\"_blank\"><strong>>> Anmeldung zur Filmvorf\u00fchrung<\/strong><\/a><\/p>\n<\/div><\/div>\n","protected":false},"excerpt":{"rendered":"<p>Donnerstag, 13. M\u00e4rz 2025, 19.00 Uhr Musiksaal BG\/BRG Lichtenfels\u00f6ffentliche Filmvorf\u00fchrung>> Informationen zum Gedenkjahr>> Anmeldung zur Filmvorf\u00fchrung<\/p>\n","protected":false},"author":22,"featured_media":0,"parent":0,"menu_order":0,"comment_status":"closed","ping_status":"closed","template":"","meta":[],"_links":{"self":[{"href":"https:\/\/www.lichtenfels.at\/neu\/wp-json\/wp\/v2\/pages\/968591"}],"collection":[{"href":"https:\/\/www.lichtenfels.at\/neu\/wp-json\/wp\/v2\/pages"}],"about":[{"href":"https:\/\/www.lichtenfels.at\/neu\/wp-json\/wp\/v2\/types\/page"}],"author":[{"embeddable":true,"href":"https:\/\/www.lichtenfels.at\/neu\/wp-json\/wp\/v2\/users\/22"}],"replies":[{"embeddable":true,"href":"https:\/\/www.lichtenfels.at\/neu\/wp-json\/wp\/v2\/comments?post=968591"}],"version-history":[{"count":5,"href":"https:\/\/www.lichtenfels.at\/neu\/wp-json\/wp\/v2\/pages\/968591\/revisions"}],"predecessor-version":[{"id":969878,"href":"https:\/\/www.lichtenfels.at\/neu\/wp-json\/wp\/v2\/pages\/968591\/revisions\/969878"}],"wp:attachment":[{"href":"https:\/\/www.lichtenfels.at\/neu\/wp-json\/wp\/v2\/media?parent=968591"}],"curies":[{"name":"wp","href":"https:\/\/api.w.org\/{rel}","templated":true}]}}