{"id":971543,"date":"2025-02-13T22:43:37","date_gmt":"2025-02-13T21:43:37","guid":{"rendered":"https:\/\/www.lichtenfels.at\/neu\/?page_id=971543"},"modified":"2025-02-13T23:17:42","modified_gmt":"2025-02-13T22:17:42","slug":"dinama-kooperationsschule","status":"publish","type":"page","link":"https:\/\/www.lichtenfels.at\/neu\/schule\/kooperationen\/dinama-kooperationsschule\/","title":{"rendered":"DINAMA-Kooperationsschule"},"content":{"rendered":"\n<div class=\"wp-container-3 wp-block-columns\">\n<div class=\"wp-container-1 wp-block-column\" style=\"flex-basis:66.66%\">\n<p>Wir freuen uns, dass das BG\/BRG Lichtenfels als DINAMA-Kooperationsschule anerkannt ist! Im Rahmen der Kooperation mit dem&nbsp;<strong>Didaktikzentrum f\u00fcr Naturwissenschaften (DINAMA)<\/strong>&nbsp;der Universit\u00e4t Graz st\u00e4rken wir unsere naturwissenschaftliche Ausrichtung und profitieren von einem engen Austausch mit f\u00fchrenden Expert:innen in den Bereichen Mathematik, Informatik, Naturwissenschaften und Technik (MINT).<\/p>\n<\/div>\n\n\n\n<div class=\"wp-container-2 wp-block-column\" style=\"flex-basis:33.33%\">\n<figure class=\"wp-block-image size-large is-style-rounded\"><img fetchpriority=\"high\" width=\"1024\" height=\"768\" src=\"https:\/\/www.lichtenfels.at\/wp-content\/uploads\/2025\/02\/DINAMAKooperation-1024x768.jpeg\" alt=\"\" class=\"wp-image-970365\" srcset=\"https:\/\/www.lichtenfels.at\/wp-content\/uploads\/2025\/02\/DINAMAKooperation-1024x768.jpeg 1024w, https:\/\/www.lichtenfels.at\/wp-content\/uploads\/2025\/02\/DINAMAKooperation-300x225.jpeg 300w, https:\/\/www.lichtenfels.at\/wp-content\/uploads\/2025\/02\/DINAMAKooperation-768x576.jpeg 768w, https:\/\/www.lichtenfels.at\/wp-content\/uploads\/2025\/02\/DINAMAKooperation-1536x1152.jpeg 1536w, https:\/\/www.lichtenfels.at\/wp-content\/uploads\/2025\/02\/DINAMAKooperation-2048x1536.jpeg 2048w\" sizes=\"(max-width: 1024px) 100vw, 1024px\" \/><\/figure>\n<\/div>\n<\/div>\n\n\n\n<p>Das Ziel der DINAMA-Kooperation ist es, den naturwissenschaftlichen Unterricht an Schulen zu f\u00f6rdern und innovative Lehrkonzepte zu entwickeln. Durch diese Zusammenarbeit erhalten unsere Lehrer:innen Zugang zu neuesten wissenschaftlichen Erkenntnissen, Fortbildungen und praxisorientierten Unterrichtsmaterialien, die direkt in den Schulalltag integriert werden k\u00f6nnen.<\/p>\n\n\n\n<p>Unsere Sch\u00fcler:innen profitieren ebenfalls von der Kooperation: Sie k\u00f6nnen spannende Workshops, Vortr\u00e4ge und Exkursionen erleben, die von Wissenschaftler:innen der Universit\u00e4t Graz begleitet werden. Dies erm\u00f6glicht nicht nur eine praxisnahe Auseinandersetzung mit naturwissenschaftlichen Themen, sondern weckt auch Begeisterung und Interesse f\u00fcr zuk\u00fcnftige Studien- und Berufsm\u00f6glichkeiten im MINT-Bereich.<\/p>\n\n\n\n<div class=\"wp-container-6 wp-block-columns\">\n<div class=\"wp-container-4 wp-block-column\" style=\"flex-basis:20%\">\n<figure class=\"wp-block-image size-full\"><img width=\"600\" height=\"400\" src=\"https:\/\/www.lichtenfels.at\/wp-content\/uploads\/2025\/01\/DINAMA_Logo_c5f7978db3.jpeg\" alt=\"\" class=\"wp-image-963446\" srcset=\"https:\/\/www.lichtenfels.at\/wp-content\/uploads\/2025\/01\/DINAMA_Logo_c5f7978db3.jpeg 600w, https:\/\/www.lichtenfels.at\/wp-content\/uploads\/2025\/01\/DINAMA_Logo_c5f7978db3-300x200.jpeg 300w\" sizes=\"(max-width: 600px) 100vw, 600px\" \/><\/figure>\n<\/div>\n\n\n\n<div class=\"wp-container-5 wp-block-column\" style=\"flex-basis:66.66%\">\n<p>Wir sind stolz darauf, Teil dieses Netzwerks zu sein und die Chance zu haben, unseren naturwissenschaftlichen Unterricht weiterzuentwickeln.<\/p>\n\n\n\n<p>Weitere Informationen zur DINAMA-Kooperation finden Sie\u00a0<a href=\"https:\/\/dinama.uni-graz.at\/de\/schule\/#c617520\" target=\"_blank\" rel=\"noreferrer noopener\">hier<\/a>.<\/p>\n<\/div>\n<\/div>\n\n\n<p><h1 class=\"title\"><span>Aktuelles<\/span><\/h1><\/p>\n\n<ul class=\"wp-block-latest-posts__list wp-block-latest-posts\"><li><a class=\"wp-block-latest-posts__post-title\" href=\"https:\/\/www.lichtenfels.at\/neu\/lange-nacht-der-mathematik\/\">Lange Nacht der Mathematik<\/a><div class=\"wp-block-latest-posts__post-excerpt\">Am 13.03. und 24.03. lud das Lichtenfels-Mathematik-Team zur \u201eLangen Nacht der Mathematik\u201c ein \u2013 und zahlreiche Sch\u00fcler*innen der ersten und zweiten Klassen folgten dieser Einladung. Sie erlebten einen spannenden und abwechslungsreichen Abend rund um die Welt der Mathematik. Auf dem Universit\u00e4tsgel\u00e4nde wurde bei einer mathematischen Schatzsuche ger\u00e4tselt, im Workshop zu mathematischen Zaubereien lernten die Teilnehmenden\u2026 <a href=\"https:\/\/www.lichtenfels.at\/neu\/lange-nacht-der-mathematik\/\" class=\"read-more-link\">weiterlesen &rarr;<\/a><\/div><\/li>\n<li><a class=\"wp-block-latest-posts__post-title\" href=\"https:\/\/www.lichtenfels.at\/neu\/bronze-medaille-beim-mathe-mix-doppel\/\">Bronze Medaille beim Mathe-Mix Doppel<\/a><div class=\"wp-block-latest-posts__post-excerpt\">Das Mathe-Mix Doppel ist ein seit dem Vorjahr stattfindender Mathematikwettbewerb f\u00fcr Kinder zwischen 10 und 12 Jahren. Jedes Team besteht jeweils aus einem M\u00e4dchen und einem Jungen, derselben Schulstufe und gemeinsam werden knifflige Mathematikaufgaben gel\u00f6st.\u00a0 Die Vorrunde fand jeweils an der eigenen Schule bereits im Dezember 2024 statt. Am BG\/BRG Lichtenfels haben sich 30 Kinder\u2026 <a href=\"https:\/\/www.lichtenfels.at\/neu\/bronze-medaille-beim-mathe-mix-doppel\/\" class=\"read-more-link\">weiterlesen &rarr;<\/a><\/div><\/li>\n<li><a class=\"wp-block-latest-posts__post-title\" href=\"https:\/\/www.lichtenfels.at\/neu\/einladung-lange-nacht-der-mathematik\/\">Einladung: Lange Nacht der Mathematik<\/a><div class=\"wp-block-latest-posts__post-excerpt\">Liebe Erziehungsberechtigte, das MINKT-Team des BG\/BRG Lichtenfels l\u00e4dt alle Sch\u00fcler:innen der 1. und 2. Klassen herzlich zur &#8222;Langen Nacht der Mathematik&#8220; am Donnerstag, 13. M\u00e4rz 2025 ein. Diese spannende Veranstaltung bietet den Kindern die M\u00f6glichkeit, gemeinsam mathematische R\u00e4tsel und Knobelaufgaben zu l\u00f6sen und die Faszination der Mathematik auf spielerische Weise zu erleben. Anmeldeschluss ist Mittwoch,\u2026 <a href=\"https:\/\/www.lichtenfels.at\/neu\/einladung-lange-nacht-der-mathematik\/\" class=\"read-more-link\">weiterlesen &rarr;<\/a><\/div><\/li>\n<li><a class=\"wp-block-latest-posts__post-title\" href=\"https:\/\/www.lichtenfels.at\/neu\/dinama-kooperationsschule\/\">DINAMA-Kooperationsschule<\/a><div class=\"wp-block-latest-posts__post-excerpt\">Wir freuen uns, dass das BG\/BRG Lichtenfels nun offiziell als DINAMA-Kooperationsschule anerkannt ist! Im Rahmen der Kooperation mit dem\u00a0Didaktikzentrum f\u00fcr Naturwissenschaften (DINAMA)\u00a0der Universit\u00e4t Graz st\u00e4rken wir unsere naturwissenschaftliche Ausrichtung und profitieren von einem engen Austausch mit f\u00fchrenden Expert:innen in den Bereichen Mathematik, Informatik, Naturwissenschaften und Technik (MINT). &nbsp; Das Ziel der DINAMA-Kooperation ist es, den\u2026 <a href=\"https:\/\/www.lichtenfels.at\/neu\/dinama-kooperationsschule\/\" class=\"read-more-link\">weiterlesen &rarr;<\/a><\/div><\/li>\n<\/ul>","protected":false},"excerpt":{"rendered":"<p>Wir freuen uns, dass das BG\/BRG Lichtenfels als DINAMA-Kooperationsschule anerkannt ist! Im Rahmen der Kooperation mit dem&nbsp;Didaktikzentrum f\u00fcr Naturwissenschaften (DINAMA)&nbsp;der Universit\u00e4t Graz st\u00e4rken wir unsere naturwissenschaftliche Ausrichtung und profitieren von\u2026 <a href=\"https:\/\/www.lichtenfels.at\/neu\/schule\/kooperationen\/dinama-kooperationsschule\/\" class=\"read-more-link\">weiterlesen &rarr;<\/a><\/p>\n","protected":false},"author":3,"featured_media":0,"parent":18403,"menu_order":0,"comment_status":"closed","ping_status":"closed","template":"","meta":[],"_links":{"self":[{"href":"https:\/\/www.lichtenfels.at\/neu\/wp-json\/wp\/v2\/pages\/971543"}],"collection":[{"href":"https:\/\/www.lichtenfels.at\/neu\/wp-json\/wp\/v2\/pages"}],"about":[{"href":"https:\/\/www.lichtenfels.at\/neu\/wp-json\/wp\/v2\/types\/page"}],"author":[{"embeddable":true,"href":"https:\/\/www.lichtenfels.at\/neu\/wp-json\/wp\/v2\/users\/3"}],"replies":[{"embeddable":true,"href":"https:\/\/www.lichtenfels.at\/neu\/wp-json\/wp\/v2\/comments?post=971543"}],"version-history":[{"count":13,"href":"https:\/\/www.lichtenfels.at\/neu\/wp-json\/wp\/v2\/pages\/971543\/revisions"}],"predecessor-version":[{"id":974902,"href":"https:\/\/www.lichtenfels.at\/neu\/wp-json\/wp\/v2\/pages\/971543\/revisions\/974902"}],"up":[{"embeddable":true,"href":"https:\/\/www.lichtenfels.at\/neu\/wp-json\/wp\/v2\/pages\/18403"}],"wp:attachment":[{"href":"https:\/\/www.lichtenfels.at\/neu\/wp-json\/wp\/v2\/media?parent=971543"}],"curies":[{"name":"wp","href":"https:\/\/api.w.org\/{rel}","templated":true}]}}